{"id":36171,"date":"2026-03-06T11:57:32","date_gmt":"2026-03-06T10:57:32","guid":{"rendered":"https:\/\/www.konerefrigeration.com\/empresa\/"},"modified":"2026-03-23T10:17:04","modified_gmt":"2026-03-23T09:17:04","slug":"empresa","status":"publish","type":"page","link":"https:\/\/www.konerefrigeration.com\/es\/empresa\/","title":{"rendered":"Empresa"},"content":{"rendered":"\t\t<div data-elementor-type=\"wp-post\" data-elementor-id=\"36171\" class=\"elementor elementor-36171 elementor-333\" data-elementor-post-type=\"page\">\n\t\t\t\t\t\t<section class=\"elementor-section elementor-top-section elementor-element elementor-element-4804585 elementor-section-items-bottom elementor-section-full_width elementor-section-height-min-height elementor-section-stretched elementor-section-height-default\" data-id=\"4804585\" data-element_type=\"section\" data-e-type=\"section\" data-settings=\"{&quot;background_background&quot;:&quot;classic&quot;,&quot;stretch_section&quot;:&quot;section-stretched&quot;}\">\n\t\t\t\t\t\t<div class=\"elementor-container elementor-column-gap-default\">\n\t\t\t\t\t<div class=\"elementor-column elementor-col-100 elementor-top-column elementor-element elementor-element-e0b3a72\" data-id=\"e0b3a72\" data-element_type=\"column\" data-e-type=\"column\">\n\t\t\t<div class=\"elementor-widget-wrap elementor-element-populated\">\n\t\t\t\t\t\t<div class=\"elementor-element elementor-element-f21834b elementor-widget elementor-widget-text-editor\" data-id=\"f21834b\" data-element_type=\"widget\" data-e-type=\"widget\" data-widget_type=\"text-editor.default\">\n\t\t\t\t<div class=\"elementor-widget-container\">\n\t\t\t\t\t\t\t\t\tEmpresa\t\t\t\t\t\t\t\t<\/div>\n\t\t\t\t<\/div>\n\t\t\t\t\t<\/div>\n\t\t<\/div>\n\t\t\t\t\t<\/div>\n\t\t<\/section>\n\t\t\t\t<section class=\"elementor-section elementor-top-section elementor-element elementor-element-8734562 elementor-section-full_width elementor-section-height-default elementor-section-height-default\" data-id=\"8734562\" data-element_type=\"section\" data-e-type=\"section\">\n\t\t\t\t\t\t<div class=\"elementor-container elementor-column-gap-no\">\n\t\t\t\t\t<div class=\"elementor-column elementor-col-100 elementor-top-column elementor-element elementor-element-a75e053\" data-id=\"a75e053\" data-element_type=\"column\" data-e-type=\"column\">\n\t\t\t<div class=\"elementor-widget-wrap elementor-element-populated\">\n\t\t\t\t\t\t<div class=\"elementor-element elementor-element-6428a4f elementor-widget elementor-widget-raven-image\" data-id=\"6428a4f\" data-element_type=\"widget\" data-e-type=\"widget\" data-widget_type=\"raven-image.default\">\n\t\t\t\t<div class=\"elementor-widget-container\">\n\t\t\t\t\t\t\t<div class=\"raven-image\">\n\t\t\n\t\t\n\t\t<img fetchpriority=\"high\" decoding=\"async\" width=\"1920\" height=\"1080\" src=\"https:\/\/www.konerefrigeration.com\/wp-content\/uploads\/2023\/07\/Visual-Azienda.jpg\" class=\"attachment-2048x2048 size-2048x2048 wp-image-36176\" alt=\"\" srcset=\"https:\/\/www.konerefrigeration.com\/wp-content\/uploads\/2023\/07\/Visual-Azienda.jpg 1920w, https:\/\/www.konerefrigeration.com\/wp-content\/uploads\/2023\/07\/Visual-Azienda-600x338.jpg 600w, https:\/\/www.konerefrigeration.com\/wp-content\/uploads\/2023\/07\/Visual-Azienda-300x169.jpg 300w, https:\/\/www.konerefrigeration.com\/wp-content\/uploads\/2023\/07\/Visual-Azienda-1024x576.jpg 1024w, https:\/\/www.konerefrigeration.com\/wp-content\/uploads\/2023\/07\/Visual-Azienda-768x432.jpg 768w, https:\/\/www.konerefrigeration.com\/wp-content\/uploads\/2023\/07\/Visual-Azienda-1536x864.jpg 1536w\" sizes=\"(max-width: 1920px) 100vw, 1920px\" \/>\t\t<\/div>\n\t\t\t\t\t\t<\/div>\n\t\t\t\t<\/div>\n\t\t\t\t\t<\/div>\n\t\t<\/div>\n\t\t\t\t\t<\/div>\n\t\t<\/section>\n\t\t\t\t<section class=\"elementor-section elementor-top-section elementor-element elementor-element-091f5e1 elementor-section-boxed elementor-section-height-default elementor-section-height-default\" data-id=\"091f5e1\" data-element_type=\"section\" data-e-type=\"section\">\n\t\t\t\t\t\t<div class=\"elementor-container elementor-column-gap-default\">\n\t\t\t\t\t<div class=\"elementor-column elementor-col-100 elementor-top-column elementor-element elementor-element-9dd7121\" data-id=\"9dd7121\" data-element_type=\"column\" data-e-type=\"column\">\n\t\t\t<div class=\"elementor-widget-wrap elementor-element-populated\">\n\t\t\t\t\t\t<div class=\"elementor-element elementor-element-96493e4 elementor-widget elementor-widget-breadcrumbs\" data-id=\"96493e4\" data-element_type=\"widget\" data-e-type=\"widget\" data-widget_type=\"breadcrumbs.default\">\n\t\t\t\t<div class=\"elementor-widget-container\">\n\t\t\t\t\t<p id=\"breadcrumbs\"><span><span><a href=\"https:\/\/www.konerefrigeration.com\/es\/\">Home<\/a><\/span><\/span><\/p>\t\t\t\t<\/div>\n\t\t\t\t<\/div>\n\t\t\t\t<div class=\"elementor-element elementor-element-0328a36 elementor-widget elementor-widget-heading\" data-id=\"0328a36\" data-element_type=\"widget\" data-e-type=\"widget\" data-widget_type=\"heading.default\">\n\t\t\t\t<div class=\"elementor-widget-container\">\n\t\t\t\t\t<h2 class=\"elementor-heading-title elementor-size-default\"><span class=\"blue\">K-ONE<\/span> es profesionalidad y fiabilidad made in GEMM.<\/h2>\t\t\t\t<\/div>\n\t\t\t\t<\/div>\n\t\t\t\t<div class=\"elementor-element elementor-element-c70e3f7 elementor-widget__width-inherit elementor-widget elementor-widget-text-editor\" data-id=\"c70e3f7\" data-element_type=\"widget\" data-e-type=\"widget\" data-widget_type=\"text-editor.default\">\n\t\t\t\t<div class=\"elementor-widget-container\">\n\t\t\t\t\t\t\t\t\t<p><strong>K-ONE<\/strong> es una marca <strong>GEMM<\/strong>, empresa l\u00edder en el mundo de la refrigeraci\u00f3n profesional que, gracias a <strong>est\u00e1ndares calidadivos elevados, <\/strong>a una <strong>filosof\u00eda orientada hacia la satisfacci\u00f3n del cliente y hacia inversiones constantes<\/strong> <strong>en innovaci\u00f3n<\/strong>, ha consolidado una s\u00f3lida presencia en los <strong>mercados nacionales e internacionales.<\/strong><br \/>Durante los a\u00f1os, GEMM ha implementado un programa de desarrollo significativo con la ampliaci\u00f3n de la sede principal y la adquisici\u00f3n de una segunda planta, cubriendo un total de 8500 m2. Al mismo tiempo, inversiones consistentes en tecnolog\u00edas productivas avanzadas, entre las cuales prensas de planchas calefactadas y dosificadoras de alta presi\u00f3n, han permitido optimizar a\u00fan m\u00e1s los procesos productivos y aumentar la productividad.<\/p>\t\t\t\t\t\t\t\t<\/div>\n\t\t\t\t<\/div>\n\t\t\t\t\t<\/div>\n\t\t<\/div>\n\t\t\t\t\t<\/div>\n\t\t<\/section>\n\t\t\t\t<section class=\"elementor-section elementor-top-section elementor-element elementor-element-77e542b elementor-section-boxed elementor-section-height-default elementor-section-height-default\" data-id=\"77e542b\" data-element_type=\"section\" data-e-type=\"section\">\n\t\t\t\t\t\t<div class=\"elementor-container elementor-column-gap-default\">\n\t\t\t\t\t<div class=\"elementor-column elementor-col-25 elementor-top-column elementor-element elementor-element-376e459\" data-id=\"376e459\" data-element_type=\"column\" data-e-type=\"column\">\n\t\t\t<div class=\"elementor-widget-wrap elementor-element-populated\">\n\t\t\t\t\t\t<div class=\"elementor-element elementor-element-8d7639a elementor-widget elementor-widget-image\" data-id=\"8d7639a\" data-element_type=\"widget\" data-e-type=\"widget\" data-widget_type=\"image.default\">\n\t\t\t\t<div class=\"elementor-widget-container\">\n\t\t\t\t\t\t\t\t\t\t\t\t\t\t\t<img decoding=\"async\" width=\"800\" height=\"600\" src=\"https:\/\/www.konerefrigeration.com\/wp-content\/uploads\/2023\/07\/foto-1-testo-azienda.jpg\" class=\"attachment-full size-full wp-image-36137\" alt=\"\" srcset=\"https:\/\/www.konerefrigeration.com\/wp-content\/uploads\/2023\/07\/foto-1-testo-azienda.jpg 800w, https:\/\/www.konerefrigeration.com\/wp-content\/uploads\/2023\/07\/foto-1-testo-azienda-600x450.jpg 600w, https:\/\/www.konerefrigeration.com\/wp-content\/uploads\/2023\/07\/foto-1-testo-azienda-300x225.jpg 300w, https:\/\/www.konerefrigeration.com\/wp-content\/uploads\/2023\/07\/foto-1-testo-azienda-768x576.jpg 768w\" sizes=\"(max-width: 800px) 100vw, 800px\" \/>\t\t\t\t\t\t\t\t\t\t\t\t\t\t\t<\/div>\n\t\t\t\t<\/div>\n\t\t\t\t\t<\/div>\n\t\t<\/div>\n\t\t\t\t<div class=\"elementor-column elementor-col-25 elementor-top-column elementor-element elementor-element-d0af9f9\" data-id=\"d0af9f9\" data-element_type=\"column\" data-e-type=\"column\">\n\t\t\t<div class=\"elementor-widget-wrap elementor-element-populated\">\n\t\t\t\t\t\t<div class=\"elementor-element elementor-element-dc8ff9c elementor-widget elementor-widget-image\" data-id=\"dc8ff9c\" data-element_type=\"widget\" data-e-type=\"widget\" data-widget_type=\"image.default\">\n\t\t\t\t<div class=\"elementor-widget-container\">\n\t\t\t\t\t\t\t\t\t\t\t\t\t\t\t<img decoding=\"async\" width=\"800\" height=\"533\" src=\"https:\/\/www.konerefrigeration.com\/wp-content\/uploads\/2023\/07\/foto-2-testo-azienda.jpg\" class=\"attachment-full size-full wp-image-36138\" alt=\"\" srcset=\"https:\/\/www.konerefrigeration.com\/wp-content\/uploads\/2023\/07\/foto-2-testo-azienda.jpg 800w, https:\/\/www.konerefrigeration.com\/wp-content\/uploads\/2023\/07\/foto-2-testo-azienda-600x400.jpg 600w, https:\/\/www.konerefrigeration.com\/wp-content\/uploads\/2023\/07\/foto-2-testo-azienda-300x200.jpg 300w, https:\/\/www.konerefrigeration.com\/wp-content\/uploads\/2023\/07\/foto-2-testo-azienda-768x512.jpg 768w\" sizes=\"(max-width: 800px) 100vw, 800px\" \/>\t\t\t\t\t\t\t\t\t\t\t\t\t\t\t<\/div>\n\t\t\t\t<\/div>\n\t\t\t\t\t<\/div>\n\t\t<\/div>\n\t\t\t\t<div class=\"elementor-column elementor-col-25 elementor-top-column elementor-element elementor-element-2be45b2\" data-id=\"2be45b2\" data-element_type=\"column\" data-e-type=\"column\">\n\t\t\t<div class=\"elementor-widget-wrap elementor-element-populated\">\n\t\t\t\t\t\t<div class=\"elementor-element elementor-element-b3b4656 elementor-widget elementor-widget-image\" data-id=\"b3b4656\" data-element_type=\"widget\" data-e-type=\"widget\" data-widget_type=\"image.default\">\n\t\t\t\t<div class=\"elementor-widget-container\">\n\t\t\t\t\t\t\t\t\t\t\t\t\t\t\t<img loading=\"lazy\" decoding=\"async\" width=\"800\" height=\"533\" src=\"https:\/\/www.konerefrigeration.com\/wp-content\/uploads\/2023\/07\/foto-3-testo-azienda.jpg\" class=\"attachment-large size-large wp-image-36139\" alt=\"\" srcset=\"https:\/\/www.konerefrigeration.com\/wp-content\/uploads\/2023\/07\/foto-3-testo-azienda.jpg 800w, https:\/\/www.konerefrigeration.com\/wp-content\/uploads\/2023\/07\/foto-3-testo-azienda-600x400.jpg 600w, https:\/\/www.konerefrigeration.com\/wp-content\/uploads\/2023\/07\/foto-3-testo-azienda-300x200.jpg 300w, https:\/\/www.konerefrigeration.com\/wp-content\/uploads\/2023\/07\/foto-3-testo-azienda-768x512.jpg 768w\" sizes=\"(max-width: 800px) 100vw, 800px\" \/>\t\t\t\t\t\t\t\t\t\t\t\t\t\t\t<\/div>\n\t\t\t\t<\/div>\n\t\t\t\t\t<\/div>\n\t\t<\/div>\n\t\t\t\t<div class=\"elementor-column elementor-col-25 elementor-top-column elementor-element elementor-element-8a2ddae\" data-id=\"8a2ddae\" data-element_type=\"column\" data-e-type=\"column\">\n\t\t\t<div class=\"elementor-widget-wrap elementor-element-populated\">\n\t\t\t\t\t\t<div class=\"elementor-element elementor-element-74702a3 elementor-widget elementor-widget-image\" data-id=\"74702a3\" data-element_type=\"widget\" data-e-type=\"widget\" data-widget_type=\"image.default\">\n\t\t\t\t<div class=\"elementor-widget-container\">\n\t\t\t\t\t\t\t\t\t\t\t\t\t\t\t<img loading=\"lazy\" decoding=\"async\" width=\"800\" height=\"533\" src=\"https:\/\/www.konerefrigeration.com\/wp-content\/uploads\/2023\/07\/foto-4-testo-azienda.jpg\" class=\"attachment-full size-full wp-image-36140\" alt=\"\" srcset=\"https:\/\/www.konerefrigeration.com\/wp-content\/uploads\/2023\/07\/foto-4-testo-azienda.jpg 800w, https:\/\/www.konerefrigeration.com\/wp-content\/uploads\/2023\/07\/foto-4-testo-azienda-600x400.jpg 600w, https:\/\/www.konerefrigeration.com\/wp-content\/uploads\/2023\/07\/foto-4-testo-azienda-300x200.jpg 300w, https:\/\/www.konerefrigeration.com\/wp-content\/uploads\/2023\/07\/foto-4-testo-azienda-768x512.jpg 768w\" sizes=\"(max-width: 800px) 100vw, 800px\" \/>\t\t\t\t\t\t\t\t\t\t\t\t\t\t\t<\/div>\n\t\t\t\t<\/div>\n\t\t\t\t\t<\/div>\n\t\t<\/div>\n\t\t\t\t\t<\/div>\n\t\t<\/section>\n\t\t\t\t<\/div>\n\t\t","protected":false},"excerpt":{"rendered":"<p>K-ONE es profesionalidad y fiabilidad made in GEMM. K-ONE es una marca GEMM, empresa l\u00edder en el mundo de la refrigeraci\u00f3n profesional que, gracias a est\u00e1ndares calidadivos elevados, a una filosof\u00eda orientada hacia la satisfacci\u00f3n del cliente y hacia inversiones constantes en innovaci\u00f3n, ha consolidado una s\u00f3lida presencia en los mercados nacionales e internacionales.Durante los [&hellip;]<\/p>\n","protected":false},"author":2,"featured_media":0,"parent":0,"menu_order":1,"comment_status":"closed","ping_status":"closed","template":"elementor_header_footer","meta":{"_acf_changed":false,"footnotes":""},"class_list":["post-36171","page","type-page","status-publish","hentry"],"acf":[],"yoast_head":"<!-- This site is optimized with the Yoast SEO plugin v27.4 - https:\/\/yoast.com\/product\/yoast-seo-wordpress\/ -->\n<title>Fabricaci\u00f3n de mesas frigor\u00edficas de excelencia | GEMM SRL<\/title>\n<meta name=\"description\" content=\"GEMM SRL es l\u00edder en el sector de la producci\u00f3n de mesas frigor\u00edficas profesionales para la conservaci\u00f3n de alimentos a escala nacional e internacional.\" \/>\n<meta name=\"robots\" content=\"index, follow, max-snippet:-1, max-image-preview:large, max-video-preview:-1\" \/>\n<link rel=\"canonical\" href=\"https:\/\/www.konerefrigeration.com\/es\/empresa\/\" \/>\n<meta property=\"og:locale\" content=\"es_ES\" \/>\n<meta property=\"og:type\" content=\"article\" \/>\n<meta property=\"og:title\" content=\"Fabricaci\u00f3n de mesas frigor\u00edficas de excelencia | GEMM SRL\" \/>\n<meta property=\"og:description\" content=\"GEMM SRL es l\u00edder en el sector de la producci\u00f3n de mesas frigor\u00edficas profesionales para la conservaci\u00f3n de alimentos a escala nacional e internacional.\" \/>\n<meta property=\"og:url\" content=\"https:\/\/www.konerefrigeration.com\/es\/empresa\/\" \/>\n<meta property=\"og:site_name\" content=\"K-One\" \/>\n<meta property=\"article:modified_time\" content=\"2026-03-23T09:17:04+00:00\" \/>\n<meta property=\"og:image\" content=\"https:\/\/www.konerefrigeration.com\/wp-content\/uploads\/2023\/07\/Visual-Azienda.jpg\" \/>\n\t<meta property=\"og:image:width\" content=\"1920\" \/>\n\t<meta property=\"og:image:height\" content=\"1080\" \/>\n\t<meta property=\"og:image:type\" content=\"image\/jpeg\" \/>\n<meta name=\"twitter:card\" content=\"summary_large_image\" \/>\n<meta name=\"twitter:label1\" content=\"Tiempo de lectura\" \/>\n\t<meta name=\"twitter:data1\" content=\"2 minutos\" \/>\n<script type=\"application\/ld+json\" class=\"yoast-schema-graph\">{\"@context\":\"https:\\\/\\\/schema.org\",\"@graph\":[{\"@type\":\"WebPage\",\"@id\":\"https:\\\/\\\/www.konerefrigeration.com\\\/es\\\/empresa\\\/\",\"url\":\"https:\\\/\\\/www.konerefrigeration.com\\\/es\\\/empresa\\\/\",\"name\":\"Fabricaci\u00f3n de mesas frigor\u00edficas de excelencia | GEMM SRL\",\"isPartOf\":{\"@id\":\"https:\\\/\\\/www.konerefrigeration.com\\\/es\\\/#website\"},\"primaryImageOfPage\":{\"@id\":\"https:\\\/\\\/www.konerefrigeration.com\\\/es\\\/empresa\\\/#primaryimage\"},\"image\":{\"@id\":\"https:\\\/\\\/www.konerefrigeration.com\\\/es\\\/empresa\\\/#primaryimage\"},\"thumbnailUrl\":\"https:\\\/\\\/www.konerefrigeration.com\\\/wp-content\\\/uploads\\\/2023\\\/07\\\/Visual-Azienda.jpg\",\"datePublished\":\"2026-03-06T10:57:32+00:00\",\"dateModified\":\"2026-03-23T09:17:04+00:00\",\"description\":\"GEMM SRL es l\u00edder en el sector de la producci\u00f3n de mesas frigor\u00edficas profesionales para la conservaci\u00f3n de alimentos a escala nacional e internacional.\",\"breadcrumb\":{\"@id\":\"https:\\\/\\\/www.konerefrigeration.com\\\/es\\\/empresa\\\/#breadcrumb\"},\"inLanguage\":\"es\",\"potentialAction\":[{\"@type\":\"ReadAction\",\"target\":[\"https:\\\/\\\/www.konerefrigeration.com\\\/es\\\/empresa\\\/\"]}]},{\"@type\":\"ImageObject\",\"inLanguage\":\"es\",\"@id\":\"https:\\\/\\\/www.konerefrigeration.com\\\/es\\\/empresa\\\/#primaryimage\",\"url\":\"https:\\\/\\\/www.konerefrigeration.com\\\/wp-content\\\/uploads\\\/2023\\\/07\\\/Visual-Azienda.jpg\",\"contentUrl\":\"https:\\\/\\\/www.konerefrigeration.com\\\/wp-content\\\/uploads\\\/2023\\\/07\\\/Visual-Azienda.jpg\"},{\"@type\":\"BreadcrumbList\",\"@id\":\"https:\\\/\\\/www.konerefrigeration.com\\\/es\\\/empresa\\\/#breadcrumb\",\"itemListElement\":[{\"@type\":\"ListItem\",\"position\":1,\"name\":\"Home\",\"item\":\"https:\\\/\\\/www.konerefrigeration.com\\\/es\\\/\"},{\"@type\":\"ListItem\",\"position\":2,\"name\":\"Empresa\"}]},{\"@type\":\"WebSite\",\"@id\":\"https:\\\/\\\/www.konerefrigeration.com\\\/es\\\/#website\",\"url\":\"https:\\\/\\\/www.konerefrigeration.com\\\/es\\\/\",\"name\":\"K-One\",\"description\":\"Sistemi refrigerati professionali di alta qualit\u00e0\",\"potentialAction\":[{\"@type\":\"SearchAction\",\"target\":{\"@type\":\"EntryPoint\",\"urlTemplate\":\"https:\\\/\\\/www.konerefrigeration.com\\\/es\\\/?s={search_term_string}\"},\"query-input\":{\"@type\":\"PropertyValueSpecification\",\"valueRequired\":true,\"valueName\":\"search_term_string\"}}],\"inLanguage\":\"es\"}]}<\/script>\n<!-- \/ Yoast SEO plugin. -->","yoast_head_json":{"title":"Fabricaci\u00f3n de mesas frigor\u00edficas de excelencia | GEMM SRL","description":"GEMM SRL es l\u00edder en el sector de la producci\u00f3n de mesas frigor\u00edficas profesionales para la conservaci\u00f3n de alimentos a escala nacional e internacional.","robots":{"index":"index","follow":"follow","max-snippet":"max-snippet:-1","max-image-preview":"max-image-preview:large","max-video-preview":"max-video-preview:-1"},"canonical":"https:\/\/www.konerefrigeration.com\/es\/empresa\/","og_locale":"es_ES","og_type":"article","og_title":"Fabricaci\u00f3n de mesas frigor\u00edficas de excelencia | GEMM SRL","og_description":"GEMM SRL es l\u00edder en el sector de la producci\u00f3n de mesas frigor\u00edficas profesionales para la conservaci\u00f3n de alimentos a escala nacional e internacional.","og_url":"https:\/\/www.konerefrigeration.com\/es\/empresa\/","og_site_name":"K-One","article_modified_time":"2026-03-23T09:17:04+00:00","og_image":[{"width":1920,"height":1080,"url":"https:\/\/www.konerefrigeration.com\/wp-content\/uploads\/2023\/07\/Visual-Azienda.jpg","type":"image\/jpeg"}],"twitter_card":"summary_large_image","twitter_misc":{"Tiempo de lectura":"2 minutos"},"schema":{"@context":"https:\/\/schema.org","@graph":[{"@type":"WebPage","@id":"https:\/\/www.konerefrigeration.com\/es\/empresa\/","url":"https:\/\/www.konerefrigeration.com\/es\/empresa\/","name":"Fabricaci\u00f3n de mesas frigor\u00edficas de excelencia | GEMM SRL","isPartOf":{"@id":"https:\/\/www.konerefrigeration.com\/es\/#website"},"primaryImageOfPage":{"@id":"https:\/\/www.konerefrigeration.com\/es\/empresa\/#primaryimage"},"image":{"@id":"https:\/\/www.konerefrigeration.com\/es\/empresa\/#primaryimage"},"thumbnailUrl":"https:\/\/www.konerefrigeration.com\/wp-content\/uploads\/2023\/07\/Visual-Azienda.jpg","datePublished":"2026-03-06T10:57:32+00:00","dateModified":"2026-03-23T09:17:04+00:00","description":"GEMM SRL es l\u00edder en el sector de la producci\u00f3n de mesas frigor\u00edficas profesionales para la conservaci\u00f3n de alimentos a escala nacional e internacional.","breadcrumb":{"@id":"https:\/\/www.konerefrigeration.com\/es\/empresa\/#breadcrumb"},"inLanguage":"es","potentialAction":[{"@type":"ReadAction","target":["https:\/\/www.konerefrigeration.com\/es\/empresa\/"]}]},{"@type":"ImageObject","inLanguage":"es","@id":"https:\/\/www.konerefrigeration.com\/es\/empresa\/#primaryimage","url":"https:\/\/www.konerefrigeration.com\/wp-content\/uploads\/2023\/07\/Visual-Azienda.jpg","contentUrl":"https:\/\/www.konerefrigeration.com\/wp-content\/uploads\/2023\/07\/Visual-Azienda.jpg"},{"@type":"BreadcrumbList","@id":"https:\/\/www.konerefrigeration.com\/es\/empresa\/#breadcrumb","itemListElement":[{"@type":"ListItem","position":1,"name":"Home","item":"https:\/\/www.konerefrigeration.com\/es\/"},{"@type":"ListItem","position":2,"name":"Empresa"}]},{"@type":"WebSite","@id":"https:\/\/www.konerefrigeration.com\/es\/#website","url":"https:\/\/www.konerefrigeration.com\/es\/","name":"K-One","description":"Sistemi refrigerati professionali di alta qualit\u00e0","potentialAction":[{"@type":"SearchAction","target":{"@type":"EntryPoint","urlTemplate":"https:\/\/www.konerefrigeration.com\/es\/?s={search_term_string}"},"query-input":{"@type":"PropertyValueSpecification","valueRequired":true,"valueName":"search_term_string"}}],"inLanguage":"es"}]}},"_links":{"self":[{"href":"https:\/\/www.konerefrigeration.com\/es\/wp-json\/wp\/v2\/pages\/36171","targetHints":{"allow":["GET"]}}],"collection":[{"href":"https:\/\/www.konerefrigeration.com\/es\/wp-json\/wp\/v2\/pages"}],"about":[{"href":"https:\/\/www.konerefrigeration.com\/es\/wp-json\/wp\/v2\/types\/page"}],"author":[{"embeddable":true,"href":"https:\/\/www.konerefrigeration.com\/es\/wp-json\/wp\/v2\/users\/2"}],"replies":[{"embeddable":true,"href":"https:\/\/www.konerefrigeration.com\/es\/wp-json\/wp\/v2\/comments?post=36171"}],"version-history":[{"count":0,"href":"https:\/\/www.konerefrigeration.com\/es\/wp-json\/wp\/v2\/pages\/36171\/revisions"}],"wp:attachment":[{"href":"https:\/\/www.konerefrigeration.com\/es\/wp-json\/wp\/v2\/media?parent=36171"}],"curies":[{"name":"wp","href":"https:\/\/api.w.org\/{rel}","templated":true}]}}