{"id":36178,"date":"2026-03-06T11:59:41","date_gmt":"2026-03-06T10:59:41","guid":{"rendered":"https:\/\/www.konerefrigeration.com\/home\/"},"modified":"2026-04-21T11:50:19","modified_gmt":"2026-04-21T09:50:19","slug":"home","status":"publish","type":"page","link":"https:\/\/www.konerefrigeration.com\/es\/","title":{"rendered":"Home"},"content":{"rendered":"\t\t<div data-elementor-type=\"wp-post\" data-elementor-id=\"36178\" class=\"elementor elementor-36178 elementor-9\" data-elementor-post-type=\"page\">\n\t\t\t\t\t\t<section class=\"elementor-section elementor-top-section elementor-element elementor-element-6c66cff elementor-section-full_width elementor-section-height-default elementor-section-height-default\" data-id=\"6c66cff\" data-element_type=\"section\" data-e-type=\"section\">\n\t\t\t\t\t\t<div class=\"elementor-container elementor-column-gap-no\">\n\t\t\t\t\t<div class=\"elementor-column elementor-col-100 elementor-top-column elementor-element elementor-element-6d49aae\" data-id=\"6d49aae\" data-element_type=\"column\" data-e-type=\"column\">\n\t\t\t<div class=\"elementor-widget-wrap elementor-element-populated\">\n\t\t\t\t\t\t<div class=\"elementor-element elementor-element-9bfca9f visual elementor-widget elementor-widget-jet-slider\" data-id=\"9bfca9f\" data-element_type=\"widget\" data-e-type=\"widget\" data-settings=\"{&quot;slider_height&quot;:{&quot;unit&quot;:&quot;vh&quot;,&quot;size&quot;:100,&quot;sizes&quot;:[]},&quot;slider_height_tablet&quot;:{&quot;unit&quot;:&quot;px&quot;,&quot;size&quot;:800,&quot;sizes&quot;:[]},&quot;slider_height_mobile&quot;:{&quot;unit&quot;:&quot;px&quot;,&quot;size&quot;:600,&quot;sizes&quot;:[]}}\" data-widget_type=\"jet-slider.default\">\n\t\t\t\t<div class=\"elementor-widget-container\">\n\t\t\t\t\t<div class=\"elementor-jet-slider jet-elements\">\n<div class=\"jet-slider jet-slider__image-exact\" data-settings='{&quot;sliderWidth&quot;:1,&quot;sliderHeight&quot;:1,&quot;sliderNavigation&quot;:false,&quot;sliderNavigationIcon&quot;:&quot;jet-slider__arrow-icon-9bfca9f&quot;,&quot;sliderNaviOnHover&quot;:false,&quot;sliderPagination&quot;:false,&quot;sliderAutoplay&quot;:true,&quot;sliderAutoplayDelay&quot;:2000,&quot;sliderAutoplayOnHover&quot;:&quot;pause&quot;,&quot;sliderFullScreen&quot;:false,&quot;sliderFullscreenIcon&quot;:&quot;jet-slider__fullscreen-icon-9bfca9f&quot;,&quot;sliderShuffle&quot;:false,&quot;sliderLoop&quot;:true,&quot;sliderFadeMode&quot;:false,&quot;slideDistance&quot;:1,&quot;slideDuration&quot;:500,&quot;imageScaleMode&quot;:&quot;exact&quot;,&quot;thumbnails&quot;:false,&quot;thumbnailWidth&quot;:120,&quot;thumbnailHeight&quot;:80,&quot;rightToLeft&quot;:false,&quot;touchswipe&quot;:true,&quot;fractionPag&quot;:false,&quot;fractionPrefix&quot;:&quot;&quot;,&quot;fractionSeparator&quot;:&quot;\\\/&quot;,&quot;fractionSuffix&quot;:&quot;&quot;,&quot;autoSliderHeight&quot;:false}'>\n\t\n<div  class=\"slider-pro\">\n\t<div class=\"jet-slider__arrow-icon-9bfca9f hidden-html\"><\/div><div class=\"jet-slider__fullscreen-icon-9bfca9f hidden-html\"><\/div>\t<div class=\"jet-slider__items sp-slides\">\n\n\n<div  class=\"jet-slider__item sp-slide elementor-repeater-item-7b3e101\"><img decoding=\"async\" class=\"sp-image\" src=\"https:\/\/www.konerefrigeration.com\/wp-content\/uploads\/2023\/03\/header.jpg\" alt=\"Header\" loading=\"lazy\"><div class=\"jet-slider__content sp-layer \" data-position=\"centerCenter\" data-width=\"100%\" data-height=\"100%\" data-horizontal=\"0%\" data-show-transition=\"none\" data-show-duration=\"400\" data-show-delay=\"400\" >\n\t\t<div class=\"jet-slider__content-item\">\n\t\t\t<div class=\"jet-slider__content-inner\"> \n\n\t\t\t\t\t\t<div class=\"jet-slider__button-wrapper\">\t\t\t\t\t\t<\/div><\/div>\n\t\t<\/div>\n\t\t\t<\/div>\n<\/div>\n\n<\/div>\n<\/div>\n<\/div>\n<\/div>\t\t\t\t<\/div>\n\t\t\t\t<\/div>\n\t\t\t\t\t<\/div>\n\t\t<\/div>\n\t\t\t\t\t<\/div>\n\t\t<\/section>\n\t\t\t\t<section class=\"elementor-section elementor-top-section elementor-element elementor-element-643b5ef0 elementor-section-full_width elementor-section-height-default elementor-section-height-default\" data-id=\"643b5ef0\" data-element_type=\"section\" data-e-type=\"section\" data-settings=\"{&quot;background_background&quot;:&quot;classic&quot;}\">\n\t\t\t\t\t\t\t<div class=\"elementor-background-overlay\"><\/div>\n\t\t\t\t\t\t\t<div class=\"elementor-container elementor-column-gap-default\">\n\t\t\t\t\t<div class=\"elementor-column elementor-col-100 elementor-top-column elementor-element elementor-element-34be62d5\" data-id=\"34be62d5\" data-element_type=\"column\" data-e-type=\"column\">\n\t\t\t<div class=\"elementor-widget-wrap elementor-element-populated\">\n\t\t\t\t\t\t<div class=\"elementor-element elementor-element-c5c7a11 elementor-widget elementor-widget-text-editor\" data-id=\"c5c7a11\" data-element_type=\"widget\" data-e-type=\"widget\" data-widget_type=\"text-editor.default\">\n\t\t\t\t<div class=\"elementor-widget-container\">\n\t\t\t\t\t\t\t\t\t<p>K-ONE: tecnolog\u00eda refrigerada para quien trabaja con pasi\u00f3n y precisi\u00f3n.<\/p>\t\t\t\t\t\t\t\t<\/div>\n\t\t\t\t<\/div>\n\t\t\t\t\t<\/div>\n\t\t<\/div>\n\t\t\t\t\t<\/div>\n\t\t<\/section>\n\t\t\t\t<section class=\"elementor-section elementor-top-section elementor-element elementor-element-cdcbc95 elementor-section-full_width elementor-section-height-default elementor-section-height-default\" data-id=\"cdcbc95\" data-element_type=\"section\" data-e-type=\"section\" data-settings=\"{&quot;background_background&quot;:&quot;classic&quot;}\">\n\t\t\t\t\t\t<div class=\"elementor-container elementor-column-gap-custom\">\n\t\t\t\t\t<div class=\"raven-column-link elementor-column elementor-col-25 elementor-top-column elementor-element elementor-element-f1ed877\" data-raven-link=\"\/es\/categoria-de-producto\/bases-y-mesas-refrigeradas\/\" data-raven-link-target=\"_self\" data-id=\"f1ed877\" data-element_type=\"column\" data-e-type=\"column\" data-settings=\"{&quot;background_background&quot;:&quot;gradient&quot;}\">\n\t\t\t<div class=\"elementor-widget-wrap elementor-element-populated\">\n\t\t\t\t\t\t<div class=\"elementor-element elementor-element-83c042c elementor-widget elementor-widget-image\" data-id=\"83c042c\" data-element_type=\"widget\" data-e-type=\"widget\" data-widget_type=\"image.default\">\n\t\t\t\t<div class=\"elementor-widget-container\">\n\t\t\t\t\t\t\t\t\t\t\t\t\t\t\t<img fetchpriority=\"high\" decoding=\"async\" width=\"500\" height=\"500\" src=\"https:\/\/www.konerefrigeration.com\/wp-content\/uploads\/2026\/03\/1-4.png\" class=\"attachment-large size-large wp-image-36953\" alt=\"\" srcset=\"https:\/\/www.konerefrigeration.com\/wp-content\/uploads\/2026\/03\/1-4.png 500w, https:\/\/www.konerefrigeration.com\/wp-content\/uploads\/2026\/03\/1-4-300x300.png 300w, https:\/\/www.konerefrigeration.com\/wp-content\/uploads\/2026\/03\/1-4-150x150.png 150w, https:\/\/www.konerefrigeration.com\/wp-content\/uploads\/2026\/03\/1-4-100x100.png 100w\" sizes=\"(max-width: 500px) 100vw, 500px\" \/>\t\t\t\t\t\t\t\t\t\t\t\t\t\t\t<\/div>\n\t\t\t\t<\/div>\n\t\t\t\t<div class=\"elementor-element elementor-element-cc4e6b7 elementor-widget elementor-widget-text-editor\" data-id=\"cc4e6b7\" data-element_type=\"widget\" data-e-type=\"widget\" data-widget_type=\"text-editor.default\">\n\t\t\t\t<div class=\"elementor-widget-container\">\n\t\t\t\t\t\t\t\t\t<p>Bases y Mesas Refrigeradas<\/p>\t\t\t\t\t\t\t\t<\/div>\n\t\t\t\t<\/div>\n\t\t\t\t\t<\/div>\n\t\t<\/div>\n\t\t\t\t<div class=\"raven-column-link elementor-column elementor-col-25 elementor-top-column elementor-element elementor-element-5c51d80\" data-raven-link=\"\/es\/categoria-de-producto\/armarios-refrigerados\/\" data-raven-link-target=\"_self\" data-id=\"5c51d80\" data-element_type=\"column\" data-e-type=\"column\" data-settings=\"{&quot;background_background&quot;:&quot;gradient&quot;}\">\n\t\t\t<div class=\"elementor-widget-wrap elementor-element-populated\">\n\t\t\t\t\t\t<div class=\"elementor-element elementor-element-11d16af elementor-widget elementor-widget-image\" data-id=\"11d16af\" data-element_type=\"widget\" data-e-type=\"widget\" data-widget_type=\"image.default\">\n\t\t\t\t<div class=\"elementor-widget-container\">\n\t\t\t\t\t\t\t\t\t\t\t\t\t\t\t<img decoding=\"async\" width=\"500\" height=\"500\" src=\"https:\/\/www.konerefrigeration.com\/wp-content\/uploads\/2026\/03\/3-4.png\" class=\"attachment-large size-large wp-image-36954\" alt=\"\" srcset=\"https:\/\/www.konerefrigeration.com\/wp-content\/uploads\/2026\/03\/3-4.png 500w, https:\/\/www.konerefrigeration.com\/wp-content\/uploads\/2026\/03\/3-4-300x300.png 300w, https:\/\/www.konerefrigeration.com\/wp-content\/uploads\/2026\/03\/3-4-150x150.png 150w, https:\/\/www.konerefrigeration.com\/wp-content\/uploads\/2026\/03\/3-4-100x100.png 100w\" sizes=\"(max-width: 500px) 100vw, 500px\" \/>\t\t\t\t\t\t\t\t\t\t\t\t\t\t\t<\/div>\n\t\t\t\t<\/div>\n\t\t\t\t<div class=\"elementor-element elementor-element-155b514 elementor-widget elementor-widget-text-editor\" data-id=\"155b514\" data-element_type=\"widget\" data-e-type=\"widget\" data-widget_type=\"text-editor.default\">\n\t\t\t\t<div class=\"elementor-widget-container\">\n\t\t\t\t\t\t\t\t\t<p>Armarios<br \/>Refrigerados<\/p>\n\t\t\t\t\t\t\t\t<\/div>\n\t\t\t\t<\/div>\n\t\t\t\t\t<\/div>\n\t\t<\/div>\n\t\t\t\t<div class=\"raven-column-link elementor-column elementor-col-25 elementor-top-column elementor-element elementor-element-313ed3d\" data-raven-link=\"\/es\/categoria-de-producto\/abatidores-de-temperatura\/\" data-raven-link-target=\"_self\" data-id=\"313ed3d\" data-element_type=\"column\" data-e-type=\"column\" data-settings=\"{&quot;background_background&quot;:&quot;gradient&quot;}\">\n\t\t\t<div class=\"elementor-widget-wrap elementor-element-populated\">\n\t\t\t\t\t\t<div class=\"elementor-element elementor-element-88e32ce elementor-widget elementor-widget-image\" data-id=\"88e32ce\" data-element_type=\"widget\" data-e-type=\"widget\" data-widget_type=\"image.default\">\n\t\t\t\t<div class=\"elementor-widget-container\">\n\t\t\t\t\t\t\t\t\t\t\t\t\t\t\t<img decoding=\"async\" width=\"500\" height=\"500\" src=\"https:\/\/www.konerefrigeration.com\/wp-content\/uploads\/2026\/03\/2-5.png\" class=\"attachment-large size-large wp-image-36955\" alt=\"\" srcset=\"https:\/\/www.konerefrigeration.com\/wp-content\/uploads\/2026\/03\/2-5.png 500w, https:\/\/www.konerefrigeration.com\/wp-content\/uploads\/2026\/03\/2-5-300x300.png 300w, https:\/\/www.konerefrigeration.com\/wp-content\/uploads\/2026\/03\/2-5-150x150.png 150w, https:\/\/www.konerefrigeration.com\/wp-content\/uploads\/2026\/03\/2-5-100x100.png 100w\" sizes=\"(max-width: 500px) 100vw, 500px\" \/>\t\t\t\t\t\t\t\t\t\t\t\t\t\t\t<\/div>\n\t\t\t\t<\/div>\n\t\t\t\t<div class=\"elementor-element elementor-element-d439656 elementor-widget elementor-widget-text-editor\" data-id=\"d439656\" data-element_type=\"widget\" data-e-type=\"widget\" data-widget_type=\"text-editor.default\">\n\t\t\t\t<div class=\"elementor-widget-container\">\n\t\t\t\t\t\t\t\t\t<p>Abatidores de temperatura<\/p>\n\t\t\t\t\t\t\t\t<\/div>\n\t\t\t\t<\/div>\n\t\t\t\t\t<\/div>\n\t\t<\/div>\n\t\t\t\t<div class=\"raven-column-link elementor-column elementor-col-25 elementor-top-column elementor-element elementor-element-91f108a\" data-raven-link=\"\/es\/categoria-de-producto\/mostradores-para-pizza\/\" data-raven-link-target=\"_self\" data-id=\"91f108a\" data-element_type=\"column\" data-e-type=\"column\" data-settings=\"{&quot;background_background&quot;:&quot;gradient&quot;}\">\n\t\t\t<div class=\"elementor-widget-wrap elementor-element-populated\">\n\t\t\t\t\t\t<div class=\"elementor-element elementor-element-7379ced elementor-widget elementor-widget-image\" data-id=\"7379ced\" data-element_type=\"widget\" data-e-type=\"widget\" data-widget_type=\"image.default\">\n\t\t\t\t<div class=\"elementor-widget-container\">\n\t\t\t\t\t\t\t\t\t\t\t\t\t\t\t<img loading=\"lazy\" decoding=\"async\" width=\"500\" height=\"500\" src=\"https:\/\/www.konerefrigeration.com\/wp-content\/uploads\/2023\/04\/k-one-prodotto-23.png\" class=\"attachment-large size-large wp-image-36135\" alt=\"\" srcset=\"https:\/\/www.konerefrigeration.com\/wp-content\/uploads\/2023\/04\/k-one-prodotto-23.png 500w, https:\/\/www.konerefrigeration.com\/wp-content\/uploads\/2023\/04\/k-one-prodotto-23-300x300.png 300w, https:\/\/www.konerefrigeration.com\/wp-content\/uploads\/2023\/04\/k-one-prodotto-23-100x100.png 100w, https:\/\/www.konerefrigeration.com\/wp-content\/uploads\/2023\/04\/k-one-prodotto-23-150x150.png 150w\" sizes=\"(max-width: 500px) 100vw, 500px\" \/>\t\t\t\t\t\t\t\t\t\t\t\t\t\t\t<\/div>\n\t\t\t\t<\/div>\n\t\t\t\t<div class=\"elementor-element elementor-element-af0c536 elementor-widget elementor-widget-text-editor\" data-id=\"af0c536\" data-element_type=\"widget\" data-e-type=\"widget\" data-widget_type=\"text-editor.default\">\n\t\t\t\t<div class=\"elementor-widget-container\">\n\t\t\t\t\t\t\t\t\t<p>Mesas para Pizzas<\/p>\t\t\t\t\t\t\t\t<\/div>\n\t\t\t\t<\/div>\n\t\t\t\t\t<\/div>\n\t\t<\/div>\n\t\t\t\t\t<\/div>\n\t\t<\/section>\n\t\t\t\t<section class=\"elementor-section elementor-top-section elementor-element elementor-element-9ef906a elementor-section-full_width elementor-section-height-default elementor-section-height-default\" data-id=\"9ef906a\" data-element_type=\"section\" data-e-type=\"section\">\n\t\t\t\t\t\t<div class=\"elementor-container elementor-column-gap-default\">\n\t\t\t\t\t<div class=\"elementor-column elementor-col-50 elementor-top-column elementor-element elementor-element-bb82144\" data-id=\"bb82144\" data-element_type=\"column\" data-e-type=\"column\">\n\t\t\t<div class=\"elementor-widget-wrap elementor-element-populated\">\n\t\t\t\t\t\t<div class=\"elementor-element elementor-element-baa9d80 elementor-widget elementor-widget-heading\" data-id=\"baa9d80\" data-element_type=\"widget\" data-e-type=\"widget\" data-widget_type=\"heading.default\">\n\t\t\t\t<div class=\"elementor-widget-container\">\n\t\t\t\t\t<h1 class=\"elementor-heading-title elementor-size-default\"><span class=\"blue\">K-ONE Simply Fresh:<\/span> l\u00edneas esenciales, \u00a1rendimiento excepcional!<\/h1>\t\t\t\t<\/div>\n\t\t\t\t<\/div>\n\t\t\t\t\t<\/div>\n\t\t<\/div>\n\t\t\t\t<div class=\"elementor-column elementor-col-50 elementor-top-column elementor-element elementor-element-46e233a\" data-id=\"46e233a\" data-element_type=\"column\" data-e-type=\"column\">\n\t\t\t<div class=\"elementor-widget-wrap elementor-element-populated\">\n\t\t\t\t\t\t<div class=\"elementor-element elementor-element-9efb473 elementor-widget elementor-widget-text-editor\" data-id=\"9efb473\" data-element_type=\"widget\" data-e-type=\"widget\" data-widget_type=\"text-editor.default\">\n\t\t\t\t<div class=\"elementor-widget-container\">\n\t\t\t\t\t\t\t\t\t<p><strong>K-ONE<\/strong> desarrolla soluciones para la <strong>refrigeraci\u00f3n profesional<\/strong> pensadas para satisfacer las necesidades de los especialistas del sector que necesitan <strong>fiabilidad, altas prestaciones y facilidad de uso<\/strong> para apoyar las operaciones diarias.<br \/>Una gama completa que incluye<strong> mesas y armarios refrigerados, abatidores r\u00e1pidos de temperatura <\/strong>y <strong>soluciones para la preparaci\u00f3n de bocadillos y pizza<\/strong>, cuidada en cada detalle: de la solidez de la estructura a las prestaciones del impianto termodin\u00e1mico, hasta incluso los acabados.<br \/>Tecnolog\u00edas avanzadas y atenci\u00f3n a los gastos garantizan fiabilidad, eficiencia energ\u00e9tica y resultados constantes durante a lo largo del tiempo.<\/p>\t\t\t\t\t\t\t\t<\/div>\n\t\t\t\t<\/div>\n\t\t\t\t\t<\/div>\n\t\t<\/div>\n\t\t\t\t\t<\/div>\n\t\t<\/section>\n\t\t\t\t<\/div>\n\t\t","protected":false},"excerpt":{"rendered":"<p>K-ONE: tecnolog\u00eda refrigerada para quien trabaja con pasi\u00f3n y precisi\u00f3n. Bases y Mesas Refrigeradas ArmariosRefrigerados Abatidores de temperatura Mesas para Pizzas K-ONE Simply Fresh: l\u00edneas esenciales, \u00a1rendimiento excepcional! K-ONE desarrolla soluciones para la refrigeraci\u00f3n profesional pensadas para satisfacer las necesidades de los especialistas del sector que necesitan fiabilidad, altas prestaciones y facilidad de uso para [&hellip;]<\/p>\n","protected":false},"author":2,"featured_media":0,"parent":0,"menu_order":0,"comment_status":"closed","ping_status":"closed","template":"elementor_header_footer","meta":{"_acf_changed":false,"footnotes":""},"class_list":["post-36178","page","type-page","status-publish","hentry"],"acf":[],"yoast_head":"<!-- This site is optimized with the Yoast SEO plugin v27.4 - https:\/\/yoast.com\/product\/yoast-seo-wordpress\/ -->\n<title>Equipos de refrigeraci\u00f3n profesional | K-ONE<\/title>\n<meta name=\"description\" content=\"Nuevos equipos de refrigeraci\u00f3n de vanguardia y dise\u00f1o para el sector alimentario profesional. Entra en el mundo K-ONE y descubre su amplia gama.\" \/>\n<meta name=\"robots\" content=\"index, follow, max-snippet:-1, max-image-preview:large, max-video-preview:-1\" \/>\n<link rel=\"canonical\" href=\"https:\/\/www.konerefrigeration.com\/es\/\" \/>\n<meta property=\"og:locale\" content=\"es_ES\" \/>\n<meta property=\"og:type\" content=\"article\" \/>\n<meta property=\"og:title\" content=\"Equipos de refrigeraci\u00f3n profesional | K-ONE\" \/>\n<meta property=\"og:description\" content=\"Nuevos equipos de refrigeraci\u00f3n de vanguardia y dise\u00f1o para el sector alimentario profesional. Entra en el mundo K-ONE y descubre su amplia gama.\" \/>\n<meta property=\"og:url\" content=\"https:\/\/www.konerefrigeration.com\/es\/\" \/>\n<meta property=\"og:site_name\" content=\"K-One\" \/>\n<meta property=\"article:modified_time\" content=\"2026-04-21T09:50:19+00:00\" \/>\n<meta property=\"og:image\" content=\"https:\/\/www.konerefrigeration.com\/wp-content\/uploads\/2023\/03\/header.jpg\" \/>\n<meta name=\"twitter:card\" content=\"summary_large_image\" \/>\n<meta name=\"twitter:label1\" content=\"Tiempo de lectura\" \/>\n\t<meta name=\"twitter:data1\" content=\"2 minutos\" \/>\n<script type=\"application\/ld+json\" class=\"yoast-schema-graph\">{\"@context\":\"https:\\\/\\\/schema.org\",\"@graph\":[{\"@type\":\"WebPage\",\"@id\":\"https:\\\/\\\/www.konerefrigeration.com\\\/es\\\/\",\"url\":\"https:\\\/\\\/www.konerefrigeration.com\\\/es\\\/\",\"name\":\"Equipos de refrigeraci\u00f3n profesional | K-ONE\",\"isPartOf\":{\"@id\":\"https:\\\/\\\/www.konerefrigeration.com\\\/es\\\/#website\"},\"primaryImageOfPage\":{\"@id\":\"https:\\\/\\\/www.konerefrigeration.com\\\/es\\\/#primaryimage\"},\"image\":{\"@id\":\"https:\\\/\\\/www.konerefrigeration.com\\\/es\\\/#primaryimage\"},\"thumbnailUrl\":\"https:\\\/\\\/www.konerefrigeration.com\\\/wp-content\\\/uploads\\\/2023\\\/03\\\/header.jpg\",\"datePublished\":\"2026-03-06T10:59:41+00:00\",\"dateModified\":\"2026-04-21T09:50:19+00:00\",\"description\":\"Nuevos equipos de refrigeraci\u00f3n de vanguardia y dise\u00f1o para el sector alimentario profesional. Entra en el mundo K-ONE y descubre su amplia gama.\",\"breadcrumb\":{\"@id\":\"https:\\\/\\\/www.konerefrigeration.com\\\/es\\\/#breadcrumb\"},\"inLanguage\":\"es\",\"potentialAction\":[{\"@type\":\"ReadAction\",\"target\":[\"https:\\\/\\\/www.konerefrigeration.com\\\/es\\\/\"]}]},{\"@type\":\"ImageObject\",\"inLanguage\":\"es\",\"@id\":\"https:\\\/\\\/www.konerefrigeration.com\\\/es\\\/#primaryimage\",\"url\":\"https:\\\/\\\/www.konerefrigeration.com\\\/wp-content\\\/uploads\\\/2023\\\/03\\\/header.jpg\",\"contentUrl\":\"https:\\\/\\\/www.konerefrigeration.com\\\/wp-content\\\/uploads\\\/2023\\\/03\\\/header.jpg\"},{\"@type\":\"BreadcrumbList\",\"@id\":\"https:\\\/\\\/www.konerefrigeration.com\\\/es\\\/#breadcrumb\",\"itemListElement\":[{\"@type\":\"ListItem\",\"position\":1,\"name\":\"Home\",\"item\":\"https:\\\/\\\/www.konerefrigeration.com\\\/es\\\/\"},{\"@type\":\"ListItem\",\"position\":2,\"name\":\"Home\"}]},{\"@type\":\"WebSite\",\"@id\":\"https:\\\/\\\/www.konerefrigeration.com\\\/es\\\/#website\",\"url\":\"https:\\\/\\\/www.konerefrigeration.com\\\/es\\\/\",\"name\":\"K-One\",\"description\":\"Sistemi refrigerati professionali di alta qualit\u00e0\",\"potentialAction\":[{\"@type\":\"SearchAction\",\"target\":{\"@type\":\"EntryPoint\",\"urlTemplate\":\"https:\\\/\\\/www.konerefrigeration.com\\\/es\\\/?s={search_term_string}\"},\"query-input\":{\"@type\":\"PropertyValueSpecification\",\"valueRequired\":true,\"valueName\":\"search_term_string\"}}],\"inLanguage\":\"es\"}]}<\/script>\n<!-- \/ Yoast SEO plugin. -->","yoast_head_json":{"title":"Equipos de refrigeraci\u00f3n profesional | K-ONE","description":"Nuevos equipos de refrigeraci\u00f3n de vanguardia y dise\u00f1o para el sector alimentario profesional. Entra en el mundo K-ONE y descubre su amplia gama.","robots":{"index":"index","follow":"follow","max-snippet":"max-snippet:-1","max-image-preview":"max-image-preview:large","max-video-preview":"max-video-preview:-1"},"canonical":"https:\/\/www.konerefrigeration.com\/es\/","og_locale":"es_ES","og_type":"article","og_title":"Equipos de refrigeraci\u00f3n profesional | K-ONE","og_description":"Nuevos equipos de refrigeraci\u00f3n de vanguardia y dise\u00f1o para el sector alimentario profesional. Entra en el mundo K-ONE y descubre su amplia gama.","og_url":"https:\/\/www.konerefrigeration.com\/es\/","og_site_name":"K-One","article_modified_time":"2026-04-21T09:50:19+00:00","og_image":[{"url":"https:\/\/www.konerefrigeration.com\/wp-content\/uploads\/2023\/03\/header.jpg","type":"","width":"","height":""}],"twitter_card":"summary_large_image","twitter_misc":{"Tiempo de lectura":"2 minutos"},"schema":{"@context":"https:\/\/schema.org","@graph":[{"@type":"WebPage","@id":"https:\/\/www.konerefrigeration.com\/es\/","url":"https:\/\/www.konerefrigeration.com\/es\/","name":"Equipos de refrigeraci\u00f3n profesional | K-ONE","isPartOf":{"@id":"https:\/\/www.konerefrigeration.com\/es\/#website"},"primaryImageOfPage":{"@id":"https:\/\/www.konerefrigeration.com\/es\/#primaryimage"},"image":{"@id":"https:\/\/www.konerefrigeration.com\/es\/#primaryimage"},"thumbnailUrl":"https:\/\/www.konerefrigeration.com\/wp-content\/uploads\/2023\/03\/header.jpg","datePublished":"2026-03-06T10:59:41+00:00","dateModified":"2026-04-21T09:50:19+00:00","description":"Nuevos equipos de refrigeraci\u00f3n de vanguardia y dise\u00f1o para el sector alimentario profesional. Entra en el mundo K-ONE y descubre su amplia gama.","breadcrumb":{"@id":"https:\/\/www.konerefrigeration.com\/es\/#breadcrumb"},"inLanguage":"es","potentialAction":[{"@type":"ReadAction","target":["https:\/\/www.konerefrigeration.com\/es\/"]}]},{"@type":"ImageObject","inLanguage":"es","@id":"https:\/\/www.konerefrigeration.com\/es\/#primaryimage","url":"https:\/\/www.konerefrigeration.com\/wp-content\/uploads\/2023\/03\/header.jpg","contentUrl":"https:\/\/www.konerefrigeration.com\/wp-content\/uploads\/2023\/03\/header.jpg"},{"@type":"BreadcrumbList","@id":"https:\/\/www.konerefrigeration.com\/es\/#breadcrumb","itemListElement":[{"@type":"ListItem","position":1,"name":"Home","item":"https:\/\/www.konerefrigeration.com\/es\/"},{"@type":"ListItem","position":2,"name":"Home"}]},{"@type":"WebSite","@id":"https:\/\/www.konerefrigeration.com\/es\/#website","url":"https:\/\/www.konerefrigeration.com\/es\/","name":"K-One","description":"Sistemi refrigerati professionali di alta qualit\u00e0","potentialAction":[{"@type":"SearchAction","target":{"@type":"EntryPoint","urlTemplate":"https:\/\/www.konerefrigeration.com\/es\/?s={search_term_string}"},"query-input":{"@type":"PropertyValueSpecification","valueRequired":true,"valueName":"search_term_string"}}],"inLanguage":"es"}]}},"_links":{"self":[{"href":"https:\/\/www.konerefrigeration.com\/es\/wp-json\/wp\/v2\/pages\/36178","targetHints":{"allow":["GET"]}}],"collection":[{"href":"https:\/\/www.konerefrigeration.com\/es\/wp-json\/wp\/v2\/pages"}],"about":[{"href":"https:\/\/www.konerefrigeration.com\/es\/wp-json\/wp\/v2\/types\/page"}],"author":[{"embeddable":true,"href":"https:\/\/www.konerefrigeration.com\/es\/wp-json\/wp\/v2\/users\/2"}],"replies":[{"embeddable":true,"href":"https:\/\/www.konerefrigeration.com\/es\/wp-json\/wp\/v2\/comments?post=36178"}],"version-history":[{"count":0,"href":"https:\/\/www.konerefrigeration.com\/es\/wp-json\/wp\/v2\/pages\/36178\/revisions"}],"wp:attachment":[{"href":"https:\/\/www.konerefrigeration.com\/es\/wp-json\/wp\/v2\/media?parent=36178"}],"curies":[{"name":"wp","href":"https:\/\/api.w.org\/{rel}","templated":true}]}}