{"id":36242,"date":"2023-06-15T12:41:30","date_gmt":"2023-06-15T10:41:30","guid":{"rendered":"https:\/\/www.konerefrigeration.com\/prodotto\/kff-82i\/"},"modified":"2026-05-05T15:41:43","modified_gmt":"2026-05-05T13:41:43","slug":"kff-82i","status":"publish","type":"product","link":"https:\/\/www.konerefrigeration.com\/es\/producto\/kff-82i\/","title":{"rendered":"KFF\/82I"},"content":{"rendered":"<p>MESA FAST-FOOD EN &#8211; Mesa de preparaci\u00f3n fast-food con 2 puertas refrigeradas EN, encimera de acero inoxidable profundidad 440, con elemento para cubetas GN con tapa de acero inoxidable (cubetas GN excluidas).<\/p>\n","protected":false},"excerpt":{"rendered":"<p>MESA FAST-FOOD EN &#8211; Mesa de preparaci\u00f3n fast-food con 2 puertas refrigeradas EN, encimera de acero inoxidable profundidad 440, con elemento para cubetas GN con tapa de acero inoxidable (cubetas GN excluidas).<\/p>\n","protected":false},"featured_media":36228,"comment_status":"closed","ping_status":"closed","template":"","meta":{"_acf_changed":false},"product_brand":[],"product_cat":[1089],"product_tag":[1093],"class_list":{"0":"post-36242","1":"product","2":"type-product","3":"status-publish","4":"has-post-thumbnail","6":"product_cat-mostradores-para-pizza","7":"product_tag-pizzeria","8":"pa_capacita-en","9":"pa_porte-1551","10":"pa_profondita-1535","11":"pa_temperatura-2-8c","12":"pa_unita-condensatrice-incorporado","13":"pa_versione-fast-food","15":"first","16":"instock","17":"product-type-simple"},"acf":{"scheda_tecnica":"https:\/\/gemm.datipro.it\/k-one-pdf-datasheet\/es\/02800960","depliant":"","struttura_info":"construcci\u00f3n de acero inoxidable","tipologia_piano":"AISI 304 lisa","tipo_di_refrigerazione_info":"refrigeraci\u00f3n ventilada","elettronica_info":"termostato digital de control","sbrinamento_info":"sistema de desescarche autom\u00e1tico por pausa","evaporazione_acqua_di_condensa_info":"bandeja manual para eliminaci\u00f3n de condensaci\u00f3n","allestimenti_a_richiesta":"","dotazione_info":"2 pares de gu\u00edas por puerta, 1 rejilla 600x400 por puerta","esclusioni_info":"bandejas GN","gas_info":"R290","tensione_info":"1x230V\/50Hz"},"yoast_head":"<!-- This site is optimized with the Yoast SEO plugin v27.4 - https:\/\/yoast.com\/product\/yoast-seo-wordpress\/ -->\n<title>KFF\/82I - K-One<\/title>\n<meta name=\"robots\" content=\"index, follow, max-snippet:-1, max-image-preview:large, max-video-preview:-1\" \/>\n<link rel=\"canonical\" href=\"https:\/\/www.konerefrigeration.com\/es\/producto\/kff-82i\/\" \/>\n<meta property=\"og:locale\" content=\"es_ES\" \/>\n<meta property=\"og:type\" content=\"article\" \/>\n<meta property=\"og:title\" content=\"KFF\/82I - K-One\" \/>\n<meta property=\"og:description\" content=\"MESA FAST-FOOD EN &#8211; Mesa de preparaci\u00f3n fast-food con 2 puertas refrigeradas EN, encimera de acero inoxidable profundidad 440, con elemento para cubetas GN con tapa de acero inoxidable (cubetas GN excluidas).\" \/>\n<meta property=\"og:url\" content=\"https:\/\/www.konerefrigeration.com\/es\/producto\/kff-82i\/\" \/>\n<meta property=\"og:site_name\" content=\"K-One\" \/>\n<meta property=\"article:modified_time\" content=\"2026-05-05T13:41:43+00:00\" \/>\n<meta property=\"og:image\" content=\"https:\/\/www.konerefrigeration.com\/wp-content\/uploads\/2023\/06\/KFF_82l.jpg\" \/>\n\t<meta property=\"og:image:width\" content=\"650\" \/>\n\t<meta property=\"og:image:height\" content=\"650\" \/>\n\t<meta property=\"og:image:type\" content=\"image\/jpeg\" \/>\n<meta name=\"twitter:card\" content=\"summary_large_image\" \/>\n<script type=\"application\/ld+json\" class=\"yoast-schema-graph\">{\"@context\":\"https:\\\/\\\/schema.org\",\"@graph\":[{\"@type\":\"WebPage\",\"@id\":\"https:\\\/\\\/www.konerefrigeration.com\\\/es\\\/producto\\\/kff-82i\\\/\",\"url\":\"https:\\\/\\\/www.konerefrigeration.com\\\/es\\\/producto\\\/kff-82i\\\/\",\"name\":\"KFF\\\/82I - K-One\",\"isPartOf\":{\"@id\":\"https:\\\/\\\/www.konerefrigeration.com\\\/es\\\/#website\"},\"primaryImageOfPage\":{\"@id\":\"https:\\\/\\\/www.konerefrigeration.com\\\/es\\\/producto\\\/kff-82i\\\/#primaryimage\"},\"image\":{\"@id\":\"https:\\\/\\\/www.konerefrigeration.com\\\/es\\\/producto\\\/kff-82i\\\/#primaryimage\"},\"thumbnailUrl\":\"https:\\\/\\\/www.konerefrigeration.com\\\/wp-content\\\/uploads\\\/2023\\\/06\\\/KFF_82l.jpg\",\"datePublished\":\"2023-06-15T10:41:30+00:00\",\"dateModified\":\"2026-05-05T13:41:43+00:00\",\"breadcrumb\":{\"@id\":\"https:\\\/\\\/www.konerefrigeration.com\\\/es\\\/producto\\\/kff-82i\\\/#breadcrumb\"},\"inLanguage\":\"es\",\"potentialAction\":[{\"@type\":\"ReadAction\",\"target\":[\"https:\\\/\\\/www.konerefrigeration.com\\\/es\\\/producto\\\/kff-82i\\\/\"]}]},{\"@type\":\"ImageObject\",\"inLanguage\":\"es\",\"@id\":\"https:\\\/\\\/www.konerefrigeration.com\\\/es\\\/producto\\\/kff-82i\\\/#primaryimage\",\"url\":\"https:\\\/\\\/www.konerefrigeration.com\\\/wp-content\\\/uploads\\\/2023\\\/06\\\/KFF_82l.jpg\",\"contentUrl\":\"https:\\\/\\\/www.konerefrigeration.com\\\/wp-content\\\/uploads\\\/2023\\\/06\\\/KFF_82l.jpg\",\"width\":650,\"height\":650},{\"@type\":\"BreadcrumbList\",\"@id\":\"https:\\\/\\\/www.konerefrigeration.com\\\/es\\\/producto\\\/kff-82i\\\/#breadcrumb\",\"itemListElement\":[{\"@type\":\"ListItem\",\"position\":1,\"name\":\"Home\",\"item\":\"https:\\\/\\\/www.konerefrigeration.com\\\/es\\\/\"},{\"@type\":\"ListItem\",\"position\":2,\"name\":\"Productos\",\"item\":\"https:\\\/\\\/www.konerefrigeration.com\\\/es\\\/productos\\\/\"},{\"@type\":\"ListItem\",\"position\":3,\"name\":\"Mostradores para pizza\",\"item\":\"https:\\\/\\\/www.konerefrigeration.com\\\/es\\\/categoria-de-producto\\\/mostradores-para-pizza\\\/\"},{\"@type\":\"ListItem\",\"position\":4,\"name\":\"KFF\\\/82I\"}]},{\"@type\":\"WebSite\",\"@id\":\"https:\\\/\\\/www.konerefrigeration.com\\\/es\\\/#website\",\"url\":\"https:\\\/\\\/www.konerefrigeration.com\\\/es\\\/\",\"name\":\"K-One\",\"description\":\"Sistemi refrigerati professionali di alta qualit\u00e0\",\"potentialAction\":[{\"@type\":\"SearchAction\",\"target\":{\"@type\":\"EntryPoint\",\"urlTemplate\":\"https:\\\/\\\/www.konerefrigeration.com\\\/es\\\/?s={search_term_string}\"},\"query-input\":{\"@type\":\"PropertyValueSpecification\",\"valueRequired\":true,\"valueName\":\"search_term_string\"}}],\"inLanguage\":\"es\"}]}<\/script>\n<!-- \/ Yoast SEO plugin. -->","yoast_head_json":{"title":"KFF\/82I - K-One","robots":{"index":"index","follow":"follow","max-snippet":"max-snippet:-1","max-image-preview":"max-image-preview:large","max-video-preview":"max-video-preview:-1"},"canonical":"https:\/\/www.konerefrigeration.com\/es\/producto\/kff-82i\/","og_locale":"es_ES","og_type":"article","og_title":"KFF\/82I - K-One","og_description":"MESA FAST-FOOD EN &#8211; Mesa de preparaci\u00f3n fast-food con 2 puertas refrigeradas EN, encimera de acero inoxidable profundidad 440, con elemento para cubetas GN con tapa de acero inoxidable (cubetas GN excluidas).","og_url":"https:\/\/www.konerefrigeration.com\/es\/producto\/kff-82i\/","og_site_name":"K-One","article_modified_time":"2026-05-05T13:41:43+00:00","og_image":[{"width":650,"height":650,"url":"https:\/\/www.konerefrigeration.com\/wp-content\/uploads\/2023\/06\/KFF_82l.jpg","type":"image\/jpeg"}],"twitter_card":"summary_large_image","schema":{"@context":"https:\/\/schema.org","@graph":[{"@type":"WebPage","@id":"https:\/\/www.konerefrigeration.com\/es\/producto\/kff-82i\/","url":"https:\/\/www.konerefrigeration.com\/es\/producto\/kff-82i\/","name":"KFF\/82I - K-One","isPartOf":{"@id":"https:\/\/www.konerefrigeration.com\/es\/#website"},"primaryImageOfPage":{"@id":"https:\/\/www.konerefrigeration.com\/es\/producto\/kff-82i\/#primaryimage"},"image":{"@id":"https:\/\/www.konerefrigeration.com\/es\/producto\/kff-82i\/#primaryimage"},"thumbnailUrl":"https:\/\/www.konerefrigeration.com\/wp-content\/uploads\/2023\/06\/KFF_82l.jpg","datePublished":"2023-06-15T10:41:30+00:00","dateModified":"2026-05-05T13:41:43+00:00","breadcrumb":{"@id":"https:\/\/www.konerefrigeration.com\/es\/producto\/kff-82i\/#breadcrumb"},"inLanguage":"es","potentialAction":[{"@type":"ReadAction","target":["https:\/\/www.konerefrigeration.com\/es\/producto\/kff-82i\/"]}]},{"@type":"ImageObject","inLanguage":"es","@id":"https:\/\/www.konerefrigeration.com\/es\/producto\/kff-82i\/#primaryimage","url":"https:\/\/www.konerefrigeration.com\/wp-content\/uploads\/2023\/06\/KFF_82l.jpg","contentUrl":"https:\/\/www.konerefrigeration.com\/wp-content\/uploads\/2023\/06\/KFF_82l.jpg","width":650,"height":650},{"@type":"BreadcrumbList","@id":"https:\/\/www.konerefrigeration.com\/es\/producto\/kff-82i\/#breadcrumb","itemListElement":[{"@type":"ListItem","position":1,"name":"Home","item":"https:\/\/www.konerefrigeration.com\/es\/"},{"@type":"ListItem","position":2,"name":"Productos","item":"https:\/\/www.konerefrigeration.com\/es\/productos\/"},{"@type":"ListItem","position":3,"name":"Mostradores para pizza","item":"https:\/\/www.konerefrigeration.com\/es\/categoria-de-producto\/mostradores-para-pizza\/"},{"@type":"ListItem","position":4,"name":"KFF\/82I"}]},{"@type":"WebSite","@id":"https:\/\/www.konerefrigeration.com\/es\/#website","url":"https:\/\/www.konerefrigeration.com\/es\/","name":"K-One","description":"Sistemi refrigerati professionali di alta qualit\u00e0","potentialAction":[{"@type":"SearchAction","target":{"@type":"EntryPoint","urlTemplate":"https:\/\/www.konerefrigeration.com\/es\/?s={search_term_string}"},"query-input":{"@type":"PropertyValueSpecification","valueRequired":true,"valueName":"search_term_string"}}],"inLanguage":"es"}]}},"_links":{"self":[{"href":"https:\/\/www.konerefrigeration.com\/es\/wp-json\/wp\/v2\/product\/36242","targetHints":{"allow":["GET"]}}],"collection":[{"href":"https:\/\/www.konerefrigeration.com\/es\/wp-json\/wp\/v2\/product"}],"about":[{"href":"https:\/\/www.konerefrigeration.com\/es\/wp-json\/wp\/v2\/types\/product"}],"replies":[{"embeddable":true,"href":"https:\/\/www.konerefrigeration.com\/es\/wp-json\/wp\/v2\/comments?post=36242"}],"version-history":[{"count":1,"href":"https:\/\/www.konerefrigeration.com\/es\/wp-json\/wp\/v2\/product\/36242\/revisions"}],"predecessor-version":[{"id":38163,"href":"https:\/\/www.konerefrigeration.com\/es\/wp-json\/wp\/v2\/product\/36242\/revisions\/38163"}],"wp:featuredmedia":[{"embeddable":true,"href":"https:\/\/www.konerefrigeration.com\/es\/wp-json\/wp\/v2\/media\/36228"}],"wp:attachment":[{"href":"https:\/\/www.konerefrigeration.com\/es\/wp-json\/wp\/v2\/media?parent=36242"}],"wp:term":[{"taxonomy":"product_brand","embeddable":true,"href":"https:\/\/www.konerefrigeration.com\/es\/wp-json\/wp\/v2\/product_brand?post=36242"},{"taxonomy":"product_cat","embeddable":true,"href":"https:\/\/www.konerefrigeration.com\/es\/wp-json\/wp\/v2\/product_cat?post=36242"},{"taxonomy":"product_tag","embeddable":true,"href":"https:\/\/www.konerefrigeration.com\/es\/wp-json\/wp\/v2\/product_tag?post=36242"}],"curies":[{"name":"wp","href":"https:\/\/api.w.org\/{rel}","templated":true}]}}