{"id":36329,"date":"2023-06-15T12:41:30","date_gmt":"2023-06-15T10:41:30","guid":{"rendered":"https:\/\/www.konerefrigeration.com\/prodotto\/kpc-21\/"},"modified":"2026-05-05T15:18:43","modified_gmt":"2026-05-05T13:18:43","slug":"kpc-21","status":"publish","type":"product","link":"https:\/\/www.konerefrigeration.com\/es\/producto\/kpc-21\/","title":{"rendered":"KPC\/21"},"content":{"rendered":"<p>MESAS PARA PIZZA EN &#8211; Mesa de preparaci\u00f3n de pizza compuesta por base refrigerada de 3 puertas y compartimento neutro sobre el motor, encimera de granito rosa de Cerde\u00f1a veteado con alzador trasero y vitrina refrigerada portabandejas GN con vidrio recto.<\/p>\n","protected":false},"excerpt":{"rendered":"<p>MESAS PARA PIZZA EN &#8211; Mesa de preparaci\u00f3n de pizza compuesta por base refrigerada de 3 puertas y compartimento neutro sobre el motor, encimera de granito rosa de Cerde\u00f1a veteado con alzador trasero y vitrina refrigerada portabandejas GN con vidrio recto.<\/p>\n","protected":false},"featured_media":38135,"comment_status":"closed","ping_status":"closed","template":"","meta":{"_acf_changed":false},"product_brand":[],"product_cat":[1089],"product_tag":[1093],"class_list":{"0":"post-36329","1":"product","2":"type-product","3":"status-publish","4":"has-post-thumbnail","6":"product_cat-mostradores-para-pizza","7":"product_tag-pizzeria","8":"pa_capacita-600x400","9":"pa_capacita-l-1571","10":"pa_porte-1555","11":"pa_profondita-depth-820","12":"pa_temperatura-2-8c","13":"pa_unita-condensatrice-unidad-condensadora-plug-in","14":"pa_versione-710-h","16":"first","17":"instock","18":"product-type-simple"},"acf":{"scheda_tecnica":"https:\/\/gemm.datipro.it\/k-one-pdf-datasheet\/es\/02800450","depliant":"","struttura_info":"fabricado en acero inoxidable","tipologia_piano":"\"sardininan\" granite","tipo_di_refrigerazione_info":"Sistema de refrigeraci\u00f3n HSS - sistema est\u00e1tico asistido","elettronica_info":"digital touch display","sbrinamento_info":"sistema de descongelaci\u00f3n autom\u00e1tica con resistencias","evaporazione_acqua_di_condensa_info":"eliminaci\u00f3n autom\u00e1tica del agua de condensaci\u00f3n","allestimenti_a_richiesta":"","dotazione_info":"6 contenedores portapizzas 60\u00d740 cm<br \/>2 pares de gu\u00edas por puerta<br \/>1 rejilla 60\u00d740 cm por puerta","esclusioni_info":"bandejas GN no incluidas","gas_info":"R290","tensione_info":"1x230V\/50Hz"},"yoast_head":"<!-- This site is optimized with the Yoast SEO plugin v27.4 - https:\/\/yoast.com\/product\/yoast-seo-wordpress\/ -->\n<title>KPC\/21 - K-One<\/title>\n<meta name=\"robots\" content=\"index, follow, max-snippet:-1, max-image-preview:large, max-video-preview:-1\" \/>\n<link rel=\"canonical\" href=\"https:\/\/www.konerefrigeration.com\/es\/producto\/kpc-21\/\" \/>\n<meta property=\"og:locale\" content=\"es_ES\" \/>\n<meta property=\"og:type\" content=\"article\" \/>\n<meta property=\"og:title\" content=\"KPC\/21 - K-One\" \/>\n<meta property=\"og:description\" content=\"MESAS PARA PIZZA EN &#8211; Mesa de preparaci\u00f3n de pizza compuesta por base refrigerada de 3 puertas y compartimento neutro sobre el motor, encimera de granito rosa de Cerde\u00f1a veteado con alzador trasero y vitrina refrigerada portabandejas GN con vidrio recto.\" \/>\n<meta property=\"og:url\" content=\"https:\/\/www.konerefrigeration.com\/es\/producto\/kpc-21\/\" \/>\n<meta property=\"og:site_name\" content=\"K-One\" \/>\n<meta property=\"article:modified_time\" content=\"2026-05-05T13:18:43+00:00\" \/>\n<meta property=\"og:image\" content=\"https:\/\/www.konerefrigeration.com\/wp-content\/uploads\/2026\/04\/KPC_21.jpg\" \/>\n\t<meta property=\"og:image:width\" content=\"650\" \/>\n\t<meta property=\"og:image:height\" content=\"650\" \/>\n\t<meta property=\"og:image:type\" content=\"image\/jpeg\" \/>\n<meta name=\"twitter:card\" content=\"summary_large_image\" \/>\n<script type=\"application\/ld+json\" class=\"yoast-schema-graph\">{\"@context\":\"https:\\\/\\\/schema.org\",\"@graph\":[{\"@type\":\"WebPage\",\"@id\":\"https:\\\/\\\/www.konerefrigeration.com\\\/es\\\/producto\\\/kpc-21\\\/\",\"url\":\"https:\\\/\\\/www.konerefrigeration.com\\\/es\\\/producto\\\/kpc-21\\\/\",\"name\":\"KPC\\\/21 - K-One\",\"isPartOf\":{\"@id\":\"https:\\\/\\\/www.konerefrigeration.com\\\/es\\\/#website\"},\"primaryImageOfPage\":{\"@id\":\"https:\\\/\\\/www.konerefrigeration.com\\\/es\\\/producto\\\/kpc-21\\\/#primaryimage\"},\"image\":{\"@id\":\"https:\\\/\\\/www.konerefrigeration.com\\\/es\\\/producto\\\/kpc-21\\\/#primaryimage\"},\"thumbnailUrl\":\"https:\\\/\\\/www.konerefrigeration.com\\\/wp-content\\\/uploads\\\/2026\\\/04\\\/KPC_21.jpg\",\"datePublished\":\"2023-06-15T10:41:30+00:00\",\"dateModified\":\"2026-05-05T13:18:43+00:00\",\"breadcrumb\":{\"@id\":\"https:\\\/\\\/www.konerefrigeration.com\\\/es\\\/producto\\\/kpc-21\\\/#breadcrumb\"},\"inLanguage\":\"es\",\"potentialAction\":[{\"@type\":\"ReadAction\",\"target\":[\"https:\\\/\\\/www.konerefrigeration.com\\\/es\\\/producto\\\/kpc-21\\\/\"]}]},{\"@type\":\"ImageObject\",\"inLanguage\":\"es\",\"@id\":\"https:\\\/\\\/www.konerefrigeration.com\\\/es\\\/producto\\\/kpc-21\\\/#primaryimage\",\"url\":\"https:\\\/\\\/www.konerefrigeration.com\\\/wp-content\\\/uploads\\\/2026\\\/04\\\/KPC_21.jpg\",\"contentUrl\":\"https:\\\/\\\/www.konerefrigeration.com\\\/wp-content\\\/uploads\\\/2026\\\/04\\\/KPC_21.jpg\",\"width\":650,\"height\":650},{\"@type\":\"BreadcrumbList\",\"@id\":\"https:\\\/\\\/www.konerefrigeration.com\\\/es\\\/producto\\\/kpc-21\\\/#breadcrumb\",\"itemListElement\":[{\"@type\":\"ListItem\",\"position\":1,\"name\":\"Home\",\"item\":\"https:\\\/\\\/www.konerefrigeration.com\\\/es\\\/\"},{\"@type\":\"ListItem\",\"position\":2,\"name\":\"Productos\",\"item\":\"https:\\\/\\\/www.konerefrigeration.com\\\/es\\\/productos\\\/\"},{\"@type\":\"ListItem\",\"position\":3,\"name\":\"Mostradores para pizza\",\"item\":\"https:\\\/\\\/www.konerefrigeration.com\\\/es\\\/categoria-de-producto\\\/mostradores-para-pizza\\\/\"},{\"@type\":\"ListItem\",\"position\":4,\"name\":\"KPC\\\/21\"}]},{\"@type\":\"WebSite\",\"@id\":\"https:\\\/\\\/www.konerefrigeration.com\\\/es\\\/#website\",\"url\":\"https:\\\/\\\/www.konerefrigeration.com\\\/es\\\/\",\"name\":\"K-One\",\"description\":\"Sistemi refrigerati professionali di alta qualit\u00e0\",\"potentialAction\":[{\"@type\":\"SearchAction\",\"target\":{\"@type\":\"EntryPoint\",\"urlTemplate\":\"https:\\\/\\\/www.konerefrigeration.com\\\/es\\\/?s={search_term_string}\"},\"query-input\":{\"@type\":\"PropertyValueSpecification\",\"valueRequired\":true,\"valueName\":\"search_term_string\"}}],\"inLanguage\":\"es\"}]}<\/script>\n<!-- \/ Yoast SEO plugin. -->","yoast_head_json":{"title":"KPC\/21 - K-One","robots":{"index":"index","follow":"follow","max-snippet":"max-snippet:-1","max-image-preview":"max-image-preview:large","max-video-preview":"max-video-preview:-1"},"canonical":"https:\/\/www.konerefrigeration.com\/es\/producto\/kpc-21\/","og_locale":"es_ES","og_type":"article","og_title":"KPC\/21 - K-One","og_description":"MESAS PARA PIZZA EN &#8211; Mesa de preparaci\u00f3n de pizza compuesta por base refrigerada de 3 puertas y compartimento neutro sobre el motor, encimera de granito rosa de Cerde\u00f1a veteado con alzador trasero y vitrina refrigerada portabandejas GN con vidrio recto.","og_url":"https:\/\/www.konerefrigeration.com\/es\/producto\/kpc-21\/","og_site_name":"K-One","article_modified_time":"2026-05-05T13:18:43+00:00","og_image":[{"width":650,"height":650,"url":"https:\/\/www.konerefrigeration.com\/wp-content\/uploads\/2026\/04\/KPC_21.jpg","type":"image\/jpeg"}],"twitter_card":"summary_large_image","schema":{"@context":"https:\/\/schema.org","@graph":[{"@type":"WebPage","@id":"https:\/\/www.konerefrigeration.com\/es\/producto\/kpc-21\/","url":"https:\/\/www.konerefrigeration.com\/es\/producto\/kpc-21\/","name":"KPC\/21 - K-One","isPartOf":{"@id":"https:\/\/www.konerefrigeration.com\/es\/#website"},"primaryImageOfPage":{"@id":"https:\/\/www.konerefrigeration.com\/es\/producto\/kpc-21\/#primaryimage"},"image":{"@id":"https:\/\/www.konerefrigeration.com\/es\/producto\/kpc-21\/#primaryimage"},"thumbnailUrl":"https:\/\/www.konerefrigeration.com\/wp-content\/uploads\/2026\/04\/KPC_21.jpg","datePublished":"2023-06-15T10:41:30+00:00","dateModified":"2026-05-05T13:18:43+00:00","breadcrumb":{"@id":"https:\/\/www.konerefrigeration.com\/es\/producto\/kpc-21\/#breadcrumb"},"inLanguage":"es","potentialAction":[{"@type":"ReadAction","target":["https:\/\/www.konerefrigeration.com\/es\/producto\/kpc-21\/"]}]},{"@type":"ImageObject","inLanguage":"es","@id":"https:\/\/www.konerefrigeration.com\/es\/producto\/kpc-21\/#primaryimage","url":"https:\/\/www.konerefrigeration.com\/wp-content\/uploads\/2026\/04\/KPC_21.jpg","contentUrl":"https:\/\/www.konerefrigeration.com\/wp-content\/uploads\/2026\/04\/KPC_21.jpg","width":650,"height":650},{"@type":"BreadcrumbList","@id":"https:\/\/www.konerefrigeration.com\/es\/producto\/kpc-21\/#breadcrumb","itemListElement":[{"@type":"ListItem","position":1,"name":"Home","item":"https:\/\/www.konerefrigeration.com\/es\/"},{"@type":"ListItem","position":2,"name":"Productos","item":"https:\/\/www.konerefrigeration.com\/es\/productos\/"},{"@type":"ListItem","position":3,"name":"Mostradores para pizza","item":"https:\/\/www.konerefrigeration.com\/es\/categoria-de-producto\/mostradores-para-pizza\/"},{"@type":"ListItem","position":4,"name":"KPC\/21"}]},{"@type":"WebSite","@id":"https:\/\/www.konerefrigeration.com\/es\/#website","url":"https:\/\/www.konerefrigeration.com\/es\/","name":"K-One","description":"Sistemi refrigerati professionali di alta qualit\u00e0","potentialAction":[{"@type":"SearchAction","target":{"@type":"EntryPoint","urlTemplate":"https:\/\/www.konerefrigeration.com\/es\/?s={search_term_string}"},"query-input":{"@type":"PropertyValueSpecification","valueRequired":true,"valueName":"search_term_string"}}],"inLanguage":"es"}]}},"_links":{"self":[{"href":"https:\/\/www.konerefrigeration.com\/es\/wp-json\/wp\/v2\/product\/36329","targetHints":{"allow":["GET"]}}],"collection":[{"href":"https:\/\/www.konerefrigeration.com\/es\/wp-json\/wp\/v2\/product"}],"about":[{"href":"https:\/\/www.konerefrigeration.com\/es\/wp-json\/wp\/v2\/types\/product"}],"replies":[{"embeddable":true,"href":"https:\/\/www.konerefrigeration.com\/es\/wp-json\/wp\/v2\/comments?post=36329"}],"version-history":[{"count":1,"href":"https:\/\/www.konerefrigeration.com\/es\/wp-json\/wp\/v2\/product\/36329\/revisions"}],"predecessor-version":[{"id":38145,"href":"https:\/\/www.konerefrigeration.com\/es\/wp-json\/wp\/v2\/product\/36329\/revisions\/38145"}],"wp:featuredmedia":[{"embeddable":true,"href":"https:\/\/www.konerefrigeration.com\/es\/wp-json\/wp\/v2\/media\/38135"}],"wp:attachment":[{"href":"https:\/\/www.konerefrigeration.com\/es\/wp-json\/wp\/v2\/media?parent=36329"}],"wp:term":[{"taxonomy":"product_brand","embeddable":true,"href":"https:\/\/www.konerefrigeration.com\/es\/wp-json\/wp\/v2\/product_brand?post=36329"},{"taxonomy":"product_cat","embeddable":true,"href":"https:\/\/www.konerefrigeration.com\/es\/wp-json\/wp\/v2\/product_cat?post=36329"},{"taxonomy":"product_tag","embeddable":true,"href":"https:\/\/www.konerefrigeration.com\/es\/wp-json\/wp\/v2\/product_tag?post=36329"}],"curies":[{"name":"wp","href":"https:\/\/api.w.org\/{rel}","templated":true}]}}