{"id":36367,"date":"2023-06-15T12:44:10","date_gmt":"2023-06-15T10:44:10","guid":{"rendered":"https:\/\/www.konerefrigeration.com\/prodotto\/kcc-4011\/"},"modified":"2026-04-28T16:11:18","modified_gmt":"2026-04-28T14:11:18","slug":"kcc-4011","status":"publish","type":"product","link":"https:\/\/www.konerefrigeration.com\/es\/producto\/kcc-4011\/","title":{"rendered":"KCC\/4011"},"content":{"rendered":"<p>ABATIDOR DE TEMPERATURA PARA 1 CARRO GN 2\/1 &#8211; 600X800 &#8211; Los abatidores de temperatura K-ONE para carros est\u00e1n dise\u00f1ados para satisfacer las necesidades de enfriamiento r\u00e1pido de laboratorios de medias-grandes dimensiones, desde instalaciones de restauraci\u00f3n hasta laboratorios semiindustraiels de pasteler\u00eda y panader\u00eda. Abatimiento positivo de +90\u00b0C a +3\u00b0C en 90 minutos y negativo de +90\u00b0C a -18\u00b0C en 240 minutos, con una temperatura m\u00ednima del aire de \u201340 \u00b0C. 7&#8243; tarjeta digital t\u00e1ctil con sistema de supervisi\u00f3n WI-FI remota mediante Cloud.<\/p>\n","protected":false},"excerpt":{"rendered":"<p>ABATIDOR DE TEMPERATURA PARA 1 CARRO GN 2\/1 &#8211; 600X800 &#8211; Los abatidores de temperatura K-ONE para carros est\u00e1n dise\u00f1ados para satisfacer las necesidades de enfriamiento r\u00e1pido de laboratorios de medias-grandes dimensiones, desde instalaciones de restauraci\u00f3n hasta laboratorios semiindustraiels de pasteler\u00eda y panader\u00eda. Abatimiento positivo de +90\u00b0C a +3\u00b0C en 90 minutos y negativo de [&hellip;]<\/p>\n","protected":false},"featured_media":37653,"comment_status":"closed","ping_status":"open","template":"","meta":{"_acf_changed":false},"product_brand":[],"product_cat":[1087],"product_tag":[1099,1100,1101],"class_list":{"0":"post-36367","1":"product","2":"type-product","3":"status-publish","4":"has-post-thumbnail","6":"product_cat-abatidores-de-temperatura","7":"product_tag-professional-kitchens","8":"product_tag-ice-cream","9":"product_tag-pastry","10":"pa_capacita-1-carro-gn-2-1-600x800","11":"pa_porte-1563","12":"pa_resa-abbattimento-90-3c-110kg-90-18c-95kg","13":"pa_unita-condensatrice-unidad-de-condensacion-remota-tuberias-de-conexion-no-incluidas","14":"pa_versione-para-carros","16":"first","17":"instock","18":"product-type-simple"},"acf":{"scheda_tecnica":"https:\/\/gemm.datipro.it\/k-one-pdf-datasheet\/es\/04611520","depliant":"","struttura_info":"construcci\u00f3n de acero inoxidable","tipologia_piano":"","tipo_di_refrigerazione_info":"abatimiento de +90\u00baC a +3\u00baC en 90' y surgelaci\u00f3n de +90\u00baC a -18\u00baC en 240'. Alcanzando temperatura minima del aire de -40\u00baC.","elettronica_info":"pantalla gr\u00e1fica t\u00e1ctil en color de 7''","sbrinamento_info":"desescarche autom\u00e1tico por gas caliente","evaporazione_acqua_di_condensa_info":"Tubo de desag\u00fce de condensado (preparar desag\u00fce de agua)","allestimenti_a_richiesta":"","dotazione_info":"puerto USB, sistema de supervisi\u00f3n Wi-Fi","esclusioni_info":"carro no incluido","gas_info":"","tensione_info":"3x400V\/50Hz"},"yoast_head":"<!-- This site is optimized with the Yoast SEO plugin v27.4 - https:\/\/yoast.com\/product\/yoast-seo-wordpress\/ -->\n<title>KCC\/4011 - K-One<\/title>\n<meta name=\"robots\" content=\"index, follow, max-snippet:-1, max-image-preview:large, max-video-preview:-1\" \/>\n<link rel=\"canonical\" href=\"https:\/\/www.konerefrigeration.com\/es\/producto\/kcc-4011\/\" \/>\n<meta property=\"og:locale\" content=\"es_ES\" \/>\n<meta property=\"og:type\" content=\"article\" \/>\n<meta property=\"og:title\" content=\"KCC\/4011 - K-One\" \/>\n<meta property=\"og:description\" content=\"ABATIDOR DE TEMPERATURA PARA 1 CARRO GN 2\/1 &#8211; 600X800 &#8211; Los abatidores de temperatura K-ONE para carros est\u00e1n dise\u00f1ados para satisfacer las necesidades de enfriamiento r\u00e1pido de laboratorios de medias-grandes dimensiones, desde instalaciones de restauraci\u00f3n hasta laboratorios semiindustraiels de pasteler\u00eda y panader\u00eda. Abatimiento positivo de +90\u00b0C a +3\u00b0C en 90 minutos y negativo de [&hellip;]\" \/>\n<meta property=\"og:url\" content=\"https:\/\/www.konerefrigeration.com\/es\/producto\/kcc-4011\/\" \/>\n<meta property=\"og:site_name\" content=\"K-One\" \/>\n<meta property=\"article:modified_time\" content=\"2026-04-28T14:11:18+00:00\" \/>\n<meta property=\"og:image\" content=\"https:\/\/www.konerefrigeration.com\/wp-content\/uploads\/2026\/04\/KCC_4008_SITO-1-scaled.jpg\" \/>\n\t<meta property=\"og:image:width\" content=\"2560\" \/>\n\t<meta property=\"og:image:height\" content=\"2560\" \/>\n\t<meta property=\"og:image:type\" content=\"image\/jpeg\" \/>\n<meta name=\"twitter:card\" content=\"summary_large_image\" \/>\n<script type=\"application\/ld+json\" class=\"yoast-schema-graph\">{\"@context\":\"https:\\\/\\\/schema.org\",\"@graph\":[{\"@type\":\"WebPage\",\"@id\":\"https:\\\/\\\/www.konerefrigeration.com\\\/es\\\/producto\\\/kcc-4011\\\/\",\"url\":\"https:\\\/\\\/www.konerefrigeration.com\\\/es\\\/producto\\\/kcc-4011\\\/\",\"name\":\"KCC\\\/4011 - K-One\",\"isPartOf\":{\"@id\":\"https:\\\/\\\/www.konerefrigeration.com\\\/es\\\/#website\"},\"primaryImageOfPage\":{\"@id\":\"https:\\\/\\\/www.konerefrigeration.com\\\/es\\\/producto\\\/kcc-4011\\\/#primaryimage\"},\"image\":{\"@id\":\"https:\\\/\\\/www.konerefrigeration.com\\\/es\\\/producto\\\/kcc-4011\\\/#primaryimage\"},\"thumbnailUrl\":\"https:\\\/\\\/www.konerefrigeration.com\\\/wp-content\\\/uploads\\\/2026\\\/04\\\/KCC_4008_SITO-1-scaled.jpg\",\"datePublished\":\"2023-06-15T10:44:10+00:00\",\"dateModified\":\"2026-04-28T14:11:18+00:00\",\"breadcrumb\":{\"@id\":\"https:\\\/\\\/www.konerefrigeration.com\\\/es\\\/producto\\\/kcc-4011\\\/#breadcrumb\"},\"inLanguage\":\"es\",\"potentialAction\":[{\"@type\":\"ReadAction\",\"target\":[\"https:\\\/\\\/www.konerefrigeration.com\\\/es\\\/producto\\\/kcc-4011\\\/\"]}]},{\"@type\":\"ImageObject\",\"inLanguage\":\"es\",\"@id\":\"https:\\\/\\\/www.konerefrigeration.com\\\/es\\\/producto\\\/kcc-4011\\\/#primaryimage\",\"url\":\"https:\\\/\\\/www.konerefrigeration.com\\\/wp-content\\\/uploads\\\/2026\\\/04\\\/KCC_4008_SITO-1-scaled.jpg\",\"contentUrl\":\"https:\\\/\\\/www.konerefrigeration.com\\\/wp-content\\\/uploads\\\/2026\\\/04\\\/KCC_4008_SITO-1-scaled.jpg\",\"width\":2560,\"height\":2560},{\"@type\":\"BreadcrumbList\",\"@id\":\"https:\\\/\\\/www.konerefrigeration.com\\\/es\\\/producto\\\/kcc-4011\\\/#breadcrumb\",\"itemListElement\":[{\"@type\":\"ListItem\",\"position\":1,\"name\":\"Home\",\"item\":\"https:\\\/\\\/www.konerefrigeration.com\\\/es\\\/\"},{\"@type\":\"ListItem\",\"position\":2,\"name\":\"Productos\",\"item\":\"https:\\\/\\\/www.konerefrigeration.com\\\/es\\\/productos\\\/\"},{\"@type\":\"ListItem\",\"position\":3,\"name\":\"Abatidores de temperatura\",\"item\":\"https:\\\/\\\/www.konerefrigeration.com\\\/es\\\/categoria-de-producto\\\/abatidores-de-temperatura\\\/\"},{\"@type\":\"ListItem\",\"position\":4,\"name\":\"KCC\\\/4011\"}]},{\"@type\":\"WebSite\",\"@id\":\"https:\\\/\\\/www.konerefrigeration.com\\\/es\\\/#website\",\"url\":\"https:\\\/\\\/www.konerefrigeration.com\\\/es\\\/\",\"name\":\"K-One\",\"description\":\"Sistemi refrigerati professionali di alta qualit\u00e0\",\"potentialAction\":[{\"@type\":\"SearchAction\",\"target\":{\"@type\":\"EntryPoint\",\"urlTemplate\":\"https:\\\/\\\/www.konerefrigeration.com\\\/es\\\/?s={search_term_string}\"},\"query-input\":{\"@type\":\"PropertyValueSpecification\",\"valueRequired\":true,\"valueName\":\"search_term_string\"}}],\"inLanguage\":\"es\"}]}<\/script>\n<!-- \/ Yoast SEO plugin. -->","yoast_head_json":{"title":"KCC\/4011 - K-One","robots":{"index":"index","follow":"follow","max-snippet":"max-snippet:-1","max-image-preview":"max-image-preview:large","max-video-preview":"max-video-preview:-1"},"canonical":"https:\/\/www.konerefrigeration.com\/es\/producto\/kcc-4011\/","og_locale":"es_ES","og_type":"article","og_title":"KCC\/4011 - K-One","og_description":"ABATIDOR DE TEMPERATURA PARA 1 CARRO GN 2\/1 &#8211; 600X800 &#8211; Los abatidores de temperatura K-ONE para carros est\u00e1n dise\u00f1ados para satisfacer las necesidades de enfriamiento r\u00e1pido de laboratorios de medias-grandes dimensiones, desde instalaciones de restauraci\u00f3n hasta laboratorios semiindustraiels de pasteler\u00eda y panader\u00eda. Abatimiento positivo de +90\u00b0C a +3\u00b0C en 90 minutos y negativo de [&hellip;]","og_url":"https:\/\/www.konerefrigeration.com\/es\/producto\/kcc-4011\/","og_site_name":"K-One","article_modified_time":"2026-04-28T14:11:18+00:00","og_image":[{"width":2560,"height":2560,"url":"https:\/\/www.konerefrigeration.com\/wp-content\/uploads\/2026\/04\/KCC_4008_SITO-1-scaled.jpg","type":"image\/jpeg"}],"twitter_card":"summary_large_image","schema":{"@context":"https:\/\/schema.org","@graph":[{"@type":"WebPage","@id":"https:\/\/www.konerefrigeration.com\/es\/producto\/kcc-4011\/","url":"https:\/\/www.konerefrigeration.com\/es\/producto\/kcc-4011\/","name":"KCC\/4011 - K-One","isPartOf":{"@id":"https:\/\/www.konerefrigeration.com\/es\/#website"},"primaryImageOfPage":{"@id":"https:\/\/www.konerefrigeration.com\/es\/producto\/kcc-4011\/#primaryimage"},"image":{"@id":"https:\/\/www.konerefrigeration.com\/es\/producto\/kcc-4011\/#primaryimage"},"thumbnailUrl":"https:\/\/www.konerefrigeration.com\/wp-content\/uploads\/2026\/04\/KCC_4008_SITO-1-scaled.jpg","datePublished":"2023-06-15T10:44:10+00:00","dateModified":"2026-04-28T14:11:18+00:00","breadcrumb":{"@id":"https:\/\/www.konerefrigeration.com\/es\/producto\/kcc-4011\/#breadcrumb"},"inLanguage":"es","potentialAction":[{"@type":"ReadAction","target":["https:\/\/www.konerefrigeration.com\/es\/producto\/kcc-4011\/"]}]},{"@type":"ImageObject","inLanguage":"es","@id":"https:\/\/www.konerefrigeration.com\/es\/producto\/kcc-4011\/#primaryimage","url":"https:\/\/www.konerefrigeration.com\/wp-content\/uploads\/2026\/04\/KCC_4008_SITO-1-scaled.jpg","contentUrl":"https:\/\/www.konerefrigeration.com\/wp-content\/uploads\/2026\/04\/KCC_4008_SITO-1-scaled.jpg","width":2560,"height":2560},{"@type":"BreadcrumbList","@id":"https:\/\/www.konerefrigeration.com\/es\/producto\/kcc-4011\/#breadcrumb","itemListElement":[{"@type":"ListItem","position":1,"name":"Home","item":"https:\/\/www.konerefrigeration.com\/es\/"},{"@type":"ListItem","position":2,"name":"Productos","item":"https:\/\/www.konerefrigeration.com\/es\/productos\/"},{"@type":"ListItem","position":3,"name":"Abatidores de temperatura","item":"https:\/\/www.konerefrigeration.com\/es\/categoria-de-producto\/abatidores-de-temperatura\/"},{"@type":"ListItem","position":4,"name":"KCC\/4011"}]},{"@type":"WebSite","@id":"https:\/\/www.konerefrigeration.com\/es\/#website","url":"https:\/\/www.konerefrigeration.com\/es\/","name":"K-One","description":"Sistemi refrigerati professionali di alta qualit\u00e0","potentialAction":[{"@type":"SearchAction","target":{"@type":"EntryPoint","urlTemplate":"https:\/\/www.konerefrigeration.com\/es\/?s={search_term_string}"},"query-input":{"@type":"PropertyValueSpecification","valueRequired":true,"valueName":"search_term_string"}}],"inLanguage":"es"}]}},"_links":{"self":[{"href":"https:\/\/www.konerefrigeration.com\/es\/wp-json\/wp\/v2\/product\/36367","targetHints":{"allow":["GET"]}}],"collection":[{"href":"https:\/\/www.konerefrigeration.com\/es\/wp-json\/wp\/v2\/product"}],"about":[{"href":"https:\/\/www.konerefrigeration.com\/es\/wp-json\/wp\/v2\/types\/product"}],"replies":[{"embeddable":true,"href":"https:\/\/www.konerefrigeration.com\/es\/wp-json\/wp\/v2\/comments?post=36367"}],"version-history":[{"count":1,"href":"https:\/\/www.konerefrigeration.com\/es\/wp-json\/wp\/v2\/product\/36367\/revisions"}],"predecessor-version":[{"id":38523,"href":"https:\/\/www.konerefrigeration.com\/es\/wp-json\/wp\/v2\/product\/36367\/revisions\/38523"}],"wp:featuredmedia":[{"embeddable":true,"href":"https:\/\/www.konerefrigeration.com\/es\/wp-json\/wp\/v2\/media\/37653"}],"wp:attachment":[{"href":"https:\/\/www.konerefrigeration.com\/es\/wp-json\/wp\/v2\/media?parent=36367"}],"wp:term":[{"taxonomy":"product_brand","embeddable":true,"href":"https:\/\/www.konerefrigeration.com\/es\/wp-json\/wp\/v2\/product_brand?post=36367"},{"taxonomy":"product_cat","embeddable":true,"href":"https:\/\/www.konerefrigeration.com\/es\/wp-json\/wp\/v2\/product_cat?post=36367"},{"taxonomy":"product_tag","embeddable":true,"href":"https:\/\/www.konerefrigeration.com\/es\/wp-json\/wp\/v2\/product_tag?post=36367"}],"curies":[{"name":"wp","href":"https:\/\/api.w.org\/{rel}","templated":true}]}}