{"id":36500,"date":"2023-06-15T12:43:42","date_gmt":"2023-06-15T10:43:42","guid":{"rendered":"https:\/\/www.konerefrigeration.com\/prodotto\/ksn-01\/"},"modified":"2026-04-28T17:30:34","modified_gmt":"2026-04-28T15:30:34","slug":"ksn-01","status":"publish","type":"product","link":"https:\/\/www.konerefrigeration.com\/es\/producto\/ksn-01\/","title":{"rendered":"KSN\/01"},"content":{"rendered":"<p>ARMARIO GASTRONOM\u00cdA NEGATIVO \u00abSLIM\u00bb &#8211; Armario vertical negativo SLIM. Con sistema de v\u00e1lvula para la instalaci\u00f3n de motor remoto a petici\u00f3n.<\/p>\n","protected":false},"excerpt":{"rendered":"<p>ARMARIO GASTRONOM\u00cdA NEGATIVO \u00abSLIM\u00bb &#8211; Armario vertical negativo SLIM. Con sistema de v\u00e1lvula para la instalaci\u00f3n de motor remoto a petici\u00f3n.<\/p>\n","protected":false},"featured_media":37755,"comment_status":"closed","ping_status":"closed","template":"","meta":{"_acf_changed":false},"product_brand":[],"product_cat":[1088],"product_tag":[1099],"class_list":{"0":"post-36500","1":"product","2":"type-product","3":"status-publish","4":"has-post-thumbnail","6":"product_cat-armarios-refrigerados","7":"product_tag-professional-kitchens","8":"pa_capacita-450-litros","9":"pa_capacita-l-1683","10":"pa_porte-1563","11":"pa_temperatura-18-21c","12":"pa_unita-condensatrice-incorporado","13":"pa_versione-slim","15":"first","16":"instock","17":"product-type-simple"},"acf":{"scheda_tecnica":"https:\/\/gemm.datipro.it\/k-one-pdf-datasheet\/es\/04501795","depliant":"","struttura_info":"construcci\u00f3n de acero inoxidable","tipologia_piano":"","tipo_di_refrigerazione_info":"refrigeraci\u00f3n ventilada","elettronica_info":"panel de control touch 2.8'', visualizaci\u00f3n digital","sbrinamento_info":"desescarche autom\u00e1tico por gas caliente","evaporazione_acqua_di_condensa_info":"eliminaci\u00f3n autom\u00e1tica del agua de condensaci\u00f3n","allestimenti_a_richiesta":"","dotazione_info":"3 rejillas 445x560 mm","esclusioni_info":"","gas_info":"R290","tensione_info":"1x230V\/50Hz"},"yoast_head":"<!-- This site is optimized with the Yoast SEO plugin v27.4 - https:\/\/yoast.com\/product\/yoast-seo-wordpress\/ -->\n<title>KSN\/01 - K-One<\/title>\n<meta name=\"robots\" content=\"index, follow, max-snippet:-1, max-image-preview:large, max-video-preview:-1\" \/>\n<link rel=\"canonical\" href=\"https:\/\/www.konerefrigeration.com\/es\/producto\/ksn-01\/\" \/>\n<meta property=\"og:locale\" content=\"es_ES\" \/>\n<meta property=\"og:type\" content=\"article\" \/>\n<meta property=\"og:title\" content=\"KSN\/01 - K-One\" \/>\n<meta property=\"og:description\" content=\"ARMARIO GASTRONOM\u00cdA NEGATIVO \u00abSLIM\u00bb &#8211; Armario vertical negativo SLIM. Con sistema de v\u00e1lvula para la instalaci\u00f3n de motor remoto a petici\u00f3n.\" \/>\n<meta property=\"og:url\" content=\"https:\/\/www.konerefrigeration.com\/es\/producto\/ksn-01\/\" \/>\n<meta property=\"og:site_name\" content=\"K-One\" \/>\n<meta property=\"article:modified_time\" content=\"2026-04-28T15:30:34+00:00\" \/>\n<meta property=\"og:image\" content=\"https:\/\/www.konerefrigeration.com\/wp-content\/uploads\/2026\/04\/KGP_01-5-scaled.png\" \/>\n\t<meta property=\"og:image:width\" content=\"2560\" \/>\n\t<meta property=\"og:image:height\" content=\"2560\" \/>\n\t<meta property=\"og:image:type\" content=\"image\/png\" \/>\n<meta name=\"twitter:card\" content=\"summary_large_image\" \/>\n<script type=\"application\/ld+json\" class=\"yoast-schema-graph\">{\"@context\":\"https:\\\/\\\/schema.org\",\"@graph\":[{\"@type\":\"WebPage\",\"@id\":\"https:\\\/\\\/www.konerefrigeration.com\\\/es\\\/producto\\\/ksn-01\\\/\",\"url\":\"https:\\\/\\\/www.konerefrigeration.com\\\/es\\\/producto\\\/ksn-01\\\/\",\"name\":\"KSN\\\/01 - K-One\",\"isPartOf\":{\"@id\":\"https:\\\/\\\/www.konerefrigeration.com\\\/es\\\/#website\"},\"primaryImageOfPage\":{\"@id\":\"https:\\\/\\\/www.konerefrigeration.com\\\/es\\\/producto\\\/ksn-01\\\/#primaryimage\"},\"image\":{\"@id\":\"https:\\\/\\\/www.konerefrigeration.com\\\/es\\\/producto\\\/ksn-01\\\/#primaryimage\"},\"thumbnailUrl\":\"https:\\\/\\\/www.konerefrigeration.com\\\/wp-content\\\/uploads\\\/2026\\\/04\\\/KGP_01-5-scaled.png\",\"datePublished\":\"2023-06-15T10:43:42+00:00\",\"dateModified\":\"2026-04-28T15:30:34+00:00\",\"breadcrumb\":{\"@id\":\"https:\\\/\\\/www.konerefrigeration.com\\\/es\\\/producto\\\/ksn-01\\\/#breadcrumb\"},\"inLanguage\":\"es\",\"potentialAction\":[{\"@type\":\"ReadAction\",\"target\":[\"https:\\\/\\\/www.konerefrigeration.com\\\/es\\\/producto\\\/ksn-01\\\/\"]}]},{\"@type\":\"ImageObject\",\"inLanguage\":\"es\",\"@id\":\"https:\\\/\\\/www.konerefrigeration.com\\\/es\\\/producto\\\/ksn-01\\\/#primaryimage\",\"url\":\"https:\\\/\\\/www.konerefrigeration.com\\\/wp-content\\\/uploads\\\/2026\\\/04\\\/KGP_01-5-scaled.png\",\"contentUrl\":\"https:\\\/\\\/www.konerefrigeration.com\\\/wp-content\\\/uploads\\\/2026\\\/04\\\/KGP_01-5-scaled.png\",\"width\":2560,\"height\":2560},{\"@type\":\"BreadcrumbList\",\"@id\":\"https:\\\/\\\/www.konerefrigeration.com\\\/es\\\/producto\\\/ksn-01\\\/#breadcrumb\",\"itemListElement\":[{\"@type\":\"ListItem\",\"position\":1,\"name\":\"Home\",\"item\":\"https:\\\/\\\/www.konerefrigeration.com\\\/es\\\/\"},{\"@type\":\"ListItem\",\"position\":2,\"name\":\"Productos\",\"item\":\"https:\\\/\\\/www.konerefrigeration.com\\\/es\\\/productos\\\/\"},{\"@type\":\"ListItem\",\"position\":3,\"name\":\"Armarios refrigerados\",\"item\":\"https:\\\/\\\/www.konerefrigeration.com\\\/es\\\/categoria-de-producto\\\/armarios-refrigerados\\\/\"},{\"@type\":\"ListItem\",\"position\":4,\"name\":\"KSN\\\/01\"}]},{\"@type\":\"WebSite\",\"@id\":\"https:\\\/\\\/www.konerefrigeration.com\\\/es\\\/#website\",\"url\":\"https:\\\/\\\/www.konerefrigeration.com\\\/es\\\/\",\"name\":\"K-One\",\"description\":\"Sistemi refrigerati professionali di alta qualit\u00e0\",\"potentialAction\":[{\"@type\":\"SearchAction\",\"target\":{\"@type\":\"EntryPoint\",\"urlTemplate\":\"https:\\\/\\\/www.konerefrigeration.com\\\/es\\\/?s={search_term_string}\"},\"query-input\":{\"@type\":\"PropertyValueSpecification\",\"valueRequired\":true,\"valueName\":\"search_term_string\"}}],\"inLanguage\":\"es\"}]}<\/script>\n<!-- \/ Yoast SEO plugin. -->","yoast_head_json":{"title":"KSN\/01 - K-One","robots":{"index":"index","follow":"follow","max-snippet":"max-snippet:-1","max-image-preview":"max-image-preview:large","max-video-preview":"max-video-preview:-1"},"canonical":"https:\/\/www.konerefrigeration.com\/es\/producto\/ksn-01\/","og_locale":"es_ES","og_type":"article","og_title":"KSN\/01 - K-One","og_description":"ARMARIO GASTRONOM\u00cdA NEGATIVO \u00abSLIM\u00bb &#8211; Armario vertical negativo SLIM. Con sistema de v\u00e1lvula para la instalaci\u00f3n de motor remoto a petici\u00f3n.","og_url":"https:\/\/www.konerefrigeration.com\/es\/producto\/ksn-01\/","og_site_name":"K-One","article_modified_time":"2026-04-28T15:30:34+00:00","og_image":[{"width":2560,"height":2560,"url":"https:\/\/www.konerefrigeration.com\/wp-content\/uploads\/2026\/04\/KGP_01-5-scaled.png","type":"image\/png"}],"twitter_card":"summary_large_image","schema":{"@context":"https:\/\/schema.org","@graph":[{"@type":"WebPage","@id":"https:\/\/www.konerefrigeration.com\/es\/producto\/ksn-01\/","url":"https:\/\/www.konerefrigeration.com\/es\/producto\/ksn-01\/","name":"KSN\/01 - K-One","isPartOf":{"@id":"https:\/\/www.konerefrigeration.com\/es\/#website"},"primaryImageOfPage":{"@id":"https:\/\/www.konerefrigeration.com\/es\/producto\/ksn-01\/#primaryimage"},"image":{"@id":"https:\/\/www.konerefrigeration.com\/es\/producto\/ksn-01\/#primaryimage"},"thumbnailUrl":"https:\/\/www.konerefrigeration.com\/wp-content\/uploads\/2026\/04\/KGP_01-5-scaled.png","datePublished":"2023-06-15T10:43:42+00:00","dateModified":"2026-04-28T15:30:34+00:00","breadcrumb":{"@id":"https:\/\/www.konerefrigeration.com\/es\/producto\/ksn-01\/#breadcrumb"},"inLanguage":"es","potentialAction":[{"@type":"ReadAction","target":["https:\/\/www.konerefrigeration.com\/es\/producto\/ksn-01\/"]}]},{"@type":"ImageObject","inLanguage":"es","@id":"https:\/\/www.konerefrigeration.com\/es\/producto\/ksn-01\/#primaryimage","url":"https:\/\/www.konerefrigeration.com\/wp-content\/uploads\/2026\/04\/KGP_01-5-scaled.png","contentUrl":"https:\/\/www.konerefrigeration.com\/wp-content\/uploads\/2026\/04\/KGP_01-5-scaled.png","width":2560,"height":2560},{"@type":"BreadcrumbList","@id":"https:\/\/www.konerefrigeration.com\/es\/producto\/ksn-01\/#breadcrumb","itemListElement":[{"@type":"ListItem","position":1,"name":"Home","item":"https:\/\/www.konerefrigeration.com\/es\/"},{"@type":"ListItem","position":2,"name":"Productos","item":"https:\/\/www.konerefrigeration.com\/es\/productos\/"},{"@type":"ListItem","position":3,"name":"Armarios refrigerados","item":"https:\/\/www.konerefrigeration.com\/es\/categoria-de-producto\/armarios-refrigerados\/"},{"@type":"ListItem","position":4,"name":"KSN\/01"}]},{"@type":"WebSite","@id":"https:\/\/www.konerefrigeration.com\/es\/#website","url":"https:\/\/www.konerefrigeration.com\/es\/","name":"K-One","description":"Sistemi refrigerati professionali di alta qualit\u00e0","potentialAction":[{"@type":"SearchAction","target":{"@type":"EntryPoint","urlTemplate":"https:\/\/www.konerefrigeration.com\/es\/?s={search_term_string}"},"query-input":{"@type":"PropertyValueSpecification","valueRequired":true,"valueName":"search_term_string"}}],"inLanguage":"es"}]}},"_links":{"self":[{"href":"https:\/\/www.konerefrigeration.com\/es\/wp-json\/wp\/v2\/product\/36500","targetHints":{"allow":["GET"]}}],"collection":[{"href":"https:\/\/www.konerefrigeration.com\/es\/wp-json\/wp\/v2\/product"}],"about":[{"href":"https:\/\/www.konerefrigeration.com\/es\/wp-json\/wp\/v2\/types\/product"}],"replies":[{"embeddable":true,"href":"https:\/\/www.konerefrigeration.com\/es\/wp-json\/wp\/v2\/comments?post=36500"}],"version-history":[{"count":1,"href":"https:\/\/www.konerefrigeration.com\/es\/wp-json\/wp\/v2\/product\/36500\/revisions"}],"predecessor-version":[{"id":38638,"href":"https:\/\/www.konerefrigeration.com\/es\/wp-json\/wp\/v2\/product\/36500\/revisions\/38638"}],"wp:featuredmedia":[{"embeddable":true,"href":"https:\/\/www.konerefrigeration.com\/es\/wp-json\/wp\/v2\/media\/37755"}],"wp:attachment":[{"href":"https:\/\/www.konerefrigeration.com\/es\/wp-json\/wp\/v2\/media?parent=36500"}],"wp:term":[{"taxonomy":"product_brand","embeddable":true,"href":"https:\/\/www.konerefrigeration.com\/es\/wp-json\/wp\/v2\/product_brand?post=36500"},{"taxonomy":"product_cat","embeddable":true,"href":"https:\/\/www.konerefrigeration.com\/es\/wp-json\/wp\/v2\/product_cat?post=36500"},{"taxonomy":"product_tag","embeddable":true,"href":"https:\/\/www.konerefrigeration.com\/es\/wp-json\/wp\/v2\/product_tag?post=36500"}],"curies":[{"name":"wp","href":"https:\/\/api.w.org\/{rel}","templated":true}]}}