{"id":36512,"date":"2023-06-15T12:42:50","date_gmt":"2023-06-15T10:42:50","guid":{"rendered":"https:\/\/www.konerefrigeration.com\/prodotto\/kthp7d-03s\/"},"modified":"2026-05-06T11:12:03","modified_gmt":"2026-05-06T09:12:03","slug":"kthp7d-03s","status":"publish","type":"product","link":"https:\/\/www.konerefrigeration.com\/es\/producto\/kthp7d-03s\/","title":{"rendered":"KTHP7D\/03S"},"content":{"rendered":"<p>MESA REFRIGERADA GN 1\/1 CUERPO H 760 &#8211; Mesa refrigerada con profundidad 700<br \/>3 puertas<br \/>sin encimera<\/p>\n","protected":false},"excerpt":{"rendered":"<p>MESA REFRIGERADA GN 1\/1 CUERPO H 760 &#8211; Mesa refrigerada con profundidad 7003 puertassin encimera<\/p>\n","protected":false},"featured_media":37478,"comment_status":"closed","ping_status":"open","template":"","meta":{"_acf_changed":false},"product_brand":[],"product_cat":[1090],"product_tag":[1099],"class_list":{"0":"post-36512","1":"product","2":"type-product","3":"status-publish","4":"has-post-thumbnail","6":"product_cat-bases-y-mesas-refrigeradas","7":"product_tag-professional-kitchens","8":"pa_capacita-gn-1-1","9":"pa_capacita-l-1611","10":"pa_porte-1555","11":"pa_profondita-1543","12":"pa_temperatura-2-8c-2","13":"pa_unita-condensatrice-incorporado","14":"pa_versione-cuerpo-h-760","16":"first","17":"instock","18":"product-type-simple"},"acf":{"scheda_tecnica":"https:\/\/gemm.datipro.it\/k-one-pdf-datasheet\/es\/04330097","depliant":"","struttura_info":"construcci\u00f3n de acero inoxidable","tipologia_piano":"sin encimera","tipo_di_refrigerazione_info":"refrigeraci\u00f3n ventilada","elettronica_info":"panel de control touch 2.8'', visualizaci\u00f3n digital","sbrinamento_info":"desescarche autom\u00e1tico con resistencias el\u00e9ctricas","evaporazione_acqua_di_condensa_info":"eliminaci\u00f3n autom\u00e1tica del agua de condensaci\u00f3n","allestimenti_a_richiesta":"cajonera de 2 cajones 1\/2 o 3 cajones 1\/3","dotazione_info":"2 rejillas GN 1\/1 por puerta","esclusioni_info":"","gas_info":"R290","tensione_info":"1x230V\/50Hz"},"yoast_head":"<!-- This site is optimized with the Yoast SEO plugin v27.4 - https:\/\/yoast.com\/product\/yoast-seo-wordpress\/ -->\n<title>KTHP7D\/03S - K-One<\/title>\n<meta name=\"robots\" content=\"index, follow, max-snippet:-1, max-image-preview:large, max-video-preview:-1\" \/>\n<link rel=\"canonical\" href=\"https:\/\/www.konerefrigeration.com\/es\/producto\/kthp7d-03s\/\" \/>\n<meta property=\"og:locale\" content=\"es_ES\" \/>\n<meta property=\"og:type\" content=\"article\" \/>\n<meta property=\"og:title\" content=\"KTHP7D\/03S - K-One\" \/>\n<meta property=\"og:description\" content=\"MESA REFRIGERADA GN 1\/1 CUERPO H 760 &#8211; Mesa refrigerada con profundidad 7003 puertassin encimera\" \/>\n<meta property=\"og:url\" content=\"https:\/\/www.konerefrigeration.com\/es\/producto\/kthp7d-03s\/\" \/>\n<meta property=\"og:site_name\" content=\"K-One\" \/>\n<meta property=\"article:modified_time\" content=\"2026-05-06T09:12:03+00:00\" \/>\n<meta property=\"og:image\" content=\"https:\/\/www.konerefrigeration.com\/wp-content\/uploads\/2026\/04\/KTP7D_03S-3-scaled.png\" \/>\n\t<meta property=\"og:image:width\" content=\"2560\" \/>\n\t<meta property=\"og:image:height\" content=\"2560\" \/>\n\t<meta property=\"og:image:type\" content=\"image\/png\" \/>\n<meta name=\"twitter:card\" content=\"summary_large_image\" \/>\n<script type=\"application\/ld+json\" class=\"yoast-schema-graph\">{\"@context\":\"https:\\\/\\\/schema.org\",\"@graph\":[{\"@type\":\"WebPage\",\"@id\":\"https:\\\/\\\/www.konerefrigeration.com\\\/es\\\/producto\\\/kthp7d-03s\\\/\",\"url\":\"https:\\\/\\\/www.konerefrigeration.com\\\/es\\\/producto\\\/kthp7d-03s\\\/\",\"name\":\"KTHP7D\\\/03S - K-One\",\"isPartOf\":{\"@id\":\"https:\\\/\\\/www.konerefrigeration.com\\\/es\\\/#website\"},\"primaryImageOfPage\":{\"@id\":\"https:\\\/\\\/www.konerefrigeration.com\\\/es\\\/producto\\\/kthp7d-03s\\\/#primaryimage\"},\"image\":{\"@id\":\"https:\\\/\\\/www.konerefrigeration.com\\\/es\\\/producto\\\/kthp7d-03s\\\/#primaryimage\"},\"thumbnailUrl\":\"https:\\\/\\\/www.konerefrigeration.com\\\/wp-content\\\/uploads\\\/2026\\\/04\\\/KTP7D_03S-3-scaled.png\",\"datePublished\":\"2023-06-15T10:42:50+00:00\",\"dateModified\":\"2026-05-06T09:12:03+00:00\",\"breadcrumb\":{\"@id\":\"https:\\\/\\\/www.konerefrigeration.com\\\/es\\\/producto\\\/kthp7d-03s\\\/#breadcrumb\"},\"inLanguage\":\"es\",\"potentialAction\":[{\"@type\":\"ReadAction\",\"target\":[\"https:\\\/\\\/www.konerefrigeration.com\\\/es\\\/producto\\\/kthp7d-03s\\\/\"]}]},{\"@type\":\"ImageObject\",\"inLanguage\":\"es\",\"@id\":\"https:\\\/\\\/www.konerefrigeration.com\\\/es\\\/producto\\\/kthp7d-03s\\\/#primaryimage\",\"url\":\"https:\\\/\\\/www.konerefrigeration.com\\\/wp-content\\\/uploads\\\/2026\\\/04\\\/KTP7D_03S-3-scaled.png\",\"contentUrl\":\"https:\\\/\\\/www.konerefrigeration.com\\\/wp-content\\\/uploads\\\/2026\\\/04\\\/KTP7D_03S-3-scaled.png\",\"width\":2560,\"height\":2560},{\"@type\":\"BreadcrumbList\",\"@id\":\"https:\\\/\\\/www.konerefrigeration.com\\\/es\\\/producto\\\/kthp7d-03s\\\/#breadcrumb\",\"itemListElement\":[{\"@type\":\"ListItem\",\"position\":1,\"name\":\"Home\",\"item\":\"https:\\\/\\\/www.konerefrigeration.com\\\/es\\\/\"},{\"@type\":\"ListItem\",\"position\":2,\"name\":\"Productos\",\"item\":\"https:\\\/\\\/www.konerefrigeration.com\\\/es\\\/productos\\\/\"},{\"@type\":\"ListItem\",\"position\":3,\"name\":\"Bases y mesas refrigeradas\",\"item\":\"https:\\\/\\\/www.konerefrigeration.com\\\/es\\\/categoria-de-producto\\\/bases-y-mesas-refrigeradas\\\/\"},{\"@type\":\"ListItem\",\"position\":4,\"name\":\"KTHP7D\\\/03S\"}]},{\"@type\":\"WebSite\",\"@id\":\"https:\\\/\\\/www.konerefrigeration.com\\\/es\\\/#website\",\"url\":\"https:\\\/\\\/www.konerefrigeration.com\\\/es\\\/\",\"name\":\"K-One\",\"description\":\"Sistemi refrigerati professionali di alta qualit\u00e0\",\"potentialAction\":[{\"@type\":\"SearchAction\",\"target\":{\"@type\":\"EntryPoint\",\"urlTemplate\":\"https:\\\/\\\/www.konerefrigeration.com\\\/es\\\/?s={search_term_string}\"},\"query-input\":{\"@type\":\"PropertyValueSpecification\",\"valueRequired\":true,\"valueName\":\"search_term_string\"}}],\"inLanguage\":\"es\"}]}<\/script>\n<!-- \/ Yoast SEO plugin. -->","yoast_head_json":{"title":"KTHP7D\/03S - K-One","robots":{"index":"index","follow":"follow","max-snippet":"max-snippet:-1","max-image-preview":"max-image-preview:large","max-video-preview":"max-video-preview:-1"},"canonical":"https:\/\/www.konerefrigeration.com\/es\/producto\/kthp7d-03s\/","og_locale":"es_ES","og_type":"article","og_title":"KTHP7D\/03S - K-One","og_description":"MESA REFRIGERADA GN 1\/1 CUERPO H 760 &#8211; Mesa refrigerada con profundidad 7003 puertassin encimera","og_url":"https:\/\/www.konerefrigeration.com\/es\/producto\/kthp7d-03s\/","og_site_name":"K-One","article_modified_time":"2026-05-06T09:12:03+00:00","og_image":[{"width":2560,"height":2560,"url":"https:\/\/www.konerefrigeration.com\/wp-content\/uploads\/2026\/04\/KTP7D_03S-3-scaled.png","type":"image\/png"}],"twitter_card":"summary_large_image","schema":{"@context":"https:\/\/schema.org","@graph":[{"@type":"WebPage","@id":"https:\/\/www.konerefrigeration.com\/es\/producto\/kthp7d-03s\/","url":"https:\/\/www.konerefrigeration.com\/es\/producto\/kthp7d-03s\/","name":"KTHP7D\/03S - K-One","isPartOf":{"@id":"https:\/\/www.konerefrigeration.com\/es\/#website"},"primaryImageOfPage":{"@id":"https:\/\/www.konerefrigeration.com\/es\/producto\/kthp7d-03s\/#primaryimage"},"image":{"@id":"https:\/\/www.konerefrigeration.com\/es\/producto\/kthp7d-03s\/#primaryimage"},"thumbnailUrl":"https:\/\/www.konerefrigeration.com\/wp-content\/uploads\/2026\/04\/KTP7D_03S-3-scaled.png","datePublished":"2023-06-15T10:42:50+00:00","dateModified":"2026-05-06T09:12:03+00:00","breadcrumb":{"@id":"https:\/\/www.konerefrigeration.com\/es\/producto\/kthp7d-03s\/#breadcrumb"},"inLanguage":"es","potentialAction":[{"@type":"ReadAction","target":["https:\/\/www.konerefrigeration.com\/es\/producto\/kthp7d-03s\/"]}]},{"@type":"ImageObject","inLanguage":"es","@id":"https:\/\/www.konerefrigeration.com\/es\/producto\/kthp7d-03s\/#primaryimage","url":"https:\/\/www.konerefrigeration.com\/wp-content\/uploads\/2026\/04\/KTP7D_03S-3-scaled.png","contentUrl":"https:\/\/www.konerefrigeration.com\/wp-content\/uploads\/2026\/04\/KTP7D_03S-3-scaled.png","width":2560,"height":2560},{"@type":"BreadcrumbList","@id":"https:\/\/www.konerefrigeration.com\/es\/producto\/kthp7d-03s\/#breadcrumb","itemListElement":[{"@type":"ListItem","position":1,"name":"Home","item":"https:\/\/www.konerefrigeration.com\/es\/"},{"@type":"ListItem","position":2,"name":"Productos","item":"https:\/\/www.konerefrigeration.com\/es\/productos\/"},{"@type":"ListItem","position":3,"name":"Bases y mesas refrigeradas","item":"https:\/\/www.konerefrigeration.com\/es\/categoria-de-producto\/bases-y-mesas-refrigeradas\/"},{"@type":"ListItem","position":4,"name":"KTHP7D\/03S"}]},{"@type":"WebSite","@id":"https:\/\/www.konerefrigeration.com\/es\/#website","url":"https:\/\/www.konerefrigeration.com\/es\/","name":"K-One","description":"Sistemi refrigerati professionali di alta qualit\u00e0","potentialAction":[{"@type":"SearchAction","target":{"@type":"EntryPoint","urlTemplate":"https:\/\/www.konerefrigeration.com\/es\/?s={search_term_string}"},"query-input":{"@type":"PropertyValueSpecification","valueRequired":true,"valueName":"search_term_string"}}],"inLanguage":"es"}]}},"_links":{"self":[{"href":"https:\/\/www.konerefrigeration.com\/es\/wp-json\/wp\/v2\/product\/36512","targetHints":{"allow":["GET"]}}],"collection":[{"href":"https:\/\/www.konerefrigeration.com\/es\/wp-json\/wp\/v2\/product"}],"about":[{"href":"https:\/\/www.konerefrigeration.com\/es\/wp-json\/wp\/v2\/types\/product"}],"replies":[{"embeddable":true,"href":"https:\/\/www.konerefrigeration.com\/es\/wp-json\/wp\/v2\/comments?post=36512"}],"version-history":[{"count":1,"href":"https:\/\/www.konerefrigeration.com\/es\/wp-json\/wp\/v2\/product\/36512\/revisions"}],"predecessor-version":[{"id":38344,"href":"https:\/\/www.konerefrigeration.com\/es\/wp-json\/wp\/v2\/product\/36512\/revisions\/38344"}],"wp:featuredmedia":[{"embeddable":true,"href":"https:\/\/www.konerefrigeration.com\/es\/wp-json\/wp\/v2\/media\/37478"}],"wp:attachment":[{"href":"https:\/\/www.konerefrigeration.com\/es\/wp-json\/wp\/v2\/media?parent=36512"}],"wp:term":[{"taxonomy":"product_brand","embeddable":true,"href":"https:\/\/www.konerefrigeration.com\/es\/wp-json\/wp\/v2\/product_brand?post=36512"},{"taxonomy":"product_cat","embeddable":true,"href":"https:\/\/www.konerefrigeration.com\/es\/wp-json\/wp\/v2\/product_cat?post=36512"},{"taxonomy":"product_tag","embeddable":true,"href":"https:\/\/www.konerefrigeration.com\/es\/wp-json\/wp\/v2\/product_tag?post=36512"}],"curies":[{"name":"wp","href":"https:\/\/api.w.org\/{rel}","templated":true}]}}