{"id":36553,"date":"2023-06-15T12:43:42","date_gmt":"2023-06-15T10:43:42","guid":{"rendered":"https:\/\/www.konerefrigeration.com\/prodotto\/kbf-03\/"},"modified":"2026-05-06T14:59:48","modified_gmt":"2026-05-06T12:59:48","slug":"kbf-03","status":"publish","type":"product","link":"https:\/\/www.konerefrigeration.com\/es\/producto\/kbf-03\/","title":{"rendered":"KBF\/03"},"content":{"rendered":"<p>ABATIDOR DE TEMPERATURA 3 BANDEJAS GN 1\/1 \/ 600X400 &#8211; Abatidor de temperatura para abatimiento r\u00e1pido de la temperatura en el coraz\u00f3n de los alimentos: abatimiento positivo de +90\u00b0C a +3\u00b0C en 90 minutos y negativo de +90\u00b0C a -18\u00b0C en 240 minutos. Alcance de la temperatura m\u00ednima del aire -40\u00b0C.<\/p>\n","protected":false},"excerpt":{"rendered":"<p>ABATIDOR DE TEMPERATURA 3 BANDEJAS GN 1\/1 \/ 600X400 &#8211; Abatidor de temperatura para abatimiento r\u00e1pido de la temperatura en el coraz\u00f3n de los alimentos: abatimiento positivo de +90\u00b0C a +3\u00b0C en 90 minutos y negativo de +90\u00b0C a -18\u00b0C en 240 minutos. Alcance de la temperatura m\u00ednima del aire -40\u00b0C.<\/p>\n","protected":false},"featured_media":37669,"comment_status":"closed","ping_status":"closed","template":"","meta":{"_acf_changed":false},"product_brand":[],"product_cat":[1087],"product_tag":[1099,1100,1101],"class_list":{"0":"post-36553","1":"product","2":"type-product","3":"status-publish","4":"has-post-thumbnail","6":"product_cat-abatidores-de-temperatura","7":"product_tag-professional-kitchens","8":"product_tag-ice-cream","9":"product_tag-pastry","10":"pa_capacita-3-bandejas-gn-1-1","11":"pa_capacita-l-1643","12":"pa_porte-1563","13":"pa_resa-abbattimento-90-3c-15kg-90-18c-10kg-2","14":"pa_unita-condensatrice-incorporado","15":"pa_versione-per-teglie","17":"first","18":"instock","19":"product-type-simple"},"acf":{"scheda_tecnica":"https:\/\/gemm.datipro.it\/k-one-pdf-datasheet\/es\/04610015","depliant":"","struttura_info":"construcci\u00f3n de acero inoxidable","tipologia_piano":"sin encimera","tipo_di_refrigerazione_info":"abatimiento de +90\u00baC a +3\u00baC en 90' y surgelaci\u00f3n de +90\u00baC a -18\u00baC en 240'. Alcanzando temperatura minima del aire de -40\u00baC.","elettronica_info":"panel de control touch 2.8'', visualizaci\u00f3n digital","sbrinamento_info":"sistema de desescarche autom\u00e1tico por pausa","evaporazione_acqua_di_condensa_info":"bandeja manual para eliminaci\u00f3n de condensaci\u00f3n","allestimenti_a_richiesta":"","dotazione_info":"estructura de bandejas, paso de 67 mm","esclusioni_info":"bandejas\/rejillas","gas_info":"R290","tensione_info":"1x230V\/50Hz"},"yoast_head":"<!-- This site is optimized with the Yoast SEO plugin v27.4 - https:\/\/yoast.com\/product\/yoast-seo-wordpress\/ -->\n<title>KBF\/03 - K-One<\/title>\n<meta name=\"robots\" content=\"index, follow, max-snippet:-1, max-image-preview:large, max-video-preview:-1\" \/>\n<link rel=\"canonical\" href=\"https:\/\/www.konerefrigeration.com\/es\/producto\/kbf-03\/\" \/>\n<meta property=\"og:locale\" content=\"es_ES\" \/>\n<meta property=\"og:type\" content=\"article\" \/>\n<meta property=\"og:title\" content=\"KBF\/03 - K-One\" \/>\n<meta property=\"og:description\" content=\"ABATIDOR DE TEMPERATURA 3 BANDEJAS GN 1\/1 \/ 600X400 &#8211; Abatidor de temperatura para abatimiento r\u00e1pido de la temperatura en el coraz\u00f3n de los alimentos: abatimiento positivo de +90\u00b0C a +3\u00b0C en 90 minutos y negativo de +90\u00b0C a -18\u00b0C en 240 minutos. Alcance de la temperatura m\u00ednima del aire -40\u00b0C.\" \/>\n<meta property=\"og:url\" content=\"https:\/\/www.konerefrigeration.com\/es\/producto\/kbf-03\/\" \/>\n<meta property=\"og:site_name\" content=\"K-One\" \/>\n<meta property=\"article:modified_time\" content=\"2026-05-06T12:59:48+00:00\" \/>\n<meta property=\"og:image\" content=\"https:\/\/www.konerefrigeration.com\/wp-content\/uploads\/2026\/04\/KBF-03-scaled.png\" \/>\n\t<meta property=\"og:image:width\" content=\"2560\" \/>\n\t<meta property=\"og:image:height\" content=\"2560\" \/>\n\t<meta property=\"og:image:type\" content=\"image\/png\" \/>\n<meta name=\"twitter:card\" content=\"summary_large_image\" \/>\n<script type=\"application\/ld+json\" class=\"yoast-schema-graph\">{\"@context\":\"https:\\\/\\\/schema.org\",\"@graph\":[{\"@type\":\"WebPage\",\"@id\":\"https:\\\/\\\/www.konerefrigeration.com\\\/es\\\/producto\\\/kbf-03\\\/\",\"url\":\"https:\\\/\\\/www.konerefrigeration.com\\\/es\\\/producto\\\/kbf-03\\\/\",\"name\":\"KBF\\\/03 - K-One\",\"isPartOf\":{\"@id\":\"https:\\\/\\\/www.konerefrigeration.com\\\/es\\\/#website\"},\"primaryImageOfPage\":{\"@id\":\"https:\\\/\\\/www.konerefrigeration.com\\\/es\\\/producto\\\/kbf-03\\\/#primaryimage\"},\"image\":{\"@id\":\"https:\\\/\\\/www.konerefrigeration.com\\\/es\\\/producto\\\/kbf-03\\\/#primaryimage\"},\"thumbnailUrl\":\"https:\\\/\\\/www.konerefrigeration.com\\\/wp-content\\\/uploads\\\/2026\\\/04\\\/KBF-03-scaled.png\",\"datePublished\":\"2023-06-15T10:43:42+00:00\",\"dateModified\":\"2026-05-06T12:59:48+00:00\",\"breadcrumb\":{\"@id\":\"https:\\\/\\\/www.konerefrigeration.com\\\/es\\\/producto\\\/kbf-03\\\/#breadcrumb\"},\"inLanguage\":\"es\",\"potentialAction\":[{\"@type\":\"ReadAction\",\"target\":[\"https:\\\/\\\/www.konerefrigeration.com\\\/es\\\/producto\\\/kbf-03\\\/\"]}]},{\"@type\":\"ImageObject\",\"inLanguage\":\"es\",\"@id\":\"https:\\\/\\\/www.konerefrigeration.com\\\/es\\\/producto\\\/kbf-03\\\/#primaryimage\",\"url\":\"https:\\\/\\\/www.konerefrigeration.com\\\/wp-content\\\/uploads\\\/2026\\\/04\\\/KBF-03-scaled.png\",\"contentUrl\":\"https:\\\/\\\/www.konerefrigeration.com\\\/wp-content\\\/uploads\\\/2026\\\/04\\\/KBF-03-scaled.png\",\"width\":2560,\"height\":2560},{\"@type\":\"BreadcrumbList\",\"@id\":\"https:\\\/\\\/www.konerefrigeration.com\\\/es\\\/producto\\\/kbf-03\\\/#breadcrumb\",\"itemListElement\":[{\"@type\":\"ListItem\",\"position\":1,\"name\":\"Home\",\"item\":\"https:\\\/\\\/www.konerefrigeration.com\\\/es\\\/\"},{\"@type\":\"ListItem\",\"position\":2,\"name\":\"Productos\",\"item\":\"https:\\\/\\\/www.konerefrigeration.com\\\/es\\\/productos\\\/\"},{\"@type\":\"ListItem\",\"position\":3,\"name\":\"Abatidores de temperatura\",\"item\":\"https:\\\/\\\/www.konerefrigeration.com\\\/es\\\/categoria-de-producto\\\/abatidores-de-temperatura\\\/\"},{\"@type\":\"ListItem\",\"position\":4,\"name\":\"KBF\\\/03\"}]},{\"@type\":\"WebSite\",\"@id\":\"https:\\\/\\\/www.konerefrigeration.com\\\/es\\\/#website\",\"url\":\"https:\\\/\\\/www.konerefrigeration.com\\\/es\\\/\",\"name\":\"K-One\",\"description\":\"Sistemi refrigerati professionali di alta qualit\u00e0\",\"potentialAction\":[{\"@type\":\"SearchAction\",\"target\":{\"@type\":\"EntryPoint\",\"urlTemplate\":\"https:\\\/\\\/www.konerefrigeration.com\\\/es\\\/?s={search_term_string}\"},\"query-input\":{\"@type\":\"PropertyValueSpecification\",\"valueRequired\":true,\"valueName\":\"search_term_string\"}}],\"inLanguage\":\"es\"}]}<\/script>\n<!-- \/ Yoast SEO plugin. -->","yoast_head_json":{"title":"KBF\/03 - K-One","robots":{"index":"index","follow":"follow","max-snippet":"max-snippet:-1","max-image-preview":"max-image-preview:large","max-video-preview":"max-video-preview:-1"},"canonical":"https:\/\/www.konerefrigeration.com\/es\/producto\/kbf-03\/","og_locale":"es_ES","og_type":"article","og_title":"KBF\/03 - K-One","og_description":"ABATIDOR DE TEMPERATURA 3 BANDEJAS GN 1\/1 \/ 600X400 &#8211; Abatidor de temperatura para abatimiento r\u00e1pido de la temperatura en el coraz\u00f3n de los alimentos: abatimiento positivo de +90\u00b0C a +3\u00b0C en 90 minutos y negativo de +90\u00b0C a -18\u00b0C en 240 minutos. Alcance de la temperatura m\u00ednima del aire -40\u00b0C.","og_url":"https:\/\/www.konerefrigeration.com\/es\/producto\/kbf-03\/","og_site_name":"K-One","article_modified_time":"2026-05-06T12:59:48+00:00","og_image":[{"width":2560,"height":2560,"url":"https:\/\/www.konerefrigeration.com\/wp-content\/uploads\/2026\/04\/KBF-03-scaled.png","type":"image\/png"}],"twitter_card":"summary_large_image","schema":{"@context":"https:\/\/schema.org","@graph":[{"@type":"WebPage","@id":"https:\/\/www.konerefrigeration.com\/es\/producto\/kbf-03\/","url":"https:\/\/www.konerefrigeration.com\/es\/producto\/kbf-03\/","name":"KBF\/03 - K-One","isPartOf":{"@id":"https:\/\/www.konerefrigeration.com\/es\/#website"},"primaryImageOfPage":{"@id":"https:\/\/www.konerefrigeration.com\/es\/producto\/kbf-03\/#primaryimage"},"image":{"@id":"https:\/\/www.konerefrigeration.com\/es\/producto\/kbf-03\/#primaryimage"},"thumbnailUrl":"https:\/\/www.konerefrigeration.com\/wp-content\/uploads\/2026\/04\/KBF-03-scaled.png","datePublished":"2023-06-15T10:43:42+00:00","dateModified":"2026-05-06T12:59:48+00:00","breadcrumb":{"@id":"https:\/\/www.konerefrigeration.com\/es\/producto\/kbf-03\/#breadcrumb"},"inLanguage":"es","potentialAction":[{"@type":"ReadAction","target":["https:\/\/www.konerefrigeration.com\/es\/producto\/kbf-03\/"]}]},{"@type":"ImageObject","inLanguage":"es","@id":"https:\/\/www.konerefrigeration.com\/es\/producto\/kbf-03\/#primaryimage","url":"https:\/\/www.konerefrigeration.com\/wp-content\/uploads\/2026\/04\/KBF-03-scaled.png","contentUrl":"https:\/\/www.konerefrigeration.com\/wp-content\/uploads\/2026\/04\/KBF-03-scaled.png","width":2560,"height":2560},{"@type":"BreadcrumbList","@id":"https:\/\/www.konerefrigeration.com\/es\/producto\/kbf-03\/#breadcrumb","itemListElement":[{"@type":"ListItem","position":1,"name":"Home","item":"https:\/\/www.konerefrigeration.com\/es\/"},{"@type":"ListItem","position":2,"name":"Productos","item":"https:\/\/www.konerefrigeration.com\/es\/productos\/"},{"@type":"ListItem","position":3,"name":"Abatidores de temperatura","item":"https:\/\/www.konerefrigeration.com\/es\/categoria-de-producto\/abatidores-de-temperatura\/"},{"@type":"ListItem","position":4,"name":"KBF\/03"}]},{"@type":"WebSite","@id":"https:\/\/www.konerefrigeration.com\/es\/#website","url":"https:\/\/www.konerefrigeration.com\/es\/","name":"K-One","description":"Sistemi refrigerati professionali di alta qualit\u00e0","potentialAction":[{"@type":"SearchAction","target":{"@type":"EntryPoint","urlTemplate":"https:\/\/www.konerefrigeration.com\/es\/?s={search_term_string}"},"query-input":{"@type":"PropertyValueSpecification","valueRequired":true,"valueName":"search_term_string"}}],"inLanguage":"es"}]}},"_links":{"self":[{"href":"https:\/\/www.konerefrigeration.com\/es\/wp-json\/wp\/v2\/product\/36553","targetHints":{"allow":["GET"]}}],"collection":[{"href":"https:\/\/www.konerefrigeration.com\/es\/wp-json\/wp\/v2\/product"}],"about":[{"href":"https:\/\/www.konerefrigeration.com\/es\/wp-json\/wp\/v2\/types\/product"}],"replies":[{"embeddable":true,"href":"https:\/\/www.konerefrigeration.com\/es\/wp-json\/wp\/v2\/comments?post=36553"}],"version-history":[{"count":1,"href":"https:\/\/www.konerefrigeration.com\/es\/wp-json\/wp\/v2\/product\/36553\/revisions"}],"predecessor-version":[{"id":38546,"href":"https:\/\/www.konerefrigeration.com\/es\/wp-json\/wp\/v2\/product\/36553\/revisions\/38546"}],"wp:featuredmedia":[{"embeddable":true,"href":"https:\/\/www.konerefrigeration.com\/es\/wp-json\/wp\/v2\/media\/37669"}],"wp:attachment":[{"href":"https:\/\/www.konerefrigeration.com\/es\/wp-json\/wp\/v2\/media?parent=36553"}],"wp:term":[{"taxonomy":"product_brand","embeddable":true,"href":"https:\/\/www.konerefrigeration.com\/es\/wp-json\/wp\/v2\/product_brand?post=36553"},{"taxonomy":"product_cat","embeddable":true,"href":"https:\/\/www.konerefrigeration.com\/es\/wp-json\/wp\/v2\/product_cat?post=36553"},{"taxonomy":"product_tag","embeddable":true,"href":"https:\/\/www.konerefrigeration.com\/es\/wp-json\/wp\/v2\/product_tag?post=36553"}],"curies":[{"name":"wp","href":"https:\/\/api.w.org\/{rel}","templated":true}]}}