{"id":30498,"date":"2019-04-18T16:39:58","date_gmt":"2019-04-18T16:39:58","guid":{"rendered":"https:\/\/staging.konerefrigeration.com\/azienda\/"},"modified":"2026-03-23T10:10:55","modified_gmt":"2026-03-23T09:10:55","slug":"entreprise","status":"publish","type":"page","link":"https:\/\/www.konerefrigeration.com\/fr\/entreprise\/","title":{"rendered":"L&rsquo;entreprise"},"content":{"rendered":"\t\t<div data-elementor-type=\"wp-post\" data-elementor-id=\"30498\" class=\"elementor elementor-30498 elementor-333\" data-elementor-post-type=\"page\">\n\t\t\t\t\t\t<section class=\"elementor-section elementor-top-section elementor-element elementor-element-4804585 elementor-section-items-bottom elementor-section-full_width elementor-section-height-min-height elementor-section-stretched elementor-section-height-default\" data-id=\"4804585\" data-element_type=\"section\" data-e-type=\"section\" data-settings=\"{&quot;background_background&quot;:&quot;classic&quot;,&quot;stretch_section&quot;:&quot;section-stretched&quot;}\">\n\t\t\t\t\t\t<div class=\"elementor-container elementor-column-gap-default\">\n\t\t\t\t\t<div class=\"elementor-column elementor-col-100 elementor-top-column elementor-element elementor-element-e0b3a72\" data-id=\"e0b3a72\" data-element_type=\"column\" data-e-type=\"column\">\n\t\t\t<div class=\"elementor-widget-wrap elementor-element-populated\">\n\t\t\t\t\t\t<div class=\"elementor-element elementor-element-f21834b elementor-widget elementor-widget-text-editor\" data-id=\"f21834b\" data-element_type=\"widget\" data-e-type=\"widget\" data-widget_type=\"text-editor.default\">\n\t\t\t\t<div class=\"elementor-widget-container\">\n\t\t\t\t\t\t\t\t\tL&rsquo;entreprise\t\t\t\t\t\t\t\t<\/div>\n\t\t\t\t<\/div>\n\t\t\t\t\t<\/div>\n\t\t<\/div>\n\t\t\t\t\t<\/div>\n\t\t<\/section>\n\t\t\t\t<section class=\"elementor-section elementor-top-section elementor-element elementor-element-8734562 elementor-section-full_width elementor-section-height-default elementor-section-height-default\" data-id=\"8734562\" data-element_type=\"section\" data-e-type=\"section\">\n\t\t\t\t\t\t<div class=\"elementor-container elementor-column-gap-no\">\n\t\t\t\t\t<div class=\"elementor-column elementor-col-100 elementor-top-column elementor-element elementor-element-a75e053\" data-id=\"a75e053\" data-element_type=\"column\" data-e-type=\"column\">\n\t\t\t<div class=\"elementor-widget-wrap elementor-element-populated\">\n\t\t\t\t\t\t<div class=\"elementor-element elementor-element-6428a4f elementor-widget elementor-widget-raven-image\" data-id=\"6428a4f\" data-element_type=\"widget\" data-e-type=\"widget\" data-widget_type=\"raven-image.default\">\n\t\t\t\t<div class=\"elementor-widget-container\">\n\t\t\t\t\t\t\t<div class=\"raven-image\">\n\t\t\n\t\t\n\t\t<img fetchpriority=\"high\" decoding=\"async\" width=\"1920\" height=\"1080\" src=\"https:\/\/www.konerefrigeration.com\/wp-content\/uploads\/2023\/07\/Visual-Azienda.jpg\" class=\"attachment-2048x2048 size-2048x2048 wp-image-34154\" alt=\"\" srcset=\"https:\/\/www.konerefrigeration.com\/wp-content\/uploads\/2023\/07\/Visual-Azienda.jpg 1920w, https:\/\/www.konerefrigeration.com\/wp-content\/uploads\/2023\/07\/Visual-Azienda-600x338.jpg 600w, https:\/\/www.konerefrigeration.com\/wp-content\/uploads\/2023\/07\/Visual-Azienda-300x169.jpg 300w, https:\/\/www.konerefrigeration.com\/wp-content\/uploads\/2023\/07\/Visual-Azienda-1024x576.jpg 1024w, https:\/\/www.konerefrigeration.com\/wp-content\/uploads\/2023\/07\/Visual-Azienda-768x432.jpg 768w, https:\/\/www.konerefrigeration.com\/wp-content\/uploads\/2023\/07\/Visual-Azienda-1536x864.jpg 1536w\" sizes=\"(max-width: 1920px) 100vw, 1920px\" \/>\t\t<\/div>\n\t\t\t\t\t\t<\/div>\n\t\t\t\t<\/div>\n\t\t\t\t\t<\/div>\n\t\t<\/div>\n\t\t\t\t\t<\/div>\n\t\t<\/section>\n\t\t\t\t<section class=\"elementor-section elementor-top-section elementor-element elementor-element-091f5e1 elementor-section-boxed elementor-section-height-default elementor-section-height-default\" data-id=\"091f5e1\" data-element_type=\"section\" data-e-type=\"section\">\n\t\t\t\t\t\t<div class=\"elementor-container elementor-column-gap-default\">\n\t\t\t\t\t<div class=\"elementor-column elementor-col-100 elementor-top-column elementor-element elementor-element-9dd7121\" data-id=\"9dd7121\" data-element_type=\"column\" data-e-type=\"column\">\n\t\t\t<div class=\"elementor-widget-wrap elementor-element-populated\">\n\t\t\t\t\t\t<div class=\"elementor-element elementor-element-96493e4 elementor-widget elementor-widget-breadcrumbs\" data-id=\"96493e4\" data-element_type=\"widget\" data-e-type=\"widget\" data-widget_type=\"breadcrumbs.default\">\n\t\t\t\t<div class=\"elementor-widget-container\">\n\t\t\t\t\t<p id=\"breadcrumbs\"><span><span><a href=\"https:\/\/www.konerefrigeration.com\/fr\/\">Home<\/a><\/span><\/span><\/p>\t\t\t\t<\/div>\n\t\t\t\t<\/div>\n\t\t\t\t<div class=\"elementor-element elementor-element-0328a36 elementor-widget elementor-widget-heading\" data-id=\"0328a36\" data-element_type=\"widget\" data-e-type=\"widget\" data-widget_type=\"heading.default\">\n\t\t\t\t<div class=\"elementor-widget-container\">\n\t\t\t\t\t<h2 class=\"elementor-heading-title elementor-size-default\"><span class=\"blue\">K-ONE<\/span> c'est le professionnalisme et la fiabilit\u00e9 made in GEMM.<\/h2>\t\t\t\t<\/div>\n\t\t\t\t<\/div>\n\t\t\t\t<div class=\"elementor-element elementor-element-c70e3f7 elementor-widget__width-inherit elementor-widget elementor-widget-text-editor\" data-id=\"c70e3f7\" data-element_type=\"widget\" data-e-type=\"widget\" data-widget_type=\"text-editor.default\">\n\t\t\t\t<div class=\"elementor-widget-container\">\n\t\t\t\t\t\t\t\t\t<p><strong>K-ONE<\/strong> est une marque de <strong>GEMM<\/strong>, entreprise leader dans le secteur de la r\u00e9frig\u00e9ration professionnelle. Gr\u00e2ce \u00e0 des normes de <strong>qualit\u00e9 \u00e9lev\u00e9es, une philosophie ax\u00e9e sur la satisfaction client et un investissement constant dans l&rsquo;innovation<\/strong>, GEMM a consolid\u00e9 sa pr\u00e9sence sur les <strong>march\u00e9s nationaux et internationaux<\/strong>.<\/p><p>Au fil des ans, GEMM a mis en \u0153uvre un important programme de d\u00e9veloppement, avec l&rsquo;agrandissement de son si\u00e8ge social et l&rsquo;acquisition d&rsquo;un deuxi\u00e8me site d&rsquo;une superficie totale de 8500 m\u00b2.<\/p><p>Parall\u00e8lement, des investissements significatifs dans des technologies de production avanc\u00e9es, notamment des presses \u00e0 plateaux chauffants et des doseuses haute pression, ont permis d&rsquo;optimiser les processus de production et d&rsquo;accro\u00eetre la productivit\u00e9.<\/p>\t\t\t\t\t\t\t\t<\/div>\n\t\t\t\t<\/div>\n\t\t\t\t\t<\/div>\n\t\t<\/div>\n\t\t\t\t\t<\/div>\n\t\t<\/section>\n\t\t\t\t<section class=\"elementor-section elementor-top-section elementor-element elementor-element-77e542b elementor-section-boxed elementor-section-height-default elementor-section-height-default\" data-id=\"77e542b\" data-element_type=\"section\" data-e-type=\"section\">\n\t\t\t\t\t\t<div class=\"elementor-container elementor-column-gap-default\">\n\t\t\t\t\t<div class=\"elementor-column elementor-col-25 elementor-top-column elementor-element elementor-element-376e459\" data-id=\"376e459\" data-element_type=\"column\" data-e-type=\"column\">\n\t\t\t<div class=\"elementor-widget-wrap elementor-element-populated\">\n\t\t\t\t\t\t<div class=\"elementor-element elementor-element-8d7639a elementor-widget elementor-widget-image\" data-id=\"8d7639a\" data-element_type=\"widget\" data-e-type=\"widget\" data-widget_type=\"image.default\">\n\t\t\t\t<div class=\"elementor-widget-container\">\n\t\t\t\t\t\t\t\t\t\t\t\t\t\t\t<img decoding=\"async\" width=\"800\" height=\"600\" src=\"https:\/\/www.konerefrigeration.com\/wp-content\/uploads\/2023\/07\/foto-1-testo-azienda.jpg\" class=\"attachment-full size-full wp-image-34134\" alt=\"\" srcset=\"https:\/\/www.konerefrigeration.com\/wp-content\/uploads\/2023\/07\/foto-1-testo-azienda.jpg 800w, https:\/\/www.konerefrigeration.com\/wp-content\/uploads\/2023\/07\/foto-1-testo-azienda-600x450.jpg 600w, https:\/\/www.konerefrigeration.com\/wp-content\/uploads\/2023\/07\/foto-1-testo-azienda-300x225.jpg 300w, https:\/\/www.konerefrigeration.com\/wp-content\/uploads\/2023\/07\/foto-1-testo-azienda-768x576.jpg 768w\" sizes=\"(max-width: 800px) 100vw, 800px\" \/>\t\t\t\t\t\t\t\t\t\t\t\t\t\t\t<\/div>\n\t\t\t\t<\/div>\n\t\t\t\t\t<\/div>\n\t\t<\/div>\n\t\t\t\t<div class=\"elementor-column elementor-col-25 elementor-top-column elementor-element elementor-element-d0af9f9\" data-id=\"d0af9f9\" data-element_type=\"column\" data-e-type=\"column\">\n\t\t\t<div class=\"elementor-widget-wrap elementor-element-populated\">\n\t\t\t\t\t\t<div class=\"elementor-element elementor-element-dc8ff9c elementor-widget elementor-widget-image\" data-id=\"dc8ff9c\" data-element_type=\"widget\" data-e-type=\"widget\" data-widget_type=\"image.default\">\n\t\t\t\t<div class=\"elementor-widget-container\">\n\t\t\t\t\t\t\t\t\t\t\t\t\t\t\t<img decoding=\"async\" width=\"800\" height=\"533\" src=\"https:\/\/www.konerefrigeration.com\/wp-content\/uploads\/2023\/07\/foto-2-testo-azienda.jpg\" class=\"attachment-full size-full wp-image-34138\" alt=\"\" srcset=\"https:\/\/www.konerefrigeration.com\/wp-content\/uploads\/2023\/07\/foto-2-testo-azienda.jpg 800w, https:\/\/www.konerefrigeration.com\/wp-content\/uploads\/2023\/07\/foto-2-testo-azienda-600x400.jpg 600w, https:\/\/www.konerefrigeration.com\/wp-content\/uploads\/2023\/07\/foto-2-testo-azienda-300x200.jpg 300w, https:\/\/www.konerefrigeration.com\/wp-content\/uploads\/2023\/07\/foto-2-testo-azienda-768x512.jpg 768w\" sizes=\"(max-width: 800px) 100vw, 800px\" \/>\t\t\t\t\t\t\t\t\t\t\t\t\t\t\t<\/div>\n\t\t\t\t<\/div>\n\t\t\t\t\t<\/div>\n\t\t<\/div>\n\t\t\t\t<div class=\"elementor-column elementor-col-25 elementor-top-column elementor-element elementor-element-2be45b2\" data-id=\"2be45b2\" data-element_type=\"column\" data-e-type=\"column\">\n\t\t\t<div class=\"elementor-widget-wrap elementor-element-populated\">\n\t\t\t\t\t\t<div class=\"elementor-element elementor-element-b3b4656 elementor-widget elementor-widget-image\" data-id=\"b3b4656\" data-element_type=\"widget\" data-e-type=\"widget\" data-widget_type=\"image.default\">\n\t\t\t\t<div class=\"elementor-widget-container\">\n\t\t\t\t\t\t\t\t\t\t\t\t\t\t\t<img loading=\"lazy\" decoding=\"async\" width=\"800\" height=\"533\" src=\"https:\/\/www.konerefrigeration.com\/wp-content\/uploads\/2023\/07\/foto-3-testo-azienda.jpg\" class=\"attachment-large size-large wp-image-34142\" alt=\"\" srcset=\"https:\/\/www.konerefrigeration.com\/wp-content\/uploads\/2023\/07\/foto-3-testo-azienda.jpg 800w, https:\/\/www.konerefrigeration.com\/wp-content\/uploads\/2023\/07\/foto-3-testo-azienda-600x400.jpg 600w, https:\/\/www.konerefrigeration.com\/wp-content\/uploads\/2023\/07\/foto-3-testo-azienda-300x200.jpg 300w, https:\/\/www.konerefrigeration.com\/wp-content\/uploads\/2023\/07\/foto-3-testo-azienda-768x512.jpg 768w\" sizes=\"(max-width: 800px) 100vw, 800px\" \/>\t\t\t\t\t\t\t\t\t\t\t\t\t\t\t<\/div>\n\t\t\t\t<\/div>\n\t\t\t\t\t<\/div>\n\t\t<\/div>\n\t\t\t\t<div class=\"elementor-column elementor-col-25 elementor-top-column elementor-element elementor-element-8a2ddae\" data-id=\"8a2ddae\" data-element_type=\"column\" data-e-type=\"column\">\n\t\t\t<div class=\"elementor-widget-wrap elementor-element-populated\">\n\t\t\t\t\t\t<div class=\"elementor-element elementor-element-74702a3 elementor-widget elementor-widget-image\" data-id=\"74702a3\" data-element_type=\"widget\" data-e-type=\"widget\" data-widget_type=\"image.default\">\n\t\t\t\t<div class=\"elementor-widget-container\">\n\t\t\t\t\t\t\t\t\t\t\t\t\t\t\t<img loading=\"lazy\" decoding=\"async\" width=\"800\" height=\"533\" src=\"https:\/\/www.konerefrigeration.com\/wp-content\/uploads\/2023\/07\/foto-4-testo-azienda.jpg\" class=\"attachment-full size-full wp-image-34146\" alt=\"\" srcset=\"https:\/\/www.konerefrigeration.com\/wp-content\/uploads\/2023\/07\/foto-4-testo-azienda.jpg 800w, https:\/\/www.konerefrigeration.com\/wp-content\/uploads\/2023\/07\/foto-4-testo-azienda-600x400.jpg 600w, https:\/\/www.konerefrigeration.com\/wp-content\/uploads\/2023\/07\/foto-4-testo-azienda-300x200.jpg 300w, https:\/\/www.konerefrigeration.com\/wp-content\/uploads\/2023\/07\/foto-4-testo-azienda-768x512.jpg 768w\" sizes=\"(max-width: 800px) 100vw, 800px\" \/>\t\t\t\t\t\t\t\t\t\t\t\t\t\t\t<\/div>\n\t\t\t\t<\/div>\n\t\t\t\t\t<\/div>\n\t\t<\/div>\n\t\t\t\t\t<\/div>\n\t\t<\/section>\n\t\t\t\t<\/div>\n\t\t","protected":false},"excerpt":{"rendered":"<p>K-ONE c&rsquo;est le professionnalisme et la fiabilit\u00e9 made in GEMM. K-ONE est une marque de GEMM, entreprise leader dans le secteur de la r\u00e9frig\u00e9ration professionnelle. Gr\u00e2ce \u00e0 des normes de qualit\u00e9 \u00e9lev\u00e9es, une philosophie ax\u00e9e sur la satisfaction client et un investissement constant dans l&rsquo;innovation, GEMM a consolid\u00e9 sa pr\u00e9sence sur les march\u00e9s nationaux et [&hellip;]<\/p>\n","protected":false},"author":2,"featured_media":0,"parent":0,"menu_order":1,"comment_status":"closed","ping_status":"closed","template":"elementor_header_footer","meta":{"_acf_changed":false,"footnotes":""},"class_list":["post-30498","page","type-page","status-publish","hentry"],"acf":[],"yoast_head":"<!-- This site is optimized with the Yoast SEO plugin v27.4 - https:\/\/yoast.com\/product\/yoast-seo-wordpress\/ -->\n<title>Produzione tavoli frigo d\u2019eccellenza | GEMM SRL<\/title>\n<meta name=\"description\" content=\"GEMM SRL \u00e8 leader nel settore della produzione di tavoli frigo professionali per la conservazione degli alimenti su scala nazionale e internazionale.\" \/>\n<meta name=\"robots\" content=\"index, follow, max-snippet:-1, max-image-preview:large, max-video-preview:-1\" \/>\n<link rel=\"canonical\" href=\"https:\/\/www.konerefrigeration.com\/fr\/entreprise\/\" \/>\n<meta property=\"og:locale\" content=\"fr_FR\" \/>\n<meta property=\"og:type\" content=\"article\" \/>\n<meta property=\"og:title\" content=\"Produzione tavoli frigo d\u2019eccellenza | GEMM SRL\" \/>\n<meta property=\"og:description\" content=\"GEMM SRL \u00e8 leader nel settore della produzione di tavoli frigo professionali per la conservazione degli alimenti su scala nazionale e internazionale.\" \/>\n<meta property=\"og:url\" content=\"https:\/\/www.konerefrigeration.com\/fr\/entreprise\/\" \/>\n<meta property=\"og:site_name\" content=\"K-One\" \/>\n<meta property=\"article:modified_time\" content=\"2026-03-23T09:10:55+00:00\" \/>\n<meta property=\"og:image\" content=\"https:\/\/www.konerefrigeration.com\/wp-content\/uploads\/2023\/07\/Visual-Azienda.jpg\" \/>\n\t<meta property=\"og:image:width\" content=\"1920\" \/>\n\t<meta property=\"og:image:height\" content=\"1080\" \/>\n\t<meta property=\"og:image:type\" content=\"image\/jpeg\" \/>\n<meta name=\"twitter:card\" content=\"summary_large_image\" \/>\n<meta name=\"twitter:label1\" content=\"Dur\u00e9e de lecture estim\u00e9e\" \/>\n\t<meta name=\"twitter:data1\" content=\"2 minutes\" \/>\n<script type=\"application\/ld+json\" class=\"yoast-schema-graph\">{\"@context\":\"https:\\\/\\\/schema.org\",\"@graph\":[{\"@type\":\"WebPage\",\"@id\":\"https:\\\/\\\/www.konerefrigeration.com\\\/fr\\\/entreprise\\\/\",\"url\":\"https:\\\/\\\/www.konerefrigeration.com\\\/fr\\\/entreprise\\\/\",\"name\":\"Produzione tavoli frigo d\u2019eccellenza | GEMM SRL\",\"isPartOf\":{\"@id\":\"https:\\\/\\\/www.konerefrigeration.com\\\/fr\\\/#website\"},\"primaryImageOfPage\":{\"@id\":\"https:\\\/\\\/www.konerefrigeration.com\\\/fr\\\/entreprise\\\/#primaryimage\"},\"image\":{\"@id\":\"https:\\\/\\\/www.konerefrigeration.com\\\/fr\\\/entreprise\\\/#primaryimage\"},\"thumbnailUrl\":\"https:\\\/\\\/www.konerefrigeration.com\\\/wp-content\\\/uploads\\\/2023\\\/07\\\/Visual-Azienda.jpg\",\"datePublished\":\"2019-04-18T16:39:58+00:00\",\"dateModified\":\"2026-03-23T09:10:55+00:00\",\"description\":\"GEMM SRL \u00e8 leader nel settore della produzione di tavoli frigo professionali per la conservazione degli alimenti su scala nazionale e internazionale.\",\"breadcrumb\":{\"@id\":\"https:\\\/\\\/www.konerefrigeration.com\\\/fr\\\/entreprise\\\/#breadcrumb\"},\"inLanguage\":\"fr-FR\",\"potentialAction\":[{\"@type\":\"ReadAction\",\"target\":[\"https:\\\/\\\/www.konerefrigeration.com\\\/fr\\\/entreprise\\\/\"]}]},{\"@type\":\"ImageObject\",\"inLanguage\":\"fr-FR\",\"@id\":\"https:\\\/\\\/www.konerefrigeration.com\\\/fr\\\/entreprise\\\/#primaryimage\",\"url\":\"https:\\\/\\\/www.konerefrigeration.com\\\/wp-content\\\/uploads\\\/2023\\\/07\\\/Visual-Azienda.jpg\",\"contentUrl\":\"https:\\\/\\\/www.konerefrigeration.com\\\/wp-content\\\/uploads\\\/2023\\\/07\\\/Visual-Azienda.jpg\"},{\"@type\":\"BreadcrumbList\",\"@id\":\"https:\\\/\\\/www.konerefrigeration.com\\\/fr\\\/entreprise\\\/#breadcrumb\",\"itemListElement\":[{\"@type\":\"ListItem\",\"position\":1,\"name\":\"Home\",\"item\":\"https:\\\/\\\/www.konerefrigeration.com\\\/fr\\\/\"},{\"@type\":\"ListItem\",\"position\":2,\"name\":\"L&#8217;entreprise\"}]},{\"@type\":\"WebSite\",\"@id\":\"https:\\\/\\\/www.konerefrigeration.com\\\/fr\\\/#website\",\"url\":\"https:\\\/\\\/www.konerefrigeration.com\\\/fr\\\/\",\"name\":\"K-One\",\"description\":\"Sistemi refrigerati professionali di alta qualit\u00e0\",\"potentialAction\":[{\"@type\":\"SearchAction\",\"target\":{\"@type\":\"EntryPoint\",\"urlTemplate\":\"https:\\\/\\\/www.konerefrigeration.com\\\/fr\\\/?s={search_term_string}\"},\"query-input\":{\"@type\":\"PropertyValueSpecification\",\"valueRequired\":true,\"valueName\":\"search_term_string\"}}],\"inLanguage\":\"fr-FR\"}]}<\/script>\n<!-- \/ Yoast SEO plugin. -->","yoast_head_json":{"title":"Produzione tavoli frigo d\u2019eccellenza | GEMM SRL","description":"GEMM SRL \u00e8 leader nel settore della produzione di tavoli frigo professionali per la conservazione degli alimenti su scala nazionale e internazionale.","robots":{"index":"index","follow":"follow","max-snippet":"max-snippet:-1","max-image-preview":"max-image-preview:large","max-video-preview":"max-video-preview:-1"},"canonical":"https:\/\/www.konerefrigeration.com\/fr\/entreprise\/","og_locale":"fr_FR","og_type":"article","og_title":"Produzione tavoli frigo d\u2019eccellenza | GEMM SRL","og_description":"GEMM SRL \u00e8 leader nel settore della produzione di tavoli frigo professionali per la conservazione degli alimenti su scala nazionale e internazionale.","og_url":"https:\/\/www.konerefrigeration.com\/fr\/entreprise\/","og_site_name":"K-One","article_modified_time":"2026-03-23T09:10:55+00:00","og_image":[{"width":1920,"height":1080,"url":"https:\/\/www.konerefrigeration.com\/wp-content\/uploads\/2023\/07\/Visual-Azienda.jpg","type":"image\/jpeg"}],"twitter_card":"summary_large_image","twitter_misc":{"Dur\u00e9e de lecture estim\u00e9e":"2 minutes"},"schema":{"@context":"https:\/\/schema.org","@graph":[{"@type":"WebPage","@id":"https:\/\/www.konerefrigeration.com\/fr\/entreprise\/","url":"https:\/\/www.konerefrigeration.com\/fr\/entreprise\/","name":"Produzione tavoli frigo d\u2019eccellenza | GEMM SRL","isPartOf":{"@id":"https:\/\/www.konerefrigeration.com\/fr\/#website"},"primaryImageOfPage":{"@id":"https:\/\/www.konerefrigeration.com\/fr\/entreprise\/#primaryimage"},"image":{"@id":"https:\/\/www.konerefrigeration.com\/fr\/entreprise\/#primaryimage"},"thumbnailUrl":"https:\/\/www.konerefrigeration.com\/wp-content\/uploads\/2023\/07\/Visual-Azienda.jpg","datePublished":"2019-04-18T16:39:58+00:00","dateModified":"2026-03-23T09:10:55+00:00","description":"GEMM SRL \u00e8 leader nel settore della produzione di tavoli frigo professionali per la conservazione degli alimenti su scala nazionale e internazionale.","breadcrumb":{"@id":"https:\/\/www.konerefrigeration.com\/fr\/entreprise\/#breadcrumb"},"inLanguage":"fr-FR","potentialAction":[{"@type":"ReadAction","target":["https:\/\/www.konerefrigeration.com\/fr\/entreprise\/"]}]},{"@type":"ImageObject","inLanguage":"fr-FR","@id":"https:\/\/www.konerefrigeration.com\/fr\/entreprise\/#primaryimage","url":"https:\/\/www.konerefrigeration.com\/wp-content\/uploads\/2023\/07\/Visual-Azienda.jpg","contentUrl":"https:\/\/www.konerefrigeration.com\/wp-content\/uploads\/2023\/07\/Visual-Azienda.jpg"},{"@type":"BreadcrumbList","@id":"https:\/\/www.konerefrigeration.com\/fr\/entreprise\/#breadcrumb","itemListElement":[{"@type":"ListItem","position":1,"name":"Home","item":"https:\/\/www.konerefrigeration.com\/fr\/"},{"@type":"ListItem","position":2,"name":"L&#8217;entreprise"}]},{"@type":"WebSite","@id":"https:\/\/www.konerefrigeration.com\/fr\/#website","url":"https:\/\/www.konerefrigeration.com\/fr\/","name":"K-One","description":"Sistemi refrigerati professionali di alta qualit\u00e0","potentialAction":[{"@type":"SearchAction","target":{"@type":"EntryPoint","urlTemplate":"https:\/\/www.konerefrigeration.com\/fr\/?s={search_term_string}"},"query-input":{"@type":"PropertyValueSpecification","valueRequired":true,"valueName":"search_term_string"}}],"inLanguage":"fr-FR"}]}},"_links":{"self":[{"href":"https:\/\/www.konerefrigeration.com\/fr\/wp-json\/wp\/v2\/pages\/30498","targetHints":{"allow":["GET"]}}],"collection":[{"href":"https:\/\/www.konerefrigeration.com\/fr\/wp-json\/wp\/v2\/pages"}],"about":[{"href":"https:\/\/www.konerefrigeration.com\/fr\/wp-json\/wp\/v2\/types\/page"}],"author":[{"embeddable":true,"href":"https:\/\/www.konerefrigeration.com\/fr\/wp-json\/wp\/v2\/users\/2"}],"replies":[{"embeddable":true,"href":"https:\/\/www.konerefrigeration.com\/fr\/wp-json\/wp\/v2\/comments?post=30498"}],"version-history":[{"count":0,"href":"https:\/\/www.konerefrigeration.com\/fr\/wp-json\/wp\/v2\/pages\/30498\/revisions"}],"wp:attachment":[{"href":"https:\/\/www.konerefrigeration.com\/fr\/wp-json\/wp\/v2\/media?parent=30498"}],"curies":[{"name":"wp","href":"https:\/\/api.w.org\/{rel}","templated":true}]}}