{"id":30502,"date":"2019-03-18T19:13:37","date_gmt":"2019-03-18T19:13:37","guid":{"rendered":"https:\/\/staging.konerefrigeration.com\/home\/"},"modified":"2026-04-14T10:09:32","modified_gmt":"2026-04-14T08:09:32","slug":"home","status":"publish","type":"page","link":"https:\/\/www.konerefrigeration.com\/fr\/","title":{"rendered":"Home"},"content":{"rendered":"\t\t<div data-elementor-type=\"wp-post\" data-elementor-id=\"30502\" class=\"elementor elementor-30502 elementor-9\" data-elementor-post-type=\"page\">\n\t\t\t\t\t\t<section class=\"elementor-section elementor-top-section elementor-element elementor-element-6c66cff elementor-section-full_width elementor-section-height-default elementor-section-height-default\" data-id=\"6c66cff\" data-element_type=\"section\" data-e-type=\"section\">\n\t\t\t\t\t\t<div class=\"elementor-container elementor-column-gap-no\">\n\t\t\t\t\t<div class=\"elementor-column elementor-col-100 elementor-top-column elementor-element elementor-element-6d49aae\" data-id=\"6d49aae\" data-element_type=\"column\" data-e-type=\"column\">\n\t\t\t<div class=\"elementor-widget-wrap elementor-element-populated\">\n\t\t\t\t\t\t<div class=\"elementor-element elementor-element-9bfca9f visual elementor-widget elementor-widget-jet-slider\" data-id=\"9bfca9f\" data-element_type=\"widget\" data-e-type=\"widget\" data-settings=\"{&quot;slider_height&quot;:{&quot;unit&quot;:&quot;vh&quot;,&quot;size&quot;:100,&quot;sizes&quot;:[]},&quot;slider_height_tablet&quot;:{&quot;unit&quot;:&quot;px&quot;,&quot;size&quot;:800,&quot;sizes&quot;:[]},&quot;slider_height_mobile&quot;:{&quot;unit&quot;:&quot;px&quot;,&quot;size&quot;:600,&quot;sizes&quot;:[]}}\" data-widget_type=\"jet-slider.default\">\n\t\t\t\t<div class=\"elementor-widget-container\">\n\t\t\t\t\t<div class=\"elementor-jet-slider jet-elements\">\n<div class=\"jet-slider jet-slider__image-exact\" data-settings='{&quot;sliderWidth&quot;:1,&quot;sliderHeight&quot;:1,&quot;sliderNavigation&quot;:false,&quot;sliderNavigationIcon&quot;:&quot;jet-slider__arrow-icon-9bfca9f&quot;,&quot;sliderNaviOnHover&quot;:false,&quot;sliderPagination&quot;:false,&quot;sliderAutoplay&quot;:true,&quot;sliderAutoplayDelay&quot;:2000,&quot;sliderAutoplayOnHover&quot;:&quot;pause&quot;,&quot;sliderFullScreen&quot;:false,&quot;sliderFullscreenIcon&quot;:&quot;jet-slider__fullscreen-icon-9bfca9f&quot;,&quot;sliderShuffle&quot;:false,&quot;sliderLoop&quot;:true,&quot;sliderFadeMode&quot;:false,&quot;slideDistance&quot;:1,&quot;slideDuration&quot;:500,&quot;imageScaleMode&quot;:&quot;exact&quot;,&quot;thumbnails&quot;:false,&quot;thumbnailWidth&quot;:120,&quot;thumbnailHeight&quot;:80,&quot;rightToLeft&quot;:false,&quot;touchswipe&quot;:true,&quot;fractionPag&quot;:false,&quot;fractionPrefix&quot;:&quot;&quot;,&quot;fractionSeparator&quot;:&quot;\\\/&quot;,&quot;fractionSuffix&quot;:&quot;&quot;,&quot;autoSliderHeight&quot;:false}'>\n\t\n<div  class=\"slider-pro\">\n\t<div class=\"jet-slider__arrow-icon-9bfca9f hidden-html\"><\/div><div class=\"jet-slider__fullscreen-icon-9bfca9f hidden-html\"><\/div>\t<div class=\"jet-slider__items sp-slides\">\n\n\n<div  class=\"jet-slider__item sp-slide elementor-repeater-item-7b3e101\"><img decoding=\"async\" class=\"sp-image\" src=\"https:\/\/www.konerefrigeration.com\/wp-content\/uploads\/2023\/03\/header.jpg\" alt=\"header\" loading=\"lazy\"><div class=\"jet-slider__content sp-layer \" data-position=\"centerCenter\" data-width=\"100%\" data-height=\"100%\" data-horizontal=\"0%\" data-show-transition=\"none\" data-show-duration=\"400\" data-show-delay=\"400\" >\n\t\t<div class=\"jet-slider__content-item\">\n\t\t\t<div class=\"jet-slider__content-inner\"> \n\n\t\t\t\t\t\t<div class=\"jet-slider__button-wrapper\">\t\t\t\t\t\t<\/div><\/div>\n\t\t<\/div>\n\t\t\t<\/div>\n<\/div>\n\n<\/div>\n<\/div>\n<\/div>\n<\/div>\t\t\t\t<\/div>\n\t\t\t\t<\/div>\n\t\t\t\t\t<\/div>\n\t\t<\/div>\n\t\t\t\t\t<\/div>\n\t\t<\/section>\n\t\t\t\t<section class=\"elementor-section elementor-top-section elementor-element elementor-element-643b5ef0 elementor-section-full_width elementor-section-height-default elementor-section-height-default\" data-id=\"643b5ef0\" data-element_type=\"section\" data-e-type=\"section\" data-settings=\"{&quot;background_background&quot;:&quot;classic&quot;}\">\n\t\t\t\t\t\t\t<div class=\"elementor-background-overlay\"><\/div>\n\t\t\t\t\t\t\t<div class=\"elementor-container elementor-column-gap-default\">\n\t\t\t\t\t<div class=\"elementor-column elementor-col-100 elementor-top-column elementor-element elementor-element-34be62d5\" data-id=\"34be62d5\" data-element_type=\"column\" data-e-type=\"column\">\n\t\t\t<div class=\"elementor-widget-wrap elementor-element-populated\">\n\t\t\t\t\t\t<div class=\"elementor-element elementor-element-c5c7a11 elementor-widget elementor-widget-text-editor\" data-id=\"c5c7a11\" data-element_type=\"widget\" data-e-type=\"widget\" data-widget_type=\"text-editor.default\">\n\t\t\t\t<div class=\"elementor-widget-container\">\n\t\t\t\t\t\t\t\t\t<p>K-ONE : la technologie de r\u00e9frig\u00e9ration pour ceux qui travaillent avec passion et pr\u00e9cision.<\/p>\t\t\t\t\t\t\t\t<\/div>\n\t\t\t\t<\/div>\n\t\t\t\t\t<\/div>\n\t\t<\/div>\n\t\t\t\t\t<\/div>\n\t\t<\/section>\n\t\t\t\t<section class=\"elementor-section elementor-top-section elementor-element elementor-element-8bb00b3 elementor-section-full_width elementor-section-height-default elementor-section-height-default\" data-id=\"8bb00b3\" data-element_type=\"section\" data-e-type=\"section\" data-settings=\"{&quot;background_background&quot;:&quot;classic&quot;}\">\n\t\t\t\t\t\t<div class=\"elementor-container elementor-column-gap-custom\">\n\t\t\t\t\t<div class=\"raven-column-link elementor-column elementor-col-25 elementor-top-column elementor-element elementor-element-51880d1\" data-raven-link=\"\/fr\/categorie-produit\/bases-et-tables-refrigerees\/\" data-raven-link-target=\"_self\" data-id=\"51880d1\" data-element_type=\"column\" data-e-type=\"column\" data-settings=\"{&quot;background_background&quot;:&quot;gradient&quot;}\">\n\t\t\t<div class=\"elementor-widget-wrap elementor-element-populated\">\n\t\t\t\t\t\t<div class=\"elementor-element elementor-element-4309565 elementor-widget elementor-widget-image\" data-id=\"4309565\" data-element_type=\"widget\" data-e-type=\"widget\" data-widget_type=\"image.default\">\n\t\t\t\t<div class=\"elementor-widget-container\">\n\t\t\t\t\t\t\t\t\t\t\t\t\t\t\t<img fetchpriority=\"high\" decoding=\"async\" width=\"500\" height=\"500\" src=\"https:\/\/www.konerefrigeration.com\/wp-content\/uploads\/2026\/03\/1-9.png\" class=\"attachment-large size-large wp-image-36983\" alt=\"\" srcset=\"https:\/\/www.konerefrigeration.com\/wp-content\/uploads\/2026\/03\/1-9.png 500w, https:\/\/www.konerefrigeration.com\/wp-content\/uploads\/2026\/03\/1-9-300x300.png 300w, https:\/\/www.konerefrigeration.com\/wp-content\/uploads\/2026\/03\/1-9-150x150.png 150w, https:\/\/www.konerefrigeration.com\/wp-content\/uploads\/2026\/03\/1-9-100x100.png 100w\" sizes=\"(max-width: 500px) 100vw, 500px\" \/>\t\t\t\t\t\t\t\t\t\t\t\t\t\t\t<\/div>\n\t\t\t\t<\/div>\n\t\t\t\t<div class=\"elementor-element elementor-element-6efa6f3 elementor-widget elementor-widget-text-editor\" data-id=\"6efa6f3\" data-element_type=\"widget\" data-e-type=\"widget\" data-widget_type=\"text-editor.default\">\n\t\t\t\t<div class=\"elementor-widget-container\">\n\t\t\t\t\t\t\t\t\tBases et tables r\u00e9frig\u00e9r\u00e9es\t\t\t\t\t\t\t\t<\/div>\n\t\t\t\t<\/div>\n\t\t\t\t\t<\/div>\n\t\t<\/div>\n\t\t\t\t<div class=\"raven-column-link elementor-column elementor-col-25 elementor-top-column elementor-element elementor-element-bc62577\" data-raven-link=\"\/fr\/categorie-produit\/armoires-refrigerees\/\" data-raven-link-target=\"_self\" data-id=\"bc62577\" data-element_type=\"column\" data-e-type=\"column\" data-settings=\"{&quot;background_background&quot;:&quot;gradient&quot;}\">\n\t\t\t<div class=\"elementor-widget-wrap elementor-element-populated\">\n\t\t\t\t\t\t<div class=\"elementor-element elementor-element-70d8823 elementor-widget elementor-widget-image\" data-id=\"70d8823\" data-element_type=\"widget\" data-e-type=\"widget\" data-widget_type=\"image.default\">\n\t\t\t\t<div class=\"elementor-widget-container\">\n\t\t\t\t\t\t\t\t\t\t\t\t\t\t\t<img decoding=\"async\" width=\"500\" height=\"500\" src=\"https:\/\/www.konerefrigeration.com\/wp-content\/uploads\/2026\/03\/3-8.png\" class=\"attachment-large size-large wp-image-36984\" alt=\"\" srcset=\"https:\/\/www.konerefrigeration.com\/wp-content\/uploads\/2026\/03\/3-8.png 500w, https:\/\/www.konerefrigeration.com\/wp-content\/uploads\/2026\/03\/3-8-300x300.png 300w, https:\/\/www.konerefrigeration.com\/wp-content\/uploads\/2026\/03\/3-8-150x150.png 150w, https:\/\/www.konerefrigeration.com\/wp-content\/uploads\/2026\/03\/3-8-100x100.png 100w\" sizes=\"(max-width: 500px) 100vw, 500px\" \/>\t\t\t\t\t\t\t\t\t\t\t\t\t\t\t<\/div>\n\t\t\t\t<\/div>\n\t\t\t\t<div class=\"elementor-element elementor-element-ceb5d58 elementor-widget elementor-widget-text-editor\" data-id=\"ceb5d58\" data-element_type=\"widget\" data-e-type=\"widget\" data-widget_type=\"text-editor.default\">\n\t\t\t\t<div class=\"elementor-widget-container\">\n\t\t\t\t\t\t\t\t\tArmoires <br>r\u00e9frig\u00e9r\u00e9es\t\t\t\t\t\t\t\t<\/div>\n\t\t\t\t<\/div>\n\t\t\t\t\t<\/div>\n\t\t<\/div>\n\t\t\t\t<div class=\"raven-column-link elementor-column elementor-col-25 elementor-top-column elementor-element elementor-element-d989ba6\" data-raven-link=\"\/fr\/categorie-produit\/cellules-de-refroidissement-rapide\/\" data-raven-link-target=\"_self\" data-id=\"d989ba6\" data-element_type=\"column\" data-e-type=\"column\" data-settings=\"{&quot;background_background&quot;:&quot;gradient&quot;}\">\n\t\t\t<div class=\"elementor-widget-wrap elementor-element-populated\">\n\t\t\t\t\t\t<div class=\"elementor-element elementor-element-65f342a elementor-widget elementor-widget-image\" data-id=\"65f342a\" data-element_type=\"widget\" data-e-type=\"widget\" data-widget_type=\"image.default\">\n\t\t\t\t<div class=\"elementor-widget-container\">\n\t\t\t\t\t\t\t\t\t\t\t\t\t\t\t<img decoding=\"async\" width=\"500\" height=\"500\" src=\"https:\/\/www.konerefrigeration.com\/wp-content\/uploads\/2026\/03\/2-9.png\" class=\"attachment-large size-large wp-image-36985\" alt=\"\" srcset=\"https:\/\/www.konerefrigeration.com\/wp-content\/uploads\/2026\/03\/2-9.png 500w, https:\/\/www.konerefrigeration.com\/wp-content\/uploads\/2026\/03\/2-9-300x300.png 300w, https:\/\/www.konerefrigeration.com\/wp-content\/uploads\/2026\/03\/2-9-150x150.png 150w, https:\/\/www.konerefrigeration.com\/wp-content\/uploads\/2026\/03\/2-9-100x100.png 100w\" sizes=\"(max-width: 500px) 100vw, 500px\" \/>\t\t\t\t\t\t\t\t\t\t\t\t\t\t\t<\/div>\n\t\t\t\t<\/div>\n\t\t\t\t<div class=\"elementor-element elementor-element-c840473 elementor-widget elementor-widget-text-editor\" data-id=\"c840473\" data-element_type=\"widget\" data-e-type=\"widget\" data-widget_type=\"text-editor.default\">\n\t\t\t\t<div class=\"elementor-widget-container\">\n\t\t\t\t\t\t\t\t\tCellules de refroidissement rapides\t\t\t\t\t\t\t\t<\/div>\n\t\t\t\t<\/div>\n\t\t\t\t\t<\/div>\n\t\t<\/div>\n\t\t\t\t<div class=\"raven-column-link elementor-column elementor-col-25 elementor-top-column elementor-element elementor-element-6fbe761\" data-raven-link=\"\/fr\/categorie-produit\/tables-refrigerees-pour-pizza\/\" data-raven-link-target=\"_self\" data-id=\"6fbe761\" data-element_type=\"column\" data-e-type=\"column\" data-settings=\"{&quot;background_background&quot;:&quot;gradient&quot;}\">\n\t\t\t<div class=\"elementor-widget-wrap elementor-element-populated\">\n\t\t\t\t\t\t<div class=\"elementor-element elementor-element-de4b107 elementor-widget elementor-widget-image\" data-id=\"de4b107\" data-element_type=\"widget\" data-e-type=\"widget\" data-widget_type=\"image.default\">\n\t\t\t\t<div class=\"elementor-widget-container\">\n\t\t\t\t\t\t\t\t\t\t\t\t\t\t\t<img loading=\"lazy\" decoding=\"async\" width=\"500\" height=\"500\" src=\"https:\/\/www.konerefrigeration.com\/wp-content\/uploads\/2023\/04\/k-one-prodotto-23.png\" class=\"attachment-large size-large wp-image-32394\" alt=\"\" srcset=\"https:\/\/www.konerefrigeration.com\/wp-content\/uploads\/2023\/04\/k-one-prodotto-23.png 500w, https:\/\/www.konerefrigeration.com\/wp-content\/uploads\/2023\/04\/k-one-prodotto-23-300x300.png 300w, https:\/\/www.konerefrigeration.com\/wp-content\/uploads\/2023\/04\/k-one-prodotto-23-100x100.png 100w, https:\/\/www.konerefrigeration.com\/wp-content\/uploads\/2023\/04\/k-one-prodotto-23-150x150.png 150w\" sizes=\"(max-width: 500px) 100vw, 500px\" \/>\t\t\t\t\t\t\t\t\t\t\t\t\t\t\t<\/div>\n\t\t\t\t<\/div>\n\t\t\t\t<div class=\"elementor-element elementor-element-f2e2602 elementor-widget elementor-widget-text-editor\" data-id=\"f2e2602\" data-element_type=\"widget\" data-e-type=\"widget\" data-widget_type=\"text-editor.default\">\n\t\t\t\t<div class=\"elementor-widget-container\">\n\t\t\t\t\t\t\t\t\tTables r\u00e9frig\u00e9r\u00e9es pour pizza\t\t\t\t\t\t\t\t<\/div>\n\t\t\t\t<\/div>\n\t\t\t\t\t<\/div>\n\t\t<\/div>\n\t\t\t\t\t<\/div>\n\t\t<\/section>\n\t\t\t\t<section class=\"elementor-section elementor-top-section elementor-element elementor-element-9ef906a elementor-section-full_width elementor-section-height-default elementor-section-height-default\" data-id=\"9ef906a\" data-element_type=\"section\" data-e-type=\"section\">\n\t\t\t\t\t\t<div class=\"elementor-container elementor-column-gap-default\">\n\t\t\t\t\t<div class=\"elementor-column elementor-col-50 elementor-top-column elementor-element elementor-element-bb82144\" data-id=\"bb82144\" data-element_type=\"column\" data-e-type=\"column\">\n\t\t\t<div class=\"elementor-widget-wrap elementor-element-populated\">\n\t\t\t\t\t\t<div class=\"elementor-element elementor-element-baa9d80 elementor-widget elementor-widget-heading\" data-id=\"baa9d80\" data-element_type=\"widget\" data-e-type=\"widget\" data-widget_type=\"heading.default\">\n\t\t\t\t<div class=\"elementor-widget-container\">\n\t\t\t\t\t<h1 class=\"elementor-heading-title elementor-size-default\"><span class=\"blue\">K-ONE Simply Fresh:<\/span> lignes essentielles, performances exceptionnelles!<\/h1>\t\t\t\t<\/div>\n\t\t\t\t<\/div>\n\t\t\t\t\t<\/div>\n\t\t<\/div>\n\t\t\t\t<div class=\"elementor-column elementor-col-50 elementor-top-column elementor-element elementor-element-46e233a\" data-id=\"46e233a\" data-element_type=\"column\" data-e-type=\"column\">\n\t\t\t<div class=\"elementor-widget-wrap elementor-element-populated\">\n\t\t\t\t\t\t<div class=\"elementor-element elementor-element-9efb473 elementor-widget elementor-widget-text-editor\" data-id=\"9efb473\" data-element_type=\"widget\" data-e-type=\"widget\" data-widget_type=\"text-editor.default\">\n\t\t\t\t<div class=\"elementor-widget-container\">\n\t\t\t\t\t\t\t\t\t<p><strong>K-ONE<\/strong> con\u00e7oit des solutions de <strong>r\u00e9frig\u00e9ration professionnelle<\/strong>s r\u00e9pondant aux besoins des professionnels du secteur qui exigent <strong>fiabilit\u00e9, performance et simplicit\u00e9 d&rsquo;utilisation<\/strong> au quotidien. Sa gamme compl\u00e8te inclut <strong>tables et armoires r\u00e9frig\u00e9r\u00e9es, cellules de refroidissement rapide <\/strong>et solutions pour la <strong>pr\u00e9paration de sandwichs et de pizzas<\/strong>, o\u00f9 chaque d\u00e9tail est pens\u00e9 avec soin : de la robustesse de la structure aux performances du syst\u00e8me thermodynamique, en passant par les finitions. Des technologies de pointe et une optimisation de l&rsquo;<strong>efficacit\u00e9 \u00e9nerg\u00e9tique garantissent fiabilit\u00e9,<\/strong> performance et r\u00e9sultats constants dans le temps.<\/p>\t\t\t\t\t\t\t\t<\/div>\n\t\t\t\t<\/div>\n\t\t\t\t\t<\/div>\n\t\t<\/div>\n\t\t\t\t\t<\/div>\n\t\t<\/section>\n\t\t\t\t<\/div>\n\t\t","protected":false},"excerpt":{"rendered":"<p>K-ONE : la technologie de r\u00e9frig\u00e9ration pour ceux qui travaillent avec passion et pr\u00e9cision. Bases et tables r\u00e9frig\u00e9r\u00e9es Armoires r\u00e9frig\u00e9r\u00e9es Cellules de refroidissement rapides Tables r\u00e9frig\u00e9r\u00e9es pour pizza K-ONE Simply Fresh: lignes essentielles, performances exceptionnelles! K-ONE con\u00e7oit des solutions de r\u00e9frig\u00e9ration professionnelles r\u00e9pondant aux besoins des professionnels du secteur qui exigent fiabilit\u00e9, performance et simplicit\u00e9 [&hellip;]<\/p>\n","protected":false},"author":2,"featured_media":0,"parent":0,"menu_order":0,"comment_status":"closed","ping_status":"closed","template":"elementor_header_footer","meta":{"_acf_changed":false,"footnotes":""},"class_list":["post-30502","page","type-page","status-publish","hentry"],"acf":[],"yoast_head":"<!-- This site is optimized with the Yoast SEO plugin v27.4 - https:\/\/yoast.com\/product\/yoast-seo-wordpress\/ -->\n<title>Equipement de r\u00e9frig\u00e9ration professionnelle | K-ONE<\/title>\n<meta name=\"description\" content=\"Nouveaux \u00e9quipements de r\u00e9frig\u00e9ration de pointe et de conception pour le secteur alimentaire professionnel. Entrez dans le monde de K-ONE et d\u00e9couvrez la vaste gamme.\" \/>\n<meta name=\"robots\" content=\"index, follow, max-snippet:-1, max-image-preview:large, max-video-preview:-1\" \/>\n<link rel=\"canonical\" href=\"https:\/\/www.konerefrigeration.com\/fr\/\" \/>\n<meta property=\"og:locale\" content=\"fr_FR\" \/>\n<meta property=\"og:type\" content=\"article\" \/>\n<meta property=\"og:title\" content=\"Equipement de r\u00e9frig\u00e9ration professionnelle | K-ONE\" \/>\n<meta property=\"og:description\" content=\"Nouveaux \u00e9quipements de r\u00e9frig\u00e9ration de pointe et de conception pour le secteur alimentaire professionnel. Entrez dans le monde de K-ONE et d\u00e9couvrez la vaste gamme.\" \/>\n<meta property=\"og:url\" content=\"https:\/\/www.konerefrigeration.com\/fr\/\" \/>\n<meta property=\"og:site_name\" content=\"K-One\" \/>\n<meta property=\"article:modified_time\" content=\"2026-04-14T08:09:32+00:00\" \/>\n<meta property=\"og:image\" content=\"https:\/\/www.konerefrigeration.com\/wp-content\/uploads\/2023\/03\/header.jpg\" \/>\n<meta name=\"twitter:card\" content=\"summary_large_image\" \/>\n<meta name=\"twitter:label1\" content=\"Dur\u00e9e de lecture estim\u00e9e\" \/>\n\t<meta name=\"twitter:data1\" content=\"2 minutes\" \/>\n<script type=\"application\/ld+json\" class=\"yoast-schema-graph\">{\"@context\":\"https:\\\/\\\/schema.org\",\"@graph\":[{\"@type\":\"WebPage\",\"@id\":\"https:\\\/\\\/www.konerefrigeration.com\\\/fr\\\/\",\"url\":\"https:\\\/\\\/www.konerefrigeration.com\\\/fr\\\/\",\"name\":\"Equipement de r\u00e9frig\u00e9ration professionnelle | K-ONE\",\"isPartOf\":{\"@id\":\"https:\\\/\\\/www.konerefrigeration.com\\\/fr\\\/#website\"},\"primaryImageOfPage\":{\"@id\":\"https:\\\/\\\/www.konerefrigeration.com\\\/fr\\\/#primaryimage\"},\"image\":{\"@id\":\"https:\\\/\\\/www.konerefrigeration.com\\\/fr\\\/#primaryimage\"},\"thumbnailUrl\":\"https:\\\/\\\/www.konerefrigeration.com\\\/wp-content\\\/uploads\\\/2023\\\/03\\\/header.jpg\",\"datePublished\":\"2019-03-18T19:13:37+00:00\",\"dateModified\":\"2026-04-14T08:09:32+00:00\",\"description\":\"Nouveaux \u00e9quipements de r\u00e9frig\u00e9ration de pointe et de conception pour le secteur alimentaire professionnel. Entrez dans le monde de K-ONE et d\u00e9couvrez la vaste gamme.\",\"breadcrumb\":{\"@id\":\"https:\\\/\\\/www.konerefrigeration.com\\\/fr\\\/#breadcrumb\"},\"inLanguage\":\"fr-FR\",\"potentialAction\":[{\"@type\":\"ReadAction\",\"target\":[\"https:\\\/\\\/www.konerefrigeration.com\\\/fr\\\/\"]}]},{\"@type\":\"ImageObject\",\"inLanguage\":\"fr-FR\",\"@id\":\"https:\\\/\\\/www.konerefrigeration.com\\\/fr\\\/#primaryimage\",\"url\":\"https:\\\/\\\/www.konerefrigeration.com\\\/wp-content\\\/uploads\\\/2023\\\/03\\\/header.jpg\",\"contentUrl\":\"https:\\\/\\\/www.konerefrigeration.com\\\/wp-content\\\/uploads\\\/2023\\\/03\\\/header.jpg\"},{\"@type\":\"BreadcrumbList\",\"@id\":\"https:\\\/\\\/www.konerefrigeration.com\\\/fr\\\/#breadcrumb\",\"itemListElement\":[{\"@type\":\"ListItem\",\"position\":1,\"name\":\"Home\",\"item\":\"https:\\\/\\\/www.konerefrigeration.com\\\/fr\\\/\"},{\"@type\":\"ListItem\",\"position\":2,\"name\":\"Home\"}]},{\"@type\":\"WebSite\",\"@id\":\"https:\\\/\\\/www.konerefrigeration.com\\\/fr\\\/#website\",\"url\":\"https:\\\/\\\/www.konerefrigeration.com\\\/fr\\\/\",\"name\":\"K-One\",\"description\":\"Sistemi refrigerati professionali di alta qualit\u00e0\",\"potentialAction\":[{\"@type\":\"SearchAction\",\"target\":{\"@type\":\"EntryPoint\",\"urlTemplate\":\"https:\\\/\\\/www.konerefrigeration.com\\\/fr\\\/?s={search_term_string}\"},\"query-input\":{\"@type\":\"PropertyValueSpecification\",\"valueRequired\":true,\"valueName\":\"search_term_string\"}}],\"inLanguage\":\"fr-FR\"}]}<\/script>\n<!-- \/ Yoast SEO plugin. -->","yoast_head_json":{"title":"Equipement de r\u00e9frig\u00e9ration professionnelle | K-ONE","description":"Nouveaux \u00e9quipements de r\u00e9frig\u00e9ration de pointe et de conception pour le secteur alimentaire professionnel. Entrez dans le monde de K-ONE et d\u00e9couvrez la vaste gamme.","robots":{"index":"index","follow":"follow","max-snippet":"max-snippet:-1","max-image-preview":"max-image-preview:large","max-video-preview":"max-video-preview:-1"},"canonical":"https:\/\/www.konerefrigeration.com\/fr\/","og_locale":"fr_FR","og_type":"article","og_title":"Equipement de r\u00e9frig\u00e9ration professionnelle | K-ONE","og_description":"Nouveaux \u00e9quipements de r\u00e9frig\u00e9ration de pointe et de conception pour le secteur alimentaire professionnel. Entrez dans le monde de K-ONE et d\u00e9couvrez la vaste gamme.","og_url":"https:\/\/www.konerefrigeration.com\/fr\/","og_site_name":"K-One","article_modified_time":"2026-04-14T08:09:32+00:00","og_image":[{"url":"https:\/\/www.konerefrigeration.com\/wp-content\/uploads\/2023\/03\/header.jpg","type":"","width":"","height":""}],"twitter_card":"summary_large_image","twitter_misc":{"Dur\u00e9e de lecture estim\u00e9e":"2 minutes"},"schema":{"@context":"https:\/\/schema.org","@graph":[{"@type":"WebPage","@id":"https:\/\/www.konerefrigeration.com\/fr\/","url":"https:\/\/www.konerefrigeration.com\/fr\/","name":"Equipement de r\u00e9frig\u00e9ration professionnelle | K-ONE","isPartOf":{"@id":"https:\/\/www.konerefrigeration.com\/fr\/#website"},"primaryImageOfPage":{"@id":"https:\/\/www.konerefrigeration.com\/fr\/#primaryimage"},"image":{"@id":"https:\/\/www.konerefrigeration.com\/fr\/#primaryimage"},"thumbnailUrl":"https:\/\/www.konerefrigeration.com\/wp-content\/uploads\/2023\/03\/header.jpg","datePublished":"2019-03-18T19:13:37+00:00","dateModified":"2026-04-14T08:09:32+00:00","description":"Nouveaux \u00e9quipements de r\u00e9frig\u00e9ration de pointe et de conception pour le secteur alimentaire professionnel. Entrez dans le monde de K-ONE et d\u00e9couvrez la vaste gamme.","breadcrumb":{"@id":"https:\/\/www.konerefrigeration.com\/fr\/#breadcrumb"},"inLanguage":"fr-FR","potentialAction":[{"@type":"ReadAction","target":["https:\/\/www.konerefrigeration.com\/fr\/"]}]},{"@type":"ImageObject","inLanguage":"fr-FR","@id":"https:\/\/www.konerefrigeration.com\/fr\/#primaryimage","url":"https:\/\/www.konerefrigeration.com\/wp-content\/uploads\/2023\/03\/header.jpg","contentUrl":"https:\/\/www.konerefrigeration.com\/wp-content\/uploads\/2023\/03\/header.jpg"},{"@type":"BreadcrumbList","@id":"https:\/\/www.konerefrigeration.com\/fr\/#breadcrumb","itemListElement":[{"@type":"ListItem","position":1,"name":"Home","item":"https:\/\/www.konerefrigeration.com\/fr\/"},{"@type":"ListItem","position":2,"name":"Home"}]},{"@type":"WebSite","@id":"https:\/\/www.konerefrigeration.com\/fr\/#website","url":"https:\/\/www.konerefrigeration.com\/fr\/","name":"K-One","description":"Sistemi refrigerati professionali di alta qualit\u00e0","potentialAction":[{"@type":"SearchAction","target":{"@type":"EntryPoint","urlTemplate":"https:\/\/www.konerefrigeration.com\/fr\/?s={search_term_string}"},"query-input":{"@type":"PropertyValueSpecification","valueRequired":true,"valueName":"search_term_string"}}],"inLanguage":"fr-FR"}]}},"_links":{"self":[{"href":"https:\/\/www.konerefrigeration.com\/fr\/wp-json\/wp\/v2\/pages\/30502","targetHints":{"allow":["GET"]}}],"collection":[{"href":"https:\/\/www.konerefrigeration.com\/fr\/wp-json\/wp\/v2\/pages"}],"about":[{"href":"https:\/\/www.konerefrigeration.com\/fr\/wp-json\/wp\/v2\/types\/page"}],"author":[{"embeddable":true,"href":"https:\/\/www.konerefrigeration.com\/fr\/wp-json\/wp\/v2\/users\/2"}],"replies":[{"embeddable":true,"href":"https:\/\/www.konerefrigeration.com\/fr\/wp-json\/wp\/v2\/comments?post=30502"}],"version-history":[{"count":0,"href":"https:\/\/www.konerefrigeration.com\/fr\/wp-json\/wp\/v2\/pages\/30502\/revisions"}],"wp:attachment":[{"href":"https:\/\/www.konerefrigeration.com\/fr\/wp-json\/wp\/v2\/media?parent=30502"}],"curies":[{"name":"wp","href":"https:\/\/api.w.org\/{rel}","templated":true}]}}