{"id":34647,"date":"2023-06-15T12:43:42","date_gmt":"2023-06-15T10:43:42","guid":{"rendered":"https:\/\/staging.konerefrigeration.com\/prodotto\/kpp40\/"},"modified":"2026-05-06T14:10:01","modified_gmt":"2026-05-06T12:10:01","slug":"kpp40","status":"publish","type":"product","link":"https:\/\/www.konerefrigeration.com\/fr\/produit\/kpp40\/","title":{"rendered":"KPP\/40"},"content":{"rendered":"<p>ARMOIRE R\u00c9FRIG\u00c9R\u00c9E PATISSERIE POSITIVE 40 PLATEAUX &#8211; Armoire r\u00e9frig\u00e9r\u00e9e pour p\u00e2tisserie d&rsquo;une capacit\u00e9 de 40 plateaux de 600 x 400 mm, avec un taux d&rsquo;humidit\u00e9 \u00e9lev\u00e9 pour une meilleure conservation des produits frais et des \u00e9conomies d&rsquo;\u00e9nergie. Disponible \u00e9galement avec pr\u00e9-\u00e9quipement pour groupe de condensation externe et syst\u00e8me de vannes.<\/p>\n","protected":false},"excerpt":{"rendered":"<p>ARMOIRE R\u00c9FRIG\u00c9R\u00c9E PATISSERIE POSITIVE 40 PLATEAUX &#8211; Armoire r\u00e9frig\u00e9r\u00e9e pour p\u00e2tisserie d&rsquo;une capacit\u00e9 de 40 plateaux de 600 x 400 mm, avec un taux d&rsquo;humidit\u00e9 \u00e9lev\u00e9 pour une meilleure conservation des produits frais et des \u00e9conomies d&rsquo;\u00e9nergie. Disponible \u00e9galement avec pr\u00e9-\u00e9quipement pour groupe de condensation externe et syst\u00e8me de vannes.<\/p>\n","protected":false},"featured_media":37636,"comment_status":"closed","ping_status":"open","template":"","meta":{"_acf_changed":false},"product_brand":[],"product_cat":[646],"product_tag":[596,644],"class_list":{"0":"post-34647","1":"product","2":"type-product","3":"status-publish","4":"has-post-thumbnail","6":"product_cat-armoires-refrigerees","7":"product_tag-patisserie","8":"product_tag-pizzeria-fr-2","9":"pa_capacita-40-plateaux-600x400","10":"pa_capacita-l-1640","11":"pa_porte-1564","12":"pa_temperatura-2-8c-2","13":"pa_unita-condensatrice-a-bord","14":"pa_versione-patisserie","16":"first","17":"instock","18":"product-type-simple"},"acf":{"scheda_tecnica":"https:\/\/gemm.datipro.it\/k-one-pdf-datasheet\/fr\/04510510","depliant":"","struttura_info":"construction en acier inox","tipologia_piano":"","tipo_di_refrigerazione_info":"syst\u00e8me de r\u00e9frig\u00e9ration \u00e0 ventilation indirecte\/douce","elettronica_info":"panneau de contr\u00f4le tactile 2.8'', affichage digit","sbrinamento_info":"d\u00e9givrage automatique avec gaz chaud","evaporazione_acqua_di_condensa_info":"\u00e9limination automatique de l'eau de condensation","allestimenti_a_richiesta":"","dotazione_info":"40 paires guides pour plateaux 600x800","esclusioni_info":"plateaux\/grilles","gas_info":"R290","tensione_info":"1x230V\/50Hz"},"yoast_head":"<!-- This site is optimized with the Yoast SEO plugin v27.4 - https:\/\/yoast.com\/product\/yoast-seo-wordpress\/ -->\n<title>KPP\/40 - K-One<\/title>\n<meta name=\"robots\" content=\"index, follow, max-snippet:-1, max-image-preview:large, max-video-preview:-1\" \/>\n<link rel=\"canonical\" href=\"https:\/\/www.konerefrigeration.com\/fr\/produit\/kpp40\/\" \/>\n<meta property=\"og:locale\" content=\"fr_FR\" \/>\n<meta property=\"og:type\" content=\"article\" \/>\n<meta property=\"og:title\" content=\"KPP\/40 - K-One\" \/>\n<meta property=\"og:description\" content=\"ARMOIRE R\u00c9FRIG\u00c9R\u00c9E PATISSERIE POSITIVE 40 PLATEAUX &#8211; Armoire r\u00e9frig\u00e9r\u00e9e pour p\u00e2tisserie d&rsquo;une capacit\u00e9 de 40 plateaux de 600 x 400 mm, avec un taux d&rsquo;humidit\u00e9 \u00e9lev\u00e9 pour une meilleure conservation des produits frais et des \u00e9conomies d&rsquo;\u00e9nergie. Disponible \u00e9galement avec pr\u00e9-\u00e9quipement pour groupe de condensation externe et syst\u00e8me de vannes.\" \/>\n<meta property=\"og:url\" content=\"https:\/\/www.konerefrigeration.com\/fr\/produit\/kpp40\/\" \/>\n<meta property=\"og:site_name\" content=\"K-One\" \/>\n<meta property=\"article:modified_time\" content=\"2026-05-06T12:10:01+00:00\" \/>\n<meta property=\"og:image\" content=\"https:\/\/www.konerefrigeration.com\/wp-content\/uploads\/2026\/04\/KPN_20-2-scaled.png\" \/>\n\t<meta property=\"og:image:width\" content=\"2560\" \/>\n\t<meta property=\"og:image:height\" content=\"2560\" \/>\n\t<meta property=\"og:image:type\" content=\"image\/png\" \/>\n<meta name=\"twitter:card\" content=\"summary_large_image\" \/>\n<script type=\"application\/ld+json\" class=\"yoast-schema-graph\">{\"@context\":\"https:\\\/\\\/schema.org\",\"@graph\":[{\"@type\":\"WebPage\",\"@id\":\"https:\\\/\\\/www.konerefrigeration.com\\\/fr\\\/produit\\\/kpp40\\\/\",\"url\":\"https:\\\/\\\/www.konerefrigeration.com\\\/fr\\\/produit\\\/kpp40\\\/\",\"name\":\"KPP\\\/40 - K-One\",\"isPartOf\":{\"@id\":\"https:\\\/\\\/www.konerefrigeration.com\\\/fr\\\/#website\"},\"primaryImageOfPage\":{\"@id\":\"https:\\\/\\\/www.konerefrigeration.com\\\/fr\\\/produit\\\/kpp40\\\/#primaryimage\"},\"image\":{\"@id\":\"https:\\\/\\\/www.konerefrigeration.com\\\/fr\\\/produit\\\/kpp40\\\/#primaryimage\"},\"thumbnailUrl\":\"https:\\\/\\\/www.konerefrigeration.com\\\/wp-content\\\/uploads\\\/2026\\\/04\\\/KPN_20-2-scaled.png\",\"datePublished\":\"2023-06-15T10:43:42+00:00\",\"dateModified\":\"2026-05-06T12:10:01+00:00\",\"breadcrumb\":{\"@id\":\"https:\\\/\\\/www.konerefrigeration.com\\\/fr\\\/produit\\\/kpp40\\\/#breadcrumb\"},\"inLanguage\":\"fr-FR\",\"potentialAction\":[{\"@type\":\"ReadAction\",\"target\":[\"https:\\\/\\\/www.konerefrigeration.com\\\/fr\\\/produit\\\/kpp40\\\/\"]}]},{\"@type\":\"ImageObject\",\"inLanguage\":\"fr-FR\",\"@id\":\"https:\\\/\\\/www.konerefrigeration.com\\\/fr\\\/produit\\\/kpp40\\\/#primaryimage\",\"url\":\"https:\\\/\\\/www.konerefrigeration.com\\\/wp-content\\\/uploads\\\/2026\\\/04\\\/KPN_20-2-scaled.png\",\"contentUrl\":\"https:\\\/\\\/www.konerefrigeration.com\\\/wp-content\\\/uploads\\\/2026\\\/04\\\/KPN_20-2-scaled.png\",\"width\":2560,\"height\":2560},{\"@type\":\"BreadcrumbList\",\"@id\":\"https:\\\/\\\/www.konerefrigeration.com\\\/fr\\\/produit\\\/kpp40\\\/#breadcrumb\",\"itemListElement\":[{\"@type\":\"ListItem\",\"position\":1,\"name\":\"Home\",\"item\":\"https:\\\/\\\/www.konerefrigeration.com\\\/fr\\\/\"},{\"@type\":\"ListItem\",\"position\":2,\"name\":\"Produits\",\"item\":\"https:\\\/\\\/www.konerefrigeration.com\\\/fr\\\/produits\\\/\"},{\"@type\":\"ListItem\",\"position\":3,\"name\":\"Armoires r\u00e9frig\u00e9r\u00e9es\",\"item\":\"https:\\\/\\\/www.konerefrigeration.com\\\/fr\\\/categorie-produit\\\/armoires-refrigerees\\\/\"},{\"@type\":\"ListItem\",\"position\":4,\"name\":\"KPP\\\/40\"}]},{\"@type\":\"WebSite\",\"@id\":\"https:\\\/\\\/www.konerefrigeration.com\\\/fr\\\/#website\",\"url\":\"https:\\\/\\\/www.konerefrigeration.com\\\/fr\\\/\",\"name\":\"K-One\",\"description\":\"Sistemi refrigerati professionali di alta qualit\u00e0\",\"potentialAction\":[{\"@type\":\"SearchAction\",\"target\":{\"@type\":\"EntryPoint\",\"urlTemplate\":\"https:\\\/\\\/www.konerefrigeration.com\\\/fr\\\/?s={search_term_string}\"},\"query-input\":{\"@type\":\"PropertyValueSpecification\",\"valueRequired\":true,\"valueName\":\"search_term_string\"}}],\"inLanguage\":\"fr-FR\"}]}<\/script>\n<!-- \/ Yoast SEO plugin. -->","yoast_head_json":{"title":"KPP\/40 - K-One","robots":{"index":"index","follow":"follow","max-snippet":"max-snippet:-1","max-image-preview":"max-image-preview:large","max-video-preview":"max-video-preview:-1"},"canonical":"https:\/\/www.konerefrigeration.com\/fr\/produit\/kpp40\/","og_locale":"fr_FR","og_type":"article","og_title":"KPP\/40 - K-One","og_description":"ARMOIRE R\u00c9FRIG\u00c9R\u00c9E PATISSERIE POSITIVE 40 PLATEAUX &#8211; Armoire r\u00e9frig\u00e9r\u00e9e pour p\u00e2tisserie d&rsquo;une capacit\u00e9 de 40 plateaux de 600 x 400 mm, avec un taux d&rsquo;humidit\u00e9 \u00e9lev\u00e9 pour une meilleure conservation des produits frais et des \u00e9conomies d&rsquo;\u00e9nergie. Disponible \u00e9galement avec pr\u00e9-\u00e9quipement pour groupe de condensation externe et syst\u00e8me de vannes.","og_url":"https:\/\/www.konerefrigeration.com\/fr\/produit\/kpp40\/","og_site_name":"K-One","article_modified_time":"2026-05-06T12:10:01+00:00","og_image":[{"width":2560,"height":2560,"url":"https:\/\/www.konerefrigeration.com\/wp-content\/uploads\/2026\/04\/KPN_20-2-scaled.png","type":"image\/png"}],"twitter_card":"summary_large_image","schema":{"@context":"https:\/\/schema.org","@graph":[{"@type":"WebPage","@id":"https:\/\/www.konerefrigeration.com\/fr\/produit\/kpp40\/","url":"https:\/\/www.konerefrigeration.com\/fr\/produit\/kpp40\/","name":"KPP\/40 - K-One","isPartOf":{"@id":"https:\/\/www.konerefrigeration.com\/fr\/#website"},"primaryImageOfPage":{"@id":"https:\/\/www.konerefrigeration.com\/fr\/produit\/kpp40\/#primaryimage"},"image":{"@id":"https:\/\/www.konerefrigeration.com\/fr\/produit\/kpp40\/#primaryimage"},"thumbnailUrl":"https:\/\/www.konerefrigeration.com\/wp-content\/uploads\/2026\/04\/KPN_20-2-scaled.png","datePublished":"2023-06-15T10:43:42+00:00","dateModified":"2026-05-06T12:10:01+00:00","breadcrumb":{"@id":"https:\/\/www.konerefrigeration.com\/fr\/produit\/kpp40\/#breadcrumb"},"inLanguage":"fr-FR","potentialAction":[{"@type":"ReadAction","target":["https:\/\/www.konerefrigeration.com\/fr\/produit\/kpp40\/"]}]},{"@type":"ImageObject","inLanguage":"fr-FR","@id":"https:\/\/www.konerefrigeration.com\/fr\/produit\/kpp40\/#primaryimage","url":"https:\/\/www.konerefrigeration.com\/wp-content\/uploads\/2026\/04\/KPN_20-2-scaled.png","contentUrl":"https:\/\/www.konerefrigeration.com\/wp-content\/uploads\/2026\/04\/KPN_20-2-scaled.png","width":2560,"height":2560},{"@type":"BreadcrumbList","@id":"https:\/\/www.konerefrigeration.com\/fr\/produit\/kpp40\/#breadcrumb","itemListElement":[{"@type":"ListItem","position":1,"name":"Home","item":"https:\/\/www.konerefrigeration.com\/fr\/"},{"@type":"ListItem","position":2,"name":"Produits","item":"https:\/\/www.konerefrigeration.com\/fr\/produits\/"},{"@type":"ListItem","position":3,"name":"Armoires r\u00e9frig\u00e9r\u00e9es","item":"https:\/\/www.konerefrigeration.com\/fr\/categorie-produit\/armoires-refrigerees\/"},{"@type":"ListItem","position":4,"name":"KPP\/40"}]},{"@type":"WebSite","@id":"https:\/\/www.konerefrigeration.com\/fr\/#website","url":"https:\/\/www.konerefrigeration.com\/fr\/","name":"K-One","description":"Sistemi refrigerati professionali di alta qualit\u00e0","potentialAction":[{"@type":"SearchAction","target":{"@type":"EntryPoint","urlTemplate":"https:\/\/www.konerefrigeration.com\/fr\/?s={search_term_string}"},"query-input":{"@type":"PropertyValueSpecification","valueRequired":true,"valueName":"search_term_string"}}],"inLanguage":"fr-FR"}]}},"_links":{"self":[{"href":"https:\/\/www.konerefrigeration.com\/fr\/wp-json\/wp\/v2\/product\/34647","targetHints":{"allow":["GET"]}}],"collection":[{"href":"https:\/\/www.konerefrigeration.com\/fr\/wp-json\/wp\/v2\/product"}],"about":[{"href":"https:\/\/www.konerefrigeration.com\/fr\/wp-json\/wp\/v2\/types\/product"}],"replies":[{"embeddable":true,"href":"https:\/\/www.konerefrigeration.com\/fr\/wp-json\/wp\/v2\/comments?post=34647"}],"version-history":[{"count":1,"href":"https:\/\/www.konerefrigeration.com\/fr\/wp-json\/wp\/v2\/product\/34647\/revisions"}],"predecessor-version":[{"id":38509,"href":"https:\/\/www.konerefrigeration.com\/fr\/wp-json\/wp\/v2\/product\/34647\/revisions\/38509"}],"wp:featuredmedia":[{"embeddable":true,"href":"https:\/\/www.konerefrigeration.com\/fr\/wp-json\/wp\/v2\/media\/37636"}],"wp:attachment":[{"href":"https:\/\/www.konerefrigeration.com\/fr\/wp-json\/wp\/v2\/media?parent=34647"}],"wp:term":[{"taxonomy":"product_brand","embeddable":true,"href":"https:\/\/www.konerefrigeration.com\/fr\/wp-json\/wp\/v2\/product_brand?post=34647"},{"taxonomy":"product_cat","embeddable":true,"href":"https:\/\/www.konerefrigeration.com\/fr\/wp-json\/wp\/v2\/product_cat?post=34647"},{"taxonomy":"product_tag","embeddable":true,"href":"https:\/\/www.konerefrigeration.com\/fr\/wp-json\/wp\/v2\/product_tag?post=34647"}],"curies":[{"name":"wp","href":"https:\/\/api.w.org\/{rel}","templated":true}]}}