{"id":34658,"date":"2023-06-15T12:43:42","date_gmt":"2023-06-15T10:43:42","guid":{"rendered":"https:\/\/staging.konerefrigeration.com\/prodotto\/kbf15\/"},"modified":"2026-05-06T15:24:09","modified_gmt":"2026-05-06T13:24:09","slug":"kbf15","status":"publish","type":"product","link":"https:\/\/www.konerefrigeration.com\/fr\/produit\/kbf15\/","title":{"rendered":"KBF\/15"},"content":{"rendered":"<p>REFROIDISSEUR RAPIDE 15 PLATEAUX GN 1\/1 \/ 600&#215;400 &#8211; Cong\u00e9lateur rapide permettant d&rsquo;abaisser rapidement la temp\u00e9rature \u00e0 c\u0153ur des aliments : refroidissement de +90 \u00b0C \u00e0 +3 \u00b0C en 90 minutes et cong\u00e9lation de +90 \u00b0C \u00e0 -18 \u00b0C en 240 minutes. Temp\u00e9rature minimale de l&rsquo;air : -40 \u00b0C.<\/p>\n","protected":false},"excerpt":{"rendered":"<p>REFROIDISSEUR RAPIDE 15 PLATEAUX GN 1\/1 \/ 600&#215;400 &#8211; Cong\u00e9lateur rapide permettant d&rsquo;abaisser rapidement la temp\u00e9rature \u00e0 c\u0153ur des aliments : refroidissement de +90 \u00b0C \u00e0 +3 \u00b0C en 90 minutes et cong\u00e9lation de +90 \u00b0C \u00e0 -18 \u00b0C en 240 minutes. Temp\u00e9rature minimale de l&rsquo;air : -40 \u00b0C.<\/p>\n","protected":false},"featured_media":37680,"comment_status":"closed","ping_status":"closed","template":"","meta":{"_acf_changed":false},"product_brand":[],"product_cat":[698],"product_tag":[596,612,613],"class_list":{"0":"post-34658","1":"product","2":"type-product","3":"status-publish","4":"has-post-thumbnail","6":"product_cat-cellules-de-refroidissement-rapide","7":"product_tag-patisserie","8":"product_tag-restauration","9":"product_tag-glacerie","10":"pa_capacita-15-gn-1-1-600x400-plateaux","11":"pa_capacita-l-1656","12":"pa_porte-1564","13":"pa_resa-abbattimento-90-3c-70kg-90-18c-60kg-2","14":"pa_unita-condensatrice-2-a-bord","15":"pa_versione-per-teglie","17":"first","18":"instock","19":"product-type-simple"},"acf":{"scheda_tecnica":"https:\/\/gemm.datipro.it\/k-one-pdf-datasheet\/fr\/04610024","depliant":"","struttura_info":"construction en acier inox","tipologia_piano":"sans plan","tipo_di_refrigerazione_info":"refroidissement positif de +90 \u00b0C \u00e0 +3 \u00b0C en 90 minutes et refroidissement n\u00e9gatif de +90 \u00b0C \u00e0 -18 \u00b0C en 240 minutes. Temp\u00e9rature minimale de l'air atteinte : -40 \u00b0C.","elettronica_info":"panneau de contr\u00f4le tactile 2.8'', affichage digit","sbrinamento_info":"d\u00e9givrage automatique avec gaz chaud","evaporazione_acqua_di_condensa_info":"bassin manuel \u00e9vaporation condensation","allestimenti_a_richiesta":"","dotazione_info":"structure porte-plateaux, pas 67 mm","esclusioni_info":"plateaux\/grilles","gas_info":"R290","tensione_info":"3x400V\/50Hz"},"yoast_head":"<!-- This site is optimized with the Yoast SEO plugin v27.4 - https:\/\/yoast.com\/product\/yoast-seo-wordpress\/ -->\n<title>KBF\/15 - K-One<\/title>\n<meta name=\"robots\" content=\"index, follow, max-snippet:-1, max-image-preview:large, max-video-preview:-1\" \/>\n<link rel=\"canonical\" href=\"https:\/\/www.konerefrigeration.com\/fr\/produit\/kbf15\/\" \/>\n<meta property=\"og:locale\" content=\"fr_FR\" \/>\n<meta property=\"og:type\" content=\"article\" \/>\n<meta property=\"og:title\" content=\"KBF\/15 - K-One\" \/>\n<meta property=\"og:description\" content=\"REFROIDISSEUR RAPIDE 15 PLATEAUX GN 1\/1 \/ 600&#215;400 &#8211; Cong\u00e9lateur rapide permettant d&rsquo;abaisser rapidement la temp\u00e9rature \u00e0 c\u0153ur des aliments : refroidissement de +90 \u00b0C \u00e0 +3 \u00b0C en 90 minutes et cong\u00e9lation de +90 \u00b0C \u00e0 -18 \u00b0C en 240 minutes. Temp\u00e9rature minimale de l&rsquo;air : -40 \u00b0C.\" \/>\n<meta property=\"og:url\" content=\"https:\/\/www.konerefrigeration.com\/fr\/produit\/kbf15\/\" \/>\n<meta property=\"og:site_name\" content=\"K-One\" \/>\n<meta property=\"article:modified_time\" content=\"2026-05-06T13:24:09+00:00\" \/>\n<meta property=\"og:image\" content=\"https:\/\/www.konerefrigeration.com\/wp-content\/uploads\/2026\/04\/KBF_15-scaled.png\" \/>\n\t<meta property=\"og:image:width\" content=\"2560\" \/>\n\t<meta property=\"og:image:height\" content=\"2560\" \/>\n\t<meta property=\"og:image:type\" content=\"image\/png\" \/>\n<meta name=\"twitter:card\" content=\"summary_large_image\" \/>\n<script type=\"application\/ld+json\" class=\"yoast-schema-graph\">{\"@context\":\"https:\\\/\\\/schema.org\",\"@graph\":[{\"@type\":\"WebPage\",\"@id\":\"https:\\\/\\\/www.konerefrigeration.com\\\/fr\\\/produit\\\/kbf15\\\/\",\"url\":\"https:\\\/\\\/www.konerefrigeration.com\\\/fr\\\/produit\\\/kbf15\\\/\",\"name\":\"KBF\\\/15 - K-One\",\"isPartOf\":{\"@id\":\"https:\\\/\\\/www.konerefrigeration.com\\\/fr\\\/#website\"},\"primaryImageOfPage\":{\"@id\":\"https:\\\/\\\/www.konerefrigeration.com\\\/fr\\\/produit\\\/kbf15\\\/#primaryimage\"},\"image\":{\"@id\":\"https:\\\/\\\/www.konerefrigeration.com\\\/fr\\\/produit\\\/kbf15\\\/#primaryimage\"},\"thumbnailUrl\":\"https:\\\/\\\/www.konerefrigeration.com\\\/wp-content\\\/uploads\\\/2026\\\/04\\\/KBF_15-scaled.png\",\"datePublished\":\"2023-06-15T10:43:42+00:00\",\"dateModified\":\"2026-05-06T13:24:09+00:00\",\"breadcrumb\":{\"@id\":\"https:\\\/\\\/www.konerefrigeration.com\\\/fr\\\/produit\\\/kbf15\\\/#breadcrumb\"},\"inLanguage\":\"fr-FR\",\"potentialAction\":[{\"@type\":\"ReadAction\",\"target\":[\"https:\\\/\\\/www.konerefrigeration.com\\\/fr\\\/produit\\\/kbf15\\\/\"]}]},{\"@type\":\"ImageObject\",\"inLanguage\":\"fr-FR\",\"@id\":\"https:\\\/\\\/www.konerefrigeration.com\\\/fr\\\/produit\\\/kbf15\\\/#primaryimage\",\"url\":\"https:\\\/\\\/www.konerefrigeration.com\\\/wp-content\\\/uploads\\\/2026\\\/04\\\/KBF_15-scaled.png\",\"contentUrl\":\"https:\\\/\\\/www.konerefrigeration.com\\\/wp-content\\\/uploads\\\/2026\\\/04\\\/KBF_15-scaled.png\",\"width\":2560,\"height\":2560},{\"@type\":\"BreadcrumbList\",\"@id\":\"https:\\\/\\\/www.konerefrigeration.com\\\/fr\\\/produit\\\/kbf15\\\/#breadcrumb\",\"itemListElement\":[{\"@type\":\"ListItem\",\"position\":1,\"name\":\"Home\",\"item\":\"https:\\\/\\\/www.konerefrigeration.com\\\/fr\\\/\"},{\"@type\":\"ListItem\",\"position\":2,\"name\":\"Produits\",\"item\":\"https:\\\/\\\/www.konerefrigeration.com\\\/fr\\\/produits\\\/\"},{\"@type\":\"ListItem\",\"position\":3,\"name\":\"Cellules de refroidissement rapide\",\"item\":\"https:\\\/\\\/www.konerefrigeration.com\\\/fr\\\/categorie-produit\\\/cellules-de-refroidissement-rapide\\\/\"},{\"@type\":\"ListItem\",\"position\":4,\"name\":\"KBF\\\/15\"}]},{\"@type\":\"WebSite\",\"@id\":\"https:\\\/\\\/www.konerefrigeration.com\\\/fr\\\/#website\",\"url\":\"https:\\\/\\\/www.konerefrigeration.com\\\/fr\\\/\",\"name\":\"K-One\",\"description\":\"Sistemi refrigerati professionali di alta qualit\u00e0\",\"potentialAction\":[{\"@type\":\"SearchAction\",\"target\":{\"@type\":\"EntryPoint\",\"urlTemplate\":\"https:\\\/\\\/www.konerefrigeration.com\\\/fr\\\/?s={search_term_string}\"},\"query-input\":{\"@type\":\"PropertyValueSpecification\",\"valueRequired\":true,\"valueName\":\"search_term_string\"}}],\"inLanguage\":\"fr-FR\"}]}<\/script>\n<!-- \/ Yoast SEO plugin. -->","yoast_head_json":{"title":"KBF\/15 - K-One","robots":{"index":"index","follow":"follow","max-snippet":"max-snippet:-1","max-image-preview":"max-image-preview:large","max-video-preview":"max-video-preview:-1"},"canonical":"https:\/\/www.konerefrigeration.com\/fr\/produit\/kbf15\/","og_locale":"fr_FR","og_type":"article","og_title":"KBF\/15 - K-One","og_description":"REFROIDISSEUR RAPIDE 15 PLATEAUX GN 1\/1 \/ 600&#215;400 &#8211; Cong\u00e9lateur rapide permettant d&rsquo;abaisser rapidement la temp\u00e9rature \u00e0 c\u0153ur des aliments : refroidissement de +90 \u00b0C \u00e0 +3 \u00b0C en 90 minutes et cong\u00e9lation de +90 \u00b0C \u00e0 -18 \u00b0C en 240 minutes. Temp\u00e9rature minimale de l&rsquo;air : -40 \u00b0C.","og_url":"https:\/\/www.konerefrigeration.com\/fr\/produit\/kbf15\/","og_site_name":"K-One","article_modified_time":"2026-05-06T13:24:09+00:00","og_image":[{"width":2560,"height":2560,"url":"https:\/\/www.konerefrigeration.com\/wp-content\/uploads\/2026\/04\/KBF_15-scaled.png","type":"image\/png"}],"twitter_card":"summary_large_image","schema":{"@context":"https:\/\/schema.org","@graph":[{"@type":"WebPage","@id":"https:\/\/www.konerefrigeration.com\/fr\/produit\/kbf15\/","url":"https:\/\/www.konerefrigeration.com\/fr\/produit\/kbf15\/","name":"KBF\/15 - K-One","isPartOf":{"@id":"https:\/\/www.konerefrigeration.com\/fr\/#website"},"primaryImageOfPage":{"@id":"https:\/\/www.konerefrigeration.com\/fr\/produit\/kbf15\/#primaryimage"},"image":{"@id":"https:\/\/www.konerefrigeration.com\/fr\/produit\/kbf15\/#primaryimage"},"thumbnailUrl":"https:\/\/www.konerefrigeration.com\/wp-content\/uploads\/2026\/04\/KBF_15-scaled.png","datePublished":"2023-06-15T10:43:42+00:00","dateModified":"2026-05-06T13:24:09+00:00","breadcrumb":{"@id":"https:\/\/www.konerefrigeration.com\/fr\/produit\/kbf15\/#breadcrumb"},"inLanguage":"fr-FR","potentialAction":[{"@type":"ReadAction","target":["https:\/\/www.konerefrigeration.com\/fr\/produit\/kbf15\/"]}]},{"@type":"ImageObject","inLanguage":"fr-FR","@id":"https:\/\/www.konerefrigeration.com\/fr\/produit\/kbf15\/#primaryimage","url":"https:\/\/www.konerefrigeration.com\/wp-content\/uploads\/2026\/04\/KBF_15-scaled.png","contentUrl":"https:\/\/www.konerefrigeration.com\/wp-content\/uploads\/2026\/04\/KBF_15-scaled.png","width":2560,"height":2560},{"@type":"BreadcrumbList","@id":"https:\/\/www.konerefrigeration.com\/fr\/produit\/kbf15\/#breadcrumb","itemListElement":[{"@type":"ListItem","position":1,"name":"Home","item":"https:\/\/www.konerefrigeration.com\/fr\/"},{"@type":"ListItem","position":2,"name":"Produits","item":"https:\/\/www.konerefrigeration.com\/fr\/produits\/"},{"@type":"ListItem","position":3,"name":"Cellules de refroidissement rapide","item":"https:\/\/www.konerefrigeration.com\/fr\/categorie-produit\/cellules-de-refroidissement-rapide\/"},{"@type":"ListItem","position":4,"name":"KBF\/15"}]},{"@type":"WebSite","@id":"https:\/\/www.konerefrigeration.com\/fr\/#website","url":"https:\/\/www.konerefrigeration.com\/fr\/","name":"K-One","description":"Sistemi refrigerati professionali di alta qualit\u00e0","potentialAction":[{"@type":"SearchAction","target":{"@type":"EntryPoint","urlTemplate":"https:\/\/www.konerefrigeration.com\/fr\/?s={search_term_string}"},"query-input":{"@type":"PropertyValueSpecification","valueRequired":true,"valueName":"search_term_string"}}],"inLanguage":"fr-FR"}]}},"_links":{"self":[{"href":"https:\/\/www.konerefrigeration.com\/fr\/wp-json\/wp\/v2\/product\/34658","targetHints":{"allow":["GET"]}}],"collection":[{"href":"https:\/\/www.konerefrigeration.com\/fr\/wp-json\/wp\/v2\/product"}],"about":[{"href":"https:\/\/www.konerefrigeration.com\/fr\/wp-json\/wp\/v2\/types\/product"}],"replies":[{"embeddable":true,"href":"https:\/\/www.konerefrigeration.com\/fr\/wp-json\/wp\/v2\/comments?post=34658"}],"version-history":[{"count":1,"href":"https:\/\/www.konerefrigeration.com\/fr\/wp-json\/wp\/v2\/product\/34658\/revisions"}],"predecessor-version":[{"id":38563,"href":"https:\/\/www.konerefrigeration.com\/fr\/wp-json\/wp\/v2\/product\/34658\/revisions\/38563"}],"wp:featuredmedia":[{"embeddable":true,"href":"https:\/\/www.konerefrigeration.com\/fr\/wp-json\/wp\/v2\/media\/37680"}],"wp:attachment":[{"href":"https:\/\/www.konerefrigeration.com\/fr\/wp-json\/wp\/v2\/media?parent=34658"}],"wp:term":[{"taxonomy":"product_brand","embeddable":true,"href":"https:\/\/www.konerefrigeration.com\/fr\/wp-json\/wp\/v2\/product_brand?post=34658"},{"taxonomy":"product_cat","embeddable":true,"href":"https:\/\/www.konerefrigeration.com\/fr\/wp-json\/wp\/v2\/product_cat?post=34658"},{"taxonomy":"product_tag","embeddable":true,"href":"https:\/\/www.konerefrigeration.com\/fr\/wp-json\/wp\/v2\/product_tag?post=34658"}],"curies":[{"name":"wp","href":"https:\/\/api.w.org\/{rel}","templated":true}]}}