{"id":34749,"date":"2023-06-15T12:41:30","date_gmt":"2023-06-15T10:41:30","guid":{"rendered":"https:\/\/staging.konerefrigeration.com\/prodotto\/kpc21\/"},"modified":"2026-05-05T15:24:51","modified_gmt":"2026-05-05T13:24:51","slug":"kpc21","status":"publish","type":"product","link":"https:\/\/www.konerefrigeration.com\/fr\/produit\/kpc21\/","title":{"rendered":"KPC\/21"},"content":{"rendered":"<p>TABLE \u00c0 PIZZA EN \u2013 Table \u00e0 pizza compos\u00e9e d\u2019un base r\u00e9frig\u00e9r\u00e9 3 portes, d\u2019un tiroir neutre au dessus du moteur, d\u2019un plan de travail en granit fleuri rose sarde avec dosseret et d\u2019une vitrine r\u00e9frig\u00e9r\u00e9e pour bacs GN avec verre droit<\/p>\n","protected":false},"excerpt":{"rendered":"<p>TABLE \u00c0 PIZZA EN \u2013 Table \u00e0 pizza compos\u00e9e d\u2019un base r\u00e9frig\u00e9r\u00e9 3 portes, d\u2019un tiroir neutre au dessus du moteur, d\u2019un plan de travail en granit fleuri rose sarde avec dosseret et d\u2019une vitrine r\u00e9frig\u00e9r\u00e9e pour bacs GN avec verre droit<\/p>\n","protected":false},"featured_media":38134,"comment_status":"closed","ping_status":"closed","template":"","meta":{"_acf_changed":false},"product_brand":[],"product_cat":[700],"product_tag":[644],"class_list":{"0":"post-34749","1":"product","2":"type-product","3":"status-publish","4":"has-post-thumbnail","6":"product_cat-tables-refrigerees-pour-pizza","7":"product_tag-pizzeria-fr-2","8":"pa_capacita-600x400","9":"pa_capacita-l-1572","10":"pa_porte-1556","11":"pa_profondita-depth-820","12":"pa_temperatura-2-8c","13":"pa_unita-condensatrice-groupe-de-condensation-plug-in","14":"pa_versione-710-h","16":"first","17":"instock","18":"product-type-simple"},"acf":{"scheda_tecnica":"https:\/\/gemm.datipro.it\/k-one-pdf-datasheet\/fr\/02800450","depliant":"","struttura_info":"r\u00e9alis\u00e9 en acier inoxydable","tipologia_piano":"\"sardininan\" granite","tipo_di_refrigerazione_info":"Syst\u00e8me de r\u00e9frig\u00e9ration HSS (syst\u00e8me statique assist\u00e9)","elettronica_info":"digital touch display","sbrinamento_info":"syst\u00e8me de d\u00e9givrage automatique avec r\u00e9sistances","evaporazione_acqua_di_condensa_info":"\u00e9limination automatique de l\u2019eau de condensation","allestimenti_a_richiesta":"","dotazione_info":"6 bacs \u00e0 pizza 60\u00d740 cm<br \/>2 paires de glissi\u00e8res par porte<br \/>1 grille 60\u00d740 cm par porte","esclusioni_info":"bacs GN non inclus","gas_info":"R290","tensione_info":"1x230V\/50Hz"},"yoast_head":"<!-- This site is optimized with the Yoast SEO plugin v27.4 - https:\/\/yoast.com\/product\/yoast-seo-wordpress\/ -->\n<title>KPC\/21 - K-One<\/title>\n<meta name=\"robots\" content=\"index, follow, max-snippet:-1, max-image-preview:large, max-video-preview:-1\" \/>\n<link rel=\"canonical\" href=\"https:\/\/www.konerefrigeration.com\/fr\/produit\/kpc21\/\" \/>\n<meta property=\"og:locale\" content=\"fr_FR\" \/>\n<meta property=\"og:type\" content=\"article\" \/>\n<meta property=\"og:title\" content=\"KPC\/21 - K-One\" \/>\n<meta property=\"og:description\" content=\"TABLE \u00c0 PIZZA EN \u2013 Table \u00e0 pizza compos\u00e9e d\u2019un base r\u00e9frig\u00e9r\u00e9 3 portes, d\u2019un tiroir neutre au dessus du moteur, d\u2019un plan de travail en granit fleuri rose sarde avec dosseret et d\u2019une vitrine r\u00e9frig\u00e9r\u00e9e pour bacs GN avec verre droit\" \/>\n<meta property=\"og:url\" content=\"https:\/\/www.konerefrigeration.com\/fr\/produit\/kpc21\/\" \/>\n<meta property=\"og:site_name\" content=\"K-One\" \/>\n<meta property=\"article:modified_time\" content=\"2026-05-05T13:24:51+00:00\" \/>\n<meta property=\"og:image\" content=\"https:\/\/www.konerefrigeration.com\/wp-content\/uploads\/2026\/04\/KPC_21.jpg\" \/>\n\t<meta property=\"og:image:width\" content=\"650\" \/>\n\t<meta property=\"og:image:height\" content=\"650\" \/>\n\t<meta property=\"og:image:type\" content=\"image\/jpeg\" \/>\n<meta name=\"twitter:card\" content=\"summary_large_image\" \/>\n<script type=\"application\/ld+json\" class=\"yoast-schema-graph\">{\"@context\":\"https:\\\/\\\/schema.org\",\"@graph\":[{\"@type\":\"WebPage\",\"@id\":\"https:\\\/\\\/www.konerefrigeration.com\\\/fr\\\/produit\\\/kpc21\\\/\",\"url\":\"https:\\\/\\\/www.konerefrigeration.com\\\/fr\\\/produit\\\/kpc21\\\/\",\"name\":\"KPC\\\/21 - K-One\",\"isPartOf\":{\"@id\":\"https:\\\/\\\/www.konerefrigeration.com\\\/fr\\\/#website\"},\"primaryImageOfPage\":{\"@id\":\"https:\\\/\\\/www.konerefrigeration.com\\\/fr\\\/produit\\\/kpc21\\\/#primaryimage\"},\"image\":{\"@id\":\"https:\\\/\\\/www.konerefrigeration.com\\\/fr\\\/produit\\\/kpc21\\\/#primaryimage\"},\"thumbnailUrl\":\"https:\\\/\\\/www.konerefrigeration.com\\\/wp-content\\\/uploads\\\/2026\\\/04\\\/KPC_21.jpg\",\"datePublished\":\"2023-06-15T10:41:30+00:00\",\"dateModified\":\"2026-05-05T13:24:51+00:00\",\"breadcrumb\":{\"@id\":\"https:\\\/\\\/www.konerefrigeration.com\\\/fr\\\/produit\\\/kpc21\\\/#breadcrumb\"},\"inLanguage\":\"fr-FR\",\"potentialAction\":[{\"@type\":\"ReadAction\",\"target\":[\"https:\\\/\\\/www.konerefrigeration.com\\\/fr\\\/produit\\\/kpc21\\\/\"]}]},{\"@type\":\"ImageObject\",\"inLanguage\":\"fr-FR\",\"@id\":\"https:\\\/\\\/www.konerefrigeration.com\\\/fr\\\/produit\\\/kpc21\\\/#primaryimage\",\"url\":\"https:\\\/\\\/www.konerefrigeration.com\\\/wp-content\\\/uploads\\\/2026\\\/04\\\/KPC_21.jpg\",\"contentUrl\":\"https:\\\/\\\/www.konerefrigeration.com\\\/wp-content\\\/uploads\\\/2026\\\/04\\\/KPC_21.jpg\",\"width\":650,\"height\":650},{\"@type\":\"BreadcrumbList\",\"@id\":\"https:\\\/\\\/www.konerefrigeration.com\\\/fr\\\/produit\\\/kpc21\\\/#breadcrumb\",\"itemListElement\":[{\"@type\":\"ListItem\",\"position\":1,\"name\":\"Home\",\"item\":\"https:\\\/\\\/www.konerefrigeration.com\\\/fr\\\/\"},{\"@type\":\"ListItem\",\"position\":2,\"name\":\"Produits\",\"item\":\"https:\\\/\\\/www.konerefrigeration.com\\\/fr\\\/produits\\\/\"},{\"@type\":\"ListItem\",\"position\":3,\"name\":\"Tables r\u00e9frig\u00e9r\u00e9es pour pizza\",\"item\":\"https:\\\/\\\/www.konerefrigeration.com\\\/fr\\\/categorie-produit\\\/tables-refrigerees-pour-pizza\\\/\"},{\"@type\":\"ListItem\",\"position\":4,\"name\":\"KPC\\\/21\"}]},{\"@type\":\"WebSite\",\"@id\":\"https:\\\/\\\/www.konerefrigeration.com\\\/fr\\\/#website\",\"url\":\"https:\\\/\\\/www.konerefrigeration.com\\\/fr\\\/\",\"name\":\"K-One\",\"description\":\"Sistemi refrigerati professionali di alta qualit\u00e0\",\"potentialAction\":[{\"@type\":\"SearchAction\",\"target\":{\"@type\":\"EntryPoint\",\"urlTemplate\":\"https:\\\/\\\/www.konerefrigeration.com\\\/fr\\\/?s={search_term_string}\"},\"query-input\":{\"@type\":\"PropertyValueSpecification\",\"valueRequired\":true,\"valueName\":\"search_term_string\"}}],\"inLanguage\":\"fr-FR\"}]}<\/script>\n<!-- \/ Yoast SEO plugin. -->","yoast_head_json":{"title":"KPC\/21 - K-One","robots":{"index":"index","follow":"follow","max-snippet":"max-snippet:-1","max-image-preview":"max-image-preview:large","max-video-preview":"max-video-preview:-1"},"canonical":"https:\/\/www.konerefrigeration.com\/fr\/produit\/kpc21\/","og_locale":"fr_FR","og_type":"article","og_title":"KPC\/21 - K-One","og_description":"TABLE \u00c0 PIZZA EN \u2013 Table \u00e0 pizza compos\u00e9e d\u2019un base r\u00e9frig\u00e9r\u00e9 3 portes, d\u2019un tiroir neutre au dessus du moteur, d\u2019un plan de travail en granit fleuri rose sarde avec dosseret et d\u2019une vitrine r\u00e9frig\u00e9r\u00e9e pour bacs GN avec verre droit","og_url":"https:\/\/www.konerefrigeration.com\/fr\/produit\/kpc21\/","og_site_name":"K-One","article_modified_time":"2026-05-05T13:24:51+00:00","og_image":[{"width":650,"height":650,"url":"https:\/\/www.konerefrigeration.com\/wp-content\/uploads\/2026\/04\/KPC_21.jpg","type":"image\/jpeg"}],"twitter_card":"summary_large_image","schema":{"@context":"https:\/\/schema.org","@graph":[{"@type":"WebPage","@id":"https:\/\/www.konerefrigeration.com\/fr\/produit\/kpc21\/","url":"https:\/\/www.konerefrigeration.com\/fr\/produit\/kpc21\/","name":"KPC\/21 - K-One","isPartOf":{"@id":"https:\/\/www.konerefrigeration.com\/fr\/#website"},"primaryImageOfPage":{"@id":"https:\/\/www.konerefrigeration.com\/fr\/produit\/kpc21\/#primaryimage"},"image":{"@id":"https:\/\/www.konerefrigeration.com\/fr\/produit\/kpc21\/#primaryimage"},"thumbnailUrl":"https:\/\/www.konerefrigeration.com\/wp-content\/uploads\/2026\/04\/KPC_21.jpg","datePublished":"2023-06-15T10:41:30+00:00","dateModified":"2026-05-05T13:24:51+00:00","breadcrumb":{"@id":"https:\/\/www.konerefrigeration.com\/fr\/produit\/kpc21\/#breadcrumb"},"inLanguage":"fr-FR","potentialAction":[{"@type":"ReadAction","target":["https:\/\/www.konerefrigeration.com\/fr\/produit\/kpc21\/"]}]},{"@type":"ImageObject","inLanguage":"fr-FR","@id":"https:\/\/www.konerefrigeration.com\/fr\/produit\/kpc21\/#primaryimage","url":"https:\/\/www.konerefrigeration.com\/wp-content\/uploads\/2026\/04\/KPC_21.jpg","contentUrl":"https:\/\/www.konerefrigeration.com\/wp-content\/uploads\/2026\/04\/KPC_21.jpg","width":650,"height":650},{"@type":"BreadcrumbList","@id":"https:\/\/www.konerefrigeration.com\/fr\/produit\/kpc21\/#breadcrumb","itemListElement":[{"@type":"ListItem","position":1,"name":"Home","item":"https:\/\/www.konerefrigeration.com\/fr\/"},{"@type":"ListItem","position":2,"name":"Produits","item":"https:\/\/www.konerefrigeration.com\/fr\/produits\/"},{"@type":"ListItem","position":3,"name":"Tables r\u00e9frig\u00e9r\u00e9es pour pizza","item":"https:\/\/www.konerefrigeration.com\/fr\/categorie-produit\/tables-refrigerees-pour-pizza\/"},{"@type":"ListItem","position":4,"name":"KPC\/21"}]},{"@type":"WebSite","@id":"https:\/\/www.konerefrigeration.com\/fr\/#website","url":"https:\/\/www.konerefrigeration.com\/fr\/","name":"K-One","description":"Sistemi refrigerati professionali di alta qualit\u00e0","potentialAction":[{"@type":"SearchAction","target":{"@type":"EntryPoint","urlTemplate":"https:\/\/www.konerefrigeration.com\/fr\/?s={search_term_string}"},"query-input":{"@type":"PropertyValueSpecification","valueRequired":true,"valueName":"search_term_string"}}],"inLanguage":"fr-FR"}]}},"_links":{"self":[{"href":"https:\/\/www.konerefrigeration.com\/fr\/wp-json\/wp\/v2\/product\/34749","targetHints":{"allow":["GET"]}}],"collection":[{"href":"https:\/\/www.konerefrigeration.com\/fr\/wp-json\/wp\/v2\/product"}],"about":[{"href":"https:\/\/www.konerefrigeration.com\/fr\/wp-json\/wp\/v2\/types\/product"}],"replies":[{"embeddable":true,"href":"https:\/\/www.konerefrigeration.com\/fr\/wp-json\/wp\/v2\/comments?post=34749"}],"version-history":[{"count":1,"href":"https:\/\/www.konerefrigeration.com\/fr\/wp-json\/wp\/v2\/product\/34749\/revisions"}],"predecessor-version":[{"id":38150,"href":"https:\/\/www.konerefrigeration.com\/fr\/wp-json\/wp\/v2\/product\/34749\/revisions\/38150"}],"wp:featuredmedia":[{"embeddable":true,"href":"https:\/\/www.konerefrigeration.com\/fr\/wp-json\/wp\/v2\/media\/38134"}],"wp:attachment":[{"href":"https:\/\/www.konerefrigeration.com\/fr\/wp-json\/wp\/v2\/media?parent=34749"}],"wp:term":[{"taxonomy":"product_brand","embeddable":true,"href":"https:\/\/www.konerefrigeration.com\/fr\/wp-json\/wp\/v2\/product_brand?post=34749"},{"taxonomy":"product_cat","embeddable":true,"href":"https:\/\/www.konerefrigeration.com\/fr\/wp-json\/wp\/v2\/product_cat?post=34749"},{"taxonomy":"product_tag","embeddable":true,"href":"https:\/\/www.konerefrigeration.com\/fr\/wp-json\/wp\/v2\/product_tag?post=34749"}],"curies":[{"name":"wp","href":"https:\/\/api.w.org\/{rel}","templated":true}]}}