{"id":34755,"date":"2023-06-15T12:41:30","date_gmt":"2023-06-15T10:41:30","guid":{"rendered":"https:\/\/staging.konerefrigeration.com\/prodotto\/kdc18d\/"},"modified":"2026-05-06T14:27:17","modified_gmt":"2026-05-06T12:27:17","slug":"kdc18d","status":"publish","type":"product","link":"https:\/\/www.konerefrigeration.com\/fr\/produit\/kdc18d\/","title":{"rendered":"KDC\/18D"},"content":{"rendered":"<p>VITRINE R\u00c9FRIG\u00c9R\u00c9E PORTE-BACS GN 1\/1 &#8211; Vitrine r\u00e9frig\u00e9r\u00e9e GN 1\/1 avec groupe de condensation int\u00e9gr\u00e9 \u00e0 droite, avec \u00e9tag\u00e8re en verre droit (bacs GN non inclus).<\/p>\n","protected":false},"excerpt":{"rendered":"<p>VITRINE R\u00c9FRIG\u00c9R\u00c9E PORTE-BACS GN 1\/1 &#8211; Vitrine r\u00e9frig\u00e9r\u00e9e GN 1\/1 avec groupe de condensation int\u00e9gr\u00e9 \u00e0 droite, avec \u00e9tag\u00e8re en verre droit (bacs GN non inclus).<\/p>\n","protected":false},"featured_media":34103,"comment_status":"closed","ping_status":"closed","template":"","meta":{"_acf_changed":false},"product_brand":[],"product_cat":[700],"product_tag":[644],"class_list":{"0":"post-34755","1":"product","2":"type-product","3":"status-publish","4":"has-post-thumbnail","6":"product_cat-tables-refrigerees-pour-pizza","7":"product_tag-pizzeria-fr-2","8":"pa_capacita-gn","9":"pa_temperatura-2-8c","10":"pa_unita-condensatrice-a-bord","12":"first","13":"instock","14":"product-type-simple"},"acf":{"scheda_tecnica":"https:\/\/gemm.datipro.it\/k-one-pdf-datasheet\/fr\/02801231","depliant":"","struttura_info":"construction en acier inox","tipologia_piano":"","tipo_di_refrigerazione_info":"r\u00e9frig\u00e9ration statique","elettronica_info":"panneau de contr\u00f4le tactile 2.2'', affichage digit","sbrinamento_info":"D\u00e9givrage automatique \u00e0 l'arr\u00eat","evaporazione_acqua_di_condensa_info":"","allestimenti_a_richiesta":"","dotazione_info":"","esclusioni_info":"bacs GN","gas_info":"R290","tensione_info":"1x230V\/50Hz"},"yoast_head":"<!-- This site is optimized with the Yoast SEO plugin v27.4 - https:\/\/yoast.com\/product\/yoast-seo-wordpress\/ -->\n<title>KDC\/18D - K-One<\/title>\n<meta name=\"robots\" content=\"index, follow, max-snippet:-1, max-image-preview:large, max-video-preview:-1\" \/>\n<link rel=\"canonical\" href=\"https:\/\/www.konerefrigeration.com\/fr\/produit\/kdc18d\/\" \/>\n<meta property=\"og:locale\" content=\"fr_FR\" \/>\n<meta property=\"og:type\" content=\"article\" \/>\n<meta property=\"og:title\" content=\"KDC\/18D - K-One\" \/>\n<meta property=\"og:description\" content=\"VITRINE R\u00c9FRIG\u00c9R\u00c9E PORTE-BACS GN 1\/1 &#8211; Vitrine r\u00e9frig\u00e9r\u00e9e GN 1\/1 avec groupe de condensation int\u00e9gr\u00e9 \u00e0 droite, avec \u00e9tag\u00e8re en verre droit (bacs GN non inclus).\" \/>\n<meta property=\"og:url\" content=\"https:\/\/www.konerefrigeration.com\/fr\/produit\/kdc18d\/\" \/>\n<meta property=\"og:site_name\" content=\"K-One\" \/>\n<meta property=\"article:modified_time\" content=\"2026-05-06T12:27:17+00:00\" \/>\n<meta property=\"og:image\" content=\"https:\/\/www.konerefrigeration.com\/wp-content\/uploads\/2023\/06\/KDC_18D.jpg\" \/>\n\t<meta property=\"og:image:width\" content=\"650\" \/>\n\t<meta property=\"og:image:height\" content=\"650\" \/>\n\t<meta property=\"og:image:type\" content=\"image\/jpeg\" \/>\n<meta name=\"twitter:card\" content=\"summary_large_image\" \/>\n<script type=\"application\/ld+json\" class=\"yoast-schema-graph\">{\"@context\":\"https:\\\/\\\/schema.org\",\"@graph\":[{\"@type\":\"WebPage\",\"@id\":\"https:\\\/\\\/www.konerefrigeration.com\\\/fr\\\/produit\\\/kdc18d\\\/\",\"url\":\"https:\\\/\\\/www.konerefrigeration.com\\\/fr\\\/produit\\\/kdc18d\\\/\",\"name\":\"KDC\\\/18D - K-One\",\"isPartOf\":{\"@id\":\"https:\\\/\\\/www.konerefrigeration.com\\\/fr\\\/#website\"},\"primaryImageOfPage\":{\"@id\":\"https:\\\/\\\/www.konerefrigeration.com\\\/fr\\\/produit\\\/kdc18d\\\/#primaryimage\"},\"image\":{\"@id\":\"https:\\\/\\\/www.konerefrigeration.com\\\/fr\\\/produit\\\/kdc18d\\\/#primaryimage\"},\"thumbnailUrl\":\"https:\\\/\\\/www.konerefrigeration.com\\\/wp-content\\\/uploads\\\/2023\\\/06\\\/KDC_18D.jpg\",\"datePublished\":\"2023-06-15T10:41:30+00:00\",\"dateModified\":\"2026-05-06T12:27:17+00:00\",\"breadcrumb\":{\"@id\":\"https:\\\/\\\/www.konerefrigeration.com\\\/fr\\\/produit\\\/kdc18d\\\/#breadcrumb\"},\"inLanguage\":\"fr-FR\",\"potentialAction\":[{\"@type\":\"ReadAction\",\"target\":[\"https:\\\/\\\/www.konerefrigeration.com\\\/fr\\\/produit\\\/kdc18d\\\/\"]}]},{\"@type\":\"ImageObject\",\"inLanguage\":\"fr-FR\",\"@id\":\"https:\\\/\\\/www.konerefrigeration.com\\\/fr\\\/produit\\\/kdc18d\\\/#primaryimage\",\"url\":\"https:\\\/\\\/www.konerefrigeration.com\\\/wp-content\\\/uploads\\\/2023\\\/06\\\/KDC_18D.jpg\",\"contentUrl\":\"https:\\\/\\\/www.konerefrigeration.com\\\/wp-content\\\/uploads\\\/2023\\\/06\\\/KDC_18D.jpg\",\"width\":650,\"height\":650},{\"@type\":\"BreadcrumbList\",\"@id\":\"https:\\\/\\\/www.konerefrigeration.com\\\/fr\\\/produit\\\/kdc18d\\\/#breadcrumb\",\"itemListElement\":[{\"@type\":\"ListItem\",\"position\":1,\"name\":\"Home\",\"item\":\"https:\\\/\\\/www.konerefrigeration.com\\\/fr\\\/\"},{\"@type\":\"ListItem\",\"position\":2,\"name\":\"Produits\",\"item\":\"https:\\\/\\\/www.konerefrigeration.com\\\/fr\\\/produits\\\/\"},{\"@type\":\"ListItem\",\"position\":3,\"name\":\"Tables r\u00e9frig\u00e9r\u00e9es pour pizza\",\"item\":\"https:\\\/\\\/www.konerefrigeration.com\\\/fr\\\/categorie-produit\\\/tables-refrigerees-pour-pizza\\\/\"},{\"@type\":\"ListItem\",\"position\":4,\"name\":\"KDC\\\/18D\"}]},{\"@type\":\"WebSite\",\"@id\":\"https:\\\/\\\/www.konerefrigeration.com\\\/fr\\\/#website\",\"url\":\"https:\\\/\\\/www.konerefrigeration.com\\\/fr\\\/\",\"name\":\"K-One\",\"description\":\"Sistemi refrigerati professionali di alta qualit\u00e0\",\"potentialAction\":[{\"@type\":\"SearchAction\",\"target\":{\"@type\":\"EntryPoint\",\"urlTemplate\":\"https:\\\/\\\/www.konerefrigeration.com\\\/fr\\\/?s={search_term_string}\"},\"query-input\":{\"@type\":\"PropertyValueSpecification\",\"valueRequired\":true,\"valueName\":\"search_term_string\"}}],\"inLanguage\":\"fr-FR\"}]}<\/script>\n<!-- \/ Yoast SEO plugin. -->","yoast_head_json":{"title":"KDC\/18D - K-One","robots":{"index":"index","follow":"follow","max-snippet":"max-snippet:-1","max-image-preview":"max-image-preview:large","max-video-preview":"max-video-preview:-1"},"canonical":"https:\/\/www.konerefrigeration.com\/fr\/produit\/kdc18d\/","og_locale":"fr_FR","og_type":"article","og_title":"KDC\/18D - K-One","og_description":"VITRINE R\u00c9FRIG\u00c9R\u00c9E PORTE-BACS GN 1\/1 &#8211; Vitrine r\u00e9frig\u00e9r\u00e9e GN 1\/1 avec groupe de condensation int\u00e9gr\u00e9 \u00e0 droite, avec \u00e9tag\u00e8re en verre droit (bacs GN non inclus).","og_url":"https:\/\/www.konerefrigeration.com\/fr\/produit\/kdc18d\/","og_site_name":"K-One","article_modified_time":"2026-05-06T12:27:17+00:00","og_image":[{"width":650,"height":650,"url":"https:\/\/www.konerefrigeration.com\/wp-content\/uploads\/2023\/06\/KDC_18D.jpg","type":"image\/jpeg"}],"twitter_card":"summary_large_image","schema":{"@context":"https:\/\/schema.org","@graph":[{"@type":"WebPage","@id":"https:\/\/www.konerefrigeration.com\/fr\/produit\/kdc18d\/","url":"https:\/\/www.konerefrigeration.com\/fr\/produit\/kdc18d\/","name":"KDC\/18D - K-One","isPartOf":{"@id":"https:\/\/www.konerefrigeration.com\/fr\/#website"},"primaryImageOfPage":{"@id":"https:\/\/www.konerefrigeration.com\/fr\/produit\/kdc18d\/#primaryimage"},"image":{"@id":"https:\/\/www.konerefrigeration.com\/fr\/produit\/kdc18d\/#primaryimage"},"thumbnailUrl":"https:\/\/www.konerefrigeration.com\/wp-content\/uploads\/2023\/06\/KDC_18D.jpg","datePublished":"2023-06-15T10:41:30+00:00","dateModified":"2026-05-06T12:27:17+00:00","breadcrumb":{"@id":"https:\/\/www.konerefrigeration.com\/fr\/produit\/kdc18d\/#breadcrumb"},"inLanguage":"fr-FR","potentialAction":[{"@type":"ReadAction","target":["https:\/\/www.konerefrigeration.com\/fr\/produit\/kdc18d\/"]}]},{"@type":"ImageObject","inLanguage":"fr-FR","@id":"https:\/\/www.konerefrigeration.com\/fr\/produit\/kdc18d\/#primaryimage","url":"https:\/\/www.konerefrigeration.com\/wp-content\/uploads\/2023\/06\/KDC_18D.jpg","contentUrl":"https:\/\/www.konerefrigeration.com\/wp-content\/uploads\/2023\/06\/KDC_18D.jpg","width":650,"height":650},{"@type":"BreadcrumbList","@id":"https:\/\/www.konerefrigeration.com\/fr\/produit\/kdc18d\/#breadcrumb","itemListElement":[{"@type":"ListItem","position":1,"name":"Home","item":"https:\/\/www.konerefrigeration.com\/fr\/"},{"@type":"ListItem","position":2,"name":"Produits","item":"https:\/\/www.konerefrigeration.com\/fr\/produits\/"},{"@type":"ListItem","position":3,"name":"Tables r\u00e9frig\u00e9r\u00e9es pour pizza","item":"https:\/\/www.konerefrigeration.com\/fr\/categorie-produit\/tables-refrigerees-pour-pizza\/"},{"@type":"ListItem","position":4,"name":"KDC\/18D"}]},{"@type":"WebSite","@id":"https:\/\/www.konerefrigeration.com\/fr\/#website","url":"https:\/\/www.konerefrigeration.com\/fr\/","name":"K-One","description":"Sistemi refrigerati professionali di alta qualit\u00e0","potentialAction":[{"@type":"SearchAction","target":{"@type":"EntryPoint","urlTemplate":"https:\/\/www.konerefrigeration.com\/fr\/?s={search_term_string}"},"query-input":{"@type":"PropertyValueSpecification","valueRequired":true,"valueName":"search_term_string"}}],"inLanguage":"fr-FR"}]}},"_links":{"self":[{"href":"https:\/\/www.konerefrigeration.com\/fr\/wp-json\/wp\/v2\/product\/34755","targetHints":{"allow":["GET"]}}],"collection":[{"href":"https:\/\/www.konerefrigeration.com\/fr\/wp-json\/wp\/v2\/product"}],"about":[{"href":"https:\/\/www.konerefrigeration.com\/fr\/wp-json\/wp\/v2\/types\/product"}],"replies":[{"embeddable":true,"href":"https:\/\/www.konerefrigeration.com\/fr\/wp-json\/wp\/v2\/comments?post=34755"}],"version-history":[{"count":1,"href":"https:\/\/www.konerefrigeration.com\/fr\/wp-json\/wp\/v2\/product\/34755\/revisions"}],"predecessor-version":[{"id":38530,"href":"https:\/\/www.konerefrigeration.com\/fr\/wp-json\/wp\/v2\/product\/34755\/revisions\/38530"}],"wp:featuredmedia":[{"embeddable":true,"href":"https:\/\/www.konerefrigeration.com\/fr\/wp-json\/wp\/v2\/media\/34103"}],"wp:attachment":[{"href":"https:\/\/www.konerefrigeration.com\/fr\/wp-json\/wp\/v2\/media?parent=34755"}],"wp:term":[{"taxonomy":"product_brand","embeddable":true,"href":"https:\/\/www.konerefrigeration.com\/fr\/wp-json\/wp\/v2\/product_brand?post=34755"},{"taxonomy":"product_cat","embeddable":true,"href":"https:\/\/www.konerefrigeration.com\/fr\/wp-json\/wp\/v2\/product_cat?post=34755"},{"taxonomy":"product_tag","embeddable":true,"href":"https:\/\/www.konerefrigeration.com\/fr\/wp-json\/wp\/v2\/product_tag?post=34755"}],"curies":[{"name":"wp","href":"https:\/\/api.w.org\/{rel}","templated":true}]}}