{"id":34762,"date":"2023-06-15T12:41:30","date_gmt":"2023-06-15T10:41:30","guid":{"rendered":"https:\/\/staging.konerefrigeration.com\/prodotto\/ktp6d03\/"},"modified":"2026-05-05T16:16:33","modified_gmt":"2026-05-05T14:16:33","slug":"ktp6d03","status":"publish","type":"product","link":"https:\/\/www.konerefrigeration.com\/fr\/produit\/ktp6d03\/","title":{"rendered":"KTP6D\/03"},"content":{"rendered":"<p>TABLE R\u00c9FRIG\u00c9R\u00c9E &#8211; Table r\u00e9friger\u00e9e de 600 mm de profondeur, 3 portes, plan de travail standard en acier inoxydable<\/p>\n","protected":false},"excerpt":{"rendered":"<p>TABLE R\u00c9FRIG\u00c9R\u00c9E &#8211; Table r\u00e9friger\u00e9e de 600 mm de profondeur, 3 portes, plan de travail standard en acier inoxydable<\/p>\n","protected":false},"featured_media":37321,"comment_status":"closed","ping_status":"open","template":"","meta":{"_acf_changed":false},"product_brand":[],"product_cat":[704],"product_tag":[612],"class_list":{"0":"post-34762","1":"product","2":"type-product","3":"status-publish","4":"has-post-thumbnail","6":"product_cat-bases-et-tables-refrigerees","7":"product_tag-restauration","8":"pa_capacita-325x430","9":"pa_capacita-l-1580","10":"pa_porte-1556","11":"pa_profondita-1540","12":"pa_temperatura-2-8c-2","13":"pa_unita-condensatrice-a-bord","14":"pa_versione-665-h-corps","16":"first","17":"instock","18":"product-type-simple"},"acf":{"scheda_tecnica":"https:\/\/gemm.datipro.it\/k-one-pdf-datasheet\/fr\/04201437","depliant":"","struttura_info":"construction en acier inox","tipologia_piano":"lisse","tipo_di_refrigerazione_info":"r\u00e9frig\u00e9ration ventil\u00e9e","elettronica_info":"panneau de contr\u00f4le tactile 2.8'', affichage digit","sbrinamento_info":"d\u00e9givrage automatique par r\u00e9sistances \u00e9lectriques","evaporazione_acqua_di_condensa_info":"\u00e9limination automatique de l'eau de condensation","allestimenti_a_richiesta":"caisson avec 2 tiroirs 1\/2","dotazione_info":"5 grille 325x430 par porte","esclusioni_info":"","gas_info":"R290","tensione_info":"1x230V\/50Hz"},"yoast_head":"<!-- This site is optimized with the Yoast SEO plugin v27.4 - https:\/\/yoast.com\/product\/yoast-seo-wordpress\/ -->\n<title>KTP6D\/03 - K-One<\/title>\n<meta name=\"robots\" content=\"index, follow, max-snippet:-1, max-image-preview:large, max-video-preview:-1\" \/>\n<link rel=\"canonical\" href=\"https:\/\/www.konerefrigeration.com\/fr\/produit\/ktp6d03\/\" \/>\n<meta property=\"og:locale\" content=\"fr_FR\" \/>\n<meta property=\"og:type\" content=\"article\" \/>\n<meta property=\"og:title\" content=\"KTP6D\/03 - K-One\" \/>\n<meta property=\"og:description\" content=\"TABLE R\u00c9FRIG\u00c9R\u00c9E &#8211; Table r\u00e9friger\u00e9e de 600 mm de profondeur, 3 portes, plan de travail standard en acier inoxydable\" \/>\n<meta property=\"og:url\" content=\"https:\/\/www.konerefrigeration.com\/fr\/produit\/ktp6d03\/\" \/>\n<meta property=\"og:site_name\" content=\"K-One\" \/>\n<meta property=\"article:modified_time\" content=\"2026-05-05T14:16:33+00:00\" \/>\n<meta property=\"og:image\" content=\"https:\/\/www.konerefrigeration.com\/wp-content\/uploads\/2026\/04\/KTP7D_03-scaled.png\" \/>\n\t<meta property=\"og:image:width\" content=\"2560\" \/>\n\t<meta property=\"og:image:height\" content=\"2560\" \/>\n\t<meta property=\"og:image:type\" content=\"image\/png\" \/>\n<meta name=\"twitter:card\" content=\"summary_large_image\" \/>\n<script type=\"application\/ld+json\" class=\"yoast-schema-graph\">{\"@context\":\"https:\\\/\\\/schema.org\",\"@graph\":[{\"@type\":\"WebPage\",\"@id\":\"https:\\\/\\\/www.konerefrigeration.com\\\/fr\\\/produit\\\/ktp6d03\\\/\",\"url\":\"https:\\\/\\\/www.konerefrigeration.com\\\/fr\\\/produit\\\/ktp6d03\\\/\",\"name\":\"KTP6D\\\/03 - K-One\",\"isPartOf\":{\"@id\":\"https:\\\/\\\/www.konerefrigeration.com\\\/fr\\\/#website\"},\"primaryImageOfPage\":{\"@id\":\"https:\\\/\\\/www.konerefrigeration.com\\\/fr\\\/produit\\\/ktp6d03\\\/#primaryimage\"},\"image\":{\"@id\":\"https:\\\/\\\/www.konerefrigeration.com\\\/fr\\\/produit\\\/ktp6d03\\\/#primaryimage\"},\"thumbnailUrl\":\"https:\\\/\\\/www.konerefrigeration.com\\\/wp-content\\\/uploads\\\/2026\\\/04\\\/KTP7D_03-scaled.png\",\"datePublished\":\"2023-06-15T10:41:30+00:00\",\"dateModified\":\"2026-05-05T14:16:33+00:00\",\"breadcrumb\":{\"@id\":\"https:\\\/\\\/www.konerefrigeration.com\\\/fr\\\/produit\\\/ktp6d03\\\/#breadcrumb\"},\"inLanguage\":\"fr-FR\",\"potentialAction\":[{\"@type\":\"ReadAction\",\"target\":[\"https:\\\/\\\/www.konerefrigeration.com\\\/fr\\\/produit\\\/ktp6d03\\\/\"]}]},{\"@type\":\"ImageObject\",\"inLanguage\":\"fr-FR\",\"@id\":\"https:\\\/\\\/www.konerefrigeration.com\\\/fr\\\/produit\\\/ktp6d03\\\/#primaryimage\",\"url\":\"https:\\\/\\\/www.konerefrigeration.com\\\/wp-content\\\/uploads\\\/2026\\\/04\\\/KTP7D_03-scaled.png\",\"contentUrl\":\"https:\\\/\\\/www.konerefrigeration.com\\\/wp-content\\\/uploads\\\/2026\\\/04\\\/KTP7D_03-scaled.png\",\"width\":2560,\"height\":2560},{\"@type\":\"BreadcrumbList\",\"@id\":\"https:\\\/\\\/www.konerefrigeration.com\\\/fr\\\/produit\\\/ktp6d03\\\/#breadcrumb\",\"itemListElement\":[{\"@type\":\"ListItem\",\"position\":1,\"name\":\"Home\",\"item\":\"https:\\\/\\\/www.konerefrigeration.com\\\/fr\\\/\"},{\"@type\":\"ListItem\",\"position\":2,\"name\":\"Produits\",\"item\":\"https:\\\/\\\/www.konerefrigeration.com\\\/fr\\\/produits\\\/\"},{\"@type\":\"ListItem\",\"position\":3,\"name\":\"Bases et tables r\u00e9frig\u00e9r\u00e9es\",\"item\":\"https:\\\/\\\/www.konerefrigeration.com\\\/fr\\\/categorie-produit\\\/bases-et-tables-refrigerees\\\/\"},{\"@type\":\"ListItem\",\"position\":4,\"name\":\"KTP6D\\\/03\"}]},{\"@type\":\"WebSite\",\"@id\":\"https:\\\/\\\/www.konerefrigeration.com\\\/fr\\\/#website\",\"url\":\"https:\\\/\\\/www.konerefrigeration.com\\\/fr\\\/\",\"name\":\"K-One\",\"description\":\"Sistemi refrigerati professionali di alta qualit\u00e0\",\"potentialAction\":[{\"@type\":\"SearchAction\",\"target\":{\"@type\":\"EntryPoint\",\"urlTemplate\":\"https:\\\/\\\/www.konerefrigeration.com\\\/fr\\\/?s={search_term_string}\"},\"query-input\":{\"@type\":\"PropertyValueSpecification\",\"valueRequired\":true,\"valueName\":\"search_term_string\"}}],\"inLanguage\":\"fr-FR\"}]}<\/script>\n<!-- \/ Yoast SEO plugin. -->","yoast_head_json":{"title":"KTP6D\/03 - K-One","robots":{"index":"index","follow":"follow","max-snippet":"max-snippet:-1","max-image-preview":"max-image-preview:large","max-video-preview":"max-video-preview:-1"},"canonical":"https:\/\/www.konerefrigeration.com\/fr\/produit\/ktp6d03\/","og_locale":"fr_FR","og_type":"article","og_title":"KTP6D\/03 - K-One","og_description":"TABLE R\u00c9FRIG\u00c9R\u00c9E &#8211; Table r\u00e9friger\u00e9e de 600 mm de profondeur, 3 portes, plan de travail standard en acier inoxydable","og_url":"https:\/\/www.konerefrigeration.com\/fr\/produit\/ktp6d03\/","og_site_name":"K-One","article_modified_time":"2026-05-05T14:16:33+00:00","og_image":[{"width":2560,"height":2560,"url":"https:\/\/www.konerefrigeration.com\/wp-content\/uploads\/2026\/04\/KTP7D_03-scaled.png","type":"image\/png"}],"twitter_card":"summary_large_image","schema":{"@context":"https:\/\/schema.org","@graph":[{"@type":"WebPage","@id":"https:\/\/www.konerefrigeration.com\/fr\/produit\/ktp6d03\/","url":"https:\/\/www.konerefrigeration.com\/fr\/produit\/ktp6d03\/","name":"KTP6D\/03 - K-One","isPartOf":{"@id":"https:\/\/www.konerefrigeration.com\/fr\/#website"},"primaryImageOfPage":{"@id":"https:\/\/www.konerefrigeration.com\/fr\/produit\/ktp6d03\/#primaryimage"},"image":{"@id":"https:\/\/www.konerefrigeration.com\/fr\/produit\/ktp6d03\/#primaryimage"},"thumbnailUrl":"https:\/\/www.konerefrigeration.com\/wp-content\/uploads\/2026\/04\/KTP7D_03-scaled.png","datePublished":"2023-06-15T10:41:30+00:00","dateModified":"2026-05-05T14:16:33+00:00","breadcrumb":{"@id":"https:\/\/www.konerefrigeration.com\/fr\/produit\/ktp6d03\/#breadcrumb"},"inLanguage":"fr-FR","potentialAction":[{"@type":"ReadAction","target":["https:\/\/www.konerefrigeration.com\/fr\/produit\/ktp6d03\/"]}]},{"@type":"ImageObject","inLanguage":"fr-FR","@id":"https:\/\/www.konerefrigeration.com\/fr\/produit\/ktp6d03\/#primaryimage","url":"https:\/\/www.konerefrigeration.com\/wp-content\/uploads\/2026\/04\/KTP7D_03-scaled.png","contentUrl":"https:\/\/www.konerefrigeration.com\/wp-content\/uploads\/2026\/04\/KTP7D_03-scaled.png","width":2560,"height":2560},{"@type":"BreadcrumbList","@id":"https:\/\/www.konerefrigeration.com\/fr\/produit\/ktp6d03\/#breadcrumb","itemListElement":[{"@type":"ListItem","position":1,"name":"Home","item":"https:\/\/www.konerefrigeration.com\/fr\/"},{"@type":"ListItem","position":2,"name":"Produits","item":"https:\/\/www.konerefrigeration.com\/fr\/produits\/"},{"@type":"ListItem","position":3,"name":"Bases et tables r\u00e9frig\u00e9r\u00e9es","item":"https:\/\/www.konerefrigeration.com\/fr\/categorie-produit\/bases-et-tables-refrigerees\/"},{"@type":"ListItem","position":4,"name":"KTP6D\/03"}]},{"@type":"WebSite","@id":"https:\/\/www.konerefrigeration.com\/fr\/#website","url":"https:\/\/www.konerefrigeration.com\/fr\/","name":"K-One","description":"Sistemi refrigerati professionali di alta qualit\u00e0","potentialAction":[{"@type":"SearchAction","target":{"@type":"EntryPoint","urlTemplate":"https:\/\/www.konerefrigeration.com\/fr\/?s={search_term_string}"},"query-input":{"@type":"PropertyValueSpecification","valueRequired":true,"valueName":"search_term_string"}}],"inLanguage":"fr-FR"}]}},"_links":{"self":[{"href":"https:\/\/www.konerefrigeration.com\/fr\/wp-json\/wp\/v2\/product\/34762","targetHints":{"allow":["GET"]}}],"collection":[{"href":"https:\/\/www.konerefrigeration.com\/fr\/wp-json\/wp\/v2\/product"}],"about":[{"href":"https:\/\/www.konerefrigeration.com\/fr\/wp-json\/wp\/v2\/types\/product"}],"replies":[{"embeddable":true,"href":"https:\/\/www.konerefrigeration.com\/fr\/wp-json\/wp\/v2\/comments?post=34762"}],"version-history":[{"count":1,"href":"https:\/\/www.konerefrigeration.com\/fr\/wp-json\/wp\/v2\/product\/34762\/revisions"}],"predecessor-version":[{"id":38189,"href":"https:\/\/www.konerefrigeration.com\/fr\/wp-json\/wp\/v2\/product\/34762\/revisions\/38189"}],"wp:featuredmedia":[{"embeddable":true,"href":"https:\/\/www.konerefrigeration.com\/fr\/wp-json\/wp\/v2\/media\/37321"}],"wp:attachment":[{"href":"https:\/\/www.konerefrigeration.com\/fr\/wp-json\/wp\/v2\/media?parent=34762"}],"wp:term":[{"taxonomy":"product_brand","embeddable":true,"href":"https:\/\/www.konerefrigeration.com\/fr\/wp-json\/wp\/v2\/product_brand?post=34762"},{"taxonomy":"product_cat","embeddable":true,"href":"https:\/\/www.konerefrigeration.com\/fr\/wp-json\/wp\/v2\/product_cat?post=34762"},{"taxonomy":"product_tag","embeddable":true,"href":"https:\/\/www.konerefrigeration.com\/fr\/wp-json\/wp\/v2\/product_tag?post=34762"}],"curies":[{"name":"wp","href":"https:\/\/api.w.org\/{rel}","templated":true}]}}