{"id":35134,"date":"2023-08-30T08:58:09","date_gmt":"2023-08-30T06:58:09","guid":{"rendered":"https:\/\/www.konerefrigeration.com\/?post_type=product&#038;p=35134"},"modified":"2026-05-06T16:42:24","modified_gmt":"2026-05-06T14:42:24","slug":"kln-02","status":"publish","type":"product","link":"https:\/\/www.konerefrigeration.com\/fr\/produit\/kln-02\/","title":{"rendered":"KLN\/02"},"content":{"rendered":"<p>BASE CONG\u00c9LATEUR GN 1\/1 POUR PLAQUES DE CUISSON PROFONDEUR 650\/700 &#8211; Base cong\u00e9lateur snack 2 portes.<\/p>\n","protected":false},"excerpt":{"rendered":"<p>BASE CONG\u00c9LATEUR GN 1\/1 POUR PLAQUES DE CUISSON PROFONDEUR 650\/700 &#8211; Base cong\u00e9lateur snack 2 portes.<\/p>\n","protected":false},"featured_media":37700,"comment_status":"closed","ping_status":"closed","template":"","meta":{"_acf_changed":false},"product_brand":[],"product_cat":[704],"product_tag":[612],"class_list":{"0":"post-35134","1":"product","2":"type-product","3":"status-publish","4":"has-post-thumbnail","6":"product_cat-bases-et-tables-refrigerees","7":"product_tag-restauration","8":"pa_capacita-gn-1-1","9":"pa_capacita-l-1664","10":"pa_porte-1552","11":"pa_temperatura-15-20c","12":"pa_unita-condensatrice-a-bord","13":"pa_versione-480-h-corps","15":"first","16":"instock","17":"product-type-simple"},"acf":{"scheda_tecnica":"https:\/\/gemm.datipro.it\/k-one-pdf-datasheet\/fr\/04102762","depliant":"","struttura_info":"construction en acier inox","tipologia_piano":"sans plan","tipo_di_refrigerazione_info":"r\u00e9frig\u00e9ration ventil\u00e9e","elettronica_info":"panneau de contr\u00f4le tactile 2.2'', affichage digit","sbrinamento_info":"d\u00e9givrage automatique par r\u00e9sistances \u00e9lectriques","evaporazione_acqua_di_condensa_info":"\u00e9limination automatique de l'eau de condensation","allestimenti_a_richiesta":"caissons","dotazione_info":"1 grille GN 1\/1 par porte","esclusioni_info":"","gas_info":"R290","tensione_info":"1x230V\/50Hz"},"yoast_head":"<!-- This site is optimized with the Yoast SEO plugin v27.4 - https:\/\/yoast.com\/product\/yoast-seo-wordpress\/ -->\n<title>KLN\/02 - K-One<\/title>\n<meta name=\"robots\" content=\"index, follow, max-snippet:-1, max-image-preview:large, max-video-preview:-1\" \/>\n<link rel=\"canonical\" href=\"https:\/\/www.konerefrigeration.com\/fr\/produit\/kln-02\/\" \/>\n<meta property=\"og:locale\" content=\"fr_FR\" \/>\n<meta property=\"og:type\" content=\"article\" \/>\n<meta property=\"og:title\" content=\"KLN\/02 - K-One\" \/>\n<meta property=\"og:description\" content=\"BASE CONG\u00c9LATEUR GN 1\/1 POUR PLAQUES DE CUISSON PROFONDEUR 650\/700 &#8211; Base cong\u00e9lateur snack 2 portes.\" \/>\n<meta property=\"og:url\" content=\"https:\/\/www.konerefrigeration.com\/fr\/produit\/kln-02\/\" \/>\n<meta property=\"og:site_name\" content=\"K-One\" \/>\n<meta property=\"article:modified_time\" content=\"2026-05-06T14:42:24+00:00\" \/>\n<meta property=\"og:image\" content=\"https:\/\/www.konerefrigeration.com\/wp-content\/uploads\/2026\/04\/KLP_02-1-scaled.jpg\" \/>\n\t<meta property=\"og:image:width\" content=\"2560\" \/>\n\t<meta property=\"og:image:height\" content=\"2560\" \/>\n\t<meta property=\"og:image:type\" content=\"image\/jpeg\" \/>\n<meta name=\"twitter:card\" content=\"summary_large_image\" \/>\n<meta name=\"twitter:label1\" content=\"Dur\u00e9e de lecture estim\u00e9e\" \/>\n\t<meta name=\"twitter:data1\" content=\"1 minute\" \/>\n<script type=\"application\/ld+json\" class=\"yoast-schema-graph\">{\"@context\":\"https:\\\/\\\/schema.org\",\"@graph\":[{\"@type\":\"WebPage\",\"@id\":\"https:\\\/\\\/www.konerefrigeration.com\\\/fr\\\/produit\\\/kln-02\\\/\",\"url\":\"https:\\\/\\\/www.konerefrigeration.com\\\/fr\\\/produit\\\/kln-02\\\/\",\"name\":\"KLN\\\/02 - K-One\",\"isPartOf\":{\"@id\":\"https:\\\/\\\/www.konerefrigeration.com\\\/fr\\\/#website\"},\"primaryImageOfPage\":{\"@id\":\"https:\\\/\\\/www.konerefrigeration.com\\\/fr\\\/produit\\\/kln-02\\\/#primaryimage\"},\"image\":{\"@id\":\"https:\\\/\\\/www.konerefrigeration.com\\\/fr\\\/produit\\\/kln-02\\\/#primaryimage\"},\"thumbnailUrl\":\"https:\\\/\\\/www.konerefrigeration.com\\\/wp-content\\\/uploads\\\/2026\\\/04\\\/KLP_02-1-scaled.jpg\",\"datePublished\":\"2023-08-30T06:58:09+00:00\",\"dateModified\":\"2026-05-06T14:42:24+00:00\",\"breadcrumb\":{\"@id\":\"https:\\\/\\\/www.konerefrigeration.com\\\/fr\\\/produit\\\/kln-02\\\/#breadcrumb\"},\"inLanguage\":\"fr-FR\",\"potentialAction\":[{\"@type\":\"ReadAction\",\"target\":[\"https:\\\/\\\/www.konerefrigeration.com\\\/fr\\\/produit\\\/kln-02\\\/\"]}]},{\"@type\":\"ImageObject\",\"inLanguage\":\"fr-FR\",\"@id\":\"https:\\\/\\\/www.konerefrigeration.com\\\/fr\\\/produit\\\/kln-02\\\/#primaryimage\",\"url\":\"https:\\\/\\\/www.konerefrigeration.com\\\/wp-content\\\/uploads\\\/2026\\\/04\\\/KLP_02-1-scaled.jpg\",\"contentUrl\":\"https:\\\/\\\/www.konerefrigeration.com\\\/wp-content\\\/uploads\\\/2026\\\/04\\\/KLP_02-1-scaled.jpg\",\"width\":2560,\"height\":2560},{\"@type\":\"BreadcrumbList\",\"@id\":\"https:\\\/\\\/www.konerefrigeration.com\\\/fr\\\/produit\\\/kln-02\\\/#breadcrumb\",\"itemListElement\":[{\"@type\":\"ListItem\",\"position\":1,\"name\":\"Home\",\"item\":\"https:\\\/\\\/www.konerefrigeration.com\\\/fr\\\/\"},{\"@type\":\"ListItem\",\"position\":2,\"name\":\"Produits\",\"item\":\"https:\\\/\\\/www.konerefrigeration.com\\\/fr\\\/produits\\\/\"},{\"@type\":\"ListItem\",\"position\":3,\"name\":\"Bases et tables r\u00e9frig\u00e9r\u00e9es\",\"item\":\"https:\\\/\\\/www.konerefrigeration.com\\\/fr\\\/categorie-produit\\\/bases-et-tables-refrigerees\\\/\"},{\"@type\":\"ListItem\",\"position\":4,\"name\":\"KLN\\\/02\"}]},{\"@type\":\"WebSite\",\"@id\":\"https:\\\/\\\/www.konerefrigeration.com\\\/fr\\\/#website\",\"url\":\"https:\\\/\\\/www.konerefrigeration.com\\\/fr\\\/\",\"name\":\"K-One\",\"description\":\"Sistemi refrigerati professionali di alta qualit\u00e0\",\"potentialAction\":[{\"@type\":\"SearchAction\",\"target\":{\"@type\":\"EntryPoint\",\"urlTemplate\":\"https:\\\/\\\/www.konerefrigeration.com\\\/fr\\\/?s={search_term_string}\"},\"query-input\":{\"@type\":\"PropertyValueSpecification\",\"valueRequired\":true,\"valueName\":\"search_term_string\"}}],\"inLanguage\":\"fr-FR\"}]}<\/script>\n<!-- \/ Yoast SEO plugin. -->","yoast_head_json":{"title":"KLN\/02 - K-One","robots":{"index":"index","follow":"follow","max-snippet":"max-snippet:-1","max-image-preview":"max-image-preview:large","max-video-preview":"max-video-preview:-1"},"canonical":"https:\/\/www.konerefrigeration.com\/fr\/produit\/kln-02\/","og_locale":"fr_FR","og_type":"article","og_title":"KLN\/02 - K-One","og_description":"BASE CONG\u00c9LATEUR GN 1\/1 POUR PLAQUES DE CUISSON PROFONDEUR 650\/700 &#8211; Base cong\u00e9lateur snack 2 portes.","og_url":"https:\/\/www.konerefrigeration.com\/fr\/produit\/kln-02\/","og_site_name":"K-One","article_modified_time":"2026-05-06T14:42:24+00:00","og_image":[{"width":2560,"height":2560,"url":"https:\/\/www.konerefrigeration.com\/wp-content\/uploads\/2026\/04\/KLP_02-1-scaled.jpg","type":"image\/jpeg"}],"twitter_card":"summary_large_image","twitter_misc":{"Dur\u00e9e de lecture estim\u00e9e":"1 minute"},"schema":{"@context":"https:\/\/schema.org","@graph":[{"@type":"WebPage","@id":"https:\/\/www.konerefrigeration.com\/fr\/produit\/kln-02\/","url":"https:\/\/www.konerefrigeration.com\/fr\/produit\/kln-02\/","name":"KLN\/02 - K-One","isPartOf":{"@id":"https:\/\/www.konerefrigeration.com\/fr\/#website"},"primaryImageOfPage":{"@id":"https:\/\/www.konerefrigeration.com\/fr\/produit\/kln-02\/#primaryimage"},"image":{"@id":"https:\/\/www.konerefrigeration.com\/fr\/produit\/kln-02\/#primaryimage"},"thumbnailUrl":"https:\/\/www.konerefrigeration.com\/wp-content\/uploads\/2026\/04\/KLP_02-1-scaled.jpg","datePublished":"2023-08-30T06:58:09+00:00","dateModified":"2026-05-06T14:42:24+00:00","breadcrumb":{"@id":"https:\/\/www.konerefrigeration.com\/fr\/produit\/kln-02\/#breadcrumb"},"inLanguage":"fr-FR","potentialAction":[{"@type":"ReadAction","target":["https:\/\/www.konerefrigeration.com\/fr\/produit\/kln-02\/"]}]},{"@type":"ImageObject","inLanguage":"fr-FR","@id":"https:\/\/www.konerefrigeration.com\/fr\/produit\/kln-02\/#primaryimage","url":"https:\/\/www.konerefrigeration.com\/wp-content\/uploads\/2026\/04\/KLP_02-1-scaled.jpg","contentUrl":"https:\/\/www.konerefrigeration.com\/wp-content\/uploads\/2026\/04\/KLP_02-1-scaled.jpg","width":2560,"height":2560},{"@type":"BreadcrumbList","@id":"https:\/\/www.konerefrigeration.com\/fr\/produit\/kln-02\/#breadcrumb","itemListElement":[{"@type":"ListItem","position":1,"name":"Home","item":"https:\/\/www.konerefrigeration.com\/fr\/"},{"@type":"ListItem","position":2,"name":"Produits","item":"https:\/\/www.konerefrigeration.com\/fr\/produits\/"},{"@type":"ListItem","position":3,"name":"Bases et tables r\u00e9frig\u00e9r\u00e9es","item":"https:\/\/www.konerefrigeration.com\/fr\/categorie-produit\/bases-et-tables-refrigerees\/"},{"@type":"ListItem","position":4,"name":"KLN\/02"}]},{"@type":"WebSite","@id":"https:\/\/www.konerefrigeration.com\/fr\/#website","url":"https:\/\/www.konerefrigeration.com\/fr\/","name":"K-One","description":"Sistemi refrigerati professionali di alta qualit\u00e0","potentialAction":[{"@type":"SearchAction","target":{"@type":"EntryPoint","urlTemplate":"https:\/\/www.konerefrigeration.com\/fr\/?s={search_term_string}"},"query-input":{"@type":"PropertyValueSpecification","valueRequired":true,"valueName":"search_term_string"}}],"inLanguage":"fr-FR"}]}},"_links":{"self":[{"href":"https:\/\/www.konerefrigeration.com\/fr\/wp-json\/wp\/v2\/product\/35134","targetHints":{"allow":["GET"]}}],"collection":[{"href":"https:\/\/www.konerefrigeration.com\/fr\/wp-json\/wp\/v2\/product"}],"about":[{"href":"https:\/\/www.konerefrigeration.com\/fr\/wp-json\/wp\/v2\/types\/product"}],"replies":[{"embeddable":true,"href":"https:\/\/www.konerefrigeration.com\/fr\/wp-json\/wp\/v2\/comments?post=35134"}],"version-history":[{"count":1,"href":"https:\/\/www.konerefrigeration.com\/fr\/wp-json\/wp\/v2\/product\/35134\/revisions"}],"predecessor-version":[{"id":38600,"href":"https:\/\/www.konerefrigeration.com\/fr\/wp-json\/wp\/v2\/product\/35134\/revisions\/38600"}],"wp:featuredmedia":[{"embeddable":true,"href":"https:\/\/www.konerefrigeration.com\/fr\/wp-json\/wp\/v2\/media\/37700"}],"wp:attachment":[{"href":"https:\/\/www.konerefrigeration.com\/fr\/wp-json\/wp\/v2\/media?parent=35134"}],"wp:term":[{"taxonomy":"product_brand","embeddable":true,"href":"https:\/\/www.konerefrigeration.com\/fr\/wp-json\/wp\/v2\/product_brand?post=35134"},{"taxonomy":"product_cat","embeddable":true,"href":"https:\/\/www.konerefrigeration.com\/fr\/wp-json\/wp\/v2\/product_cat?post=35134"},{"taxonomy":"product_tag","embeddable":true,"href":"https:\/\/www.konerefrigeration.com\/fr\/wp-json\/wp\/v2\/product_tag?post=35134"}],"curies":[{"name":"wp","href":"https:\/\/api.w.org\/{rel}","templated":true}]}}