{"id":35231,"date":"2023-08-30T16:49:30","date_gmt":"2023-08-30T14:49:30","guid":{"rendered":"https:\/\/www.konerefrigeration.com\/?post_type=product&#038;p=35231"},"modified":"2026-05-07T12:21:16","modified_gmt":"2026-05-07T10:21:16","slug":"kcc-4014","status":"publish","type":"product","link":"https:\/\/www.konerefrigeration.com\/fr\/produit\/kcc-4014\/","title":{"rendered":"KCC\/4014"},"content":{"rendered":"<p>REFROIDISSEUR RAPIDE 2 CHARIOTS GN 2\/1 &#8211; 600 x 800 mm &#8211; La gamme K-ONE de refroidisseurs\/cong\u00e9lateurs rapides pour chariots est con\u00e7ue pour r\u00e9pondre aux besoins de refroidissement rapide des laboratoires de moyenne et grande taille, des services de restauration aux ateliers semi-industriels de p\u00e2tisserie et de boulangerie. Refroidissement de +90 \u00b0C \u00e0 +3 \u00b0C en 90 minutes et cong\u00e9lation de +90 \u00b0C \u00e0 -18 \u00b0C en 240 minutes, avec une temp\u00e9rature ambiante minimale de -40 \u00b0C. Panneau de commande tactile 7 pouces avec supervision Wi-Fi \u00e0 distance via le Cloud. Sonde de temp\u00e9rature et port USB de s\u00e9rie.<\/p>\n","protected":false},"excerpt":{"rendered":"<p>REFROIDISSEUR RAPIDE 2 CHARIOTS GN 2\/1 &#8211; 600 x 800 mm &#8211; La gamme K-ONE de refroidisseurs\/cong\u00e9lateurs rapides pour chariots est con\u00e7ue pour r\u00e9pondre aux besoins de refroidissement rapide des laboratoires de moyenne et grande taille, des services de restauration aux ateliers semi-industriels de p\u00e2tisserie et de boulangerie. Refroidissement de +90 \u00b0C \u00e0 +3 \u00b0C [&hellip;]<\/p>\n","protected":false},"featured_media":37712,"comment_status":"closed","ping_status":"closed","template":"","meta":{"_acf_changed":false},"product_brand":[],"product_cat":[698],"product_tag":[596,612,613],"class_list":{"0":"post-35231","1":"product","2":"type-product","3":"status-publish","4":"has-post-thumbnail","6":"product_cat-cellules-de-refroidissement-rapide","7":"product_tag-patisserie","8":"product_tag-restauration","9":"product_tag-glacerie","10":"pa_capacita-1-chariot-gn-2-1-600x800","11":"pa_porte-1564","12":"pa_resa-abbattimento-90-3c-150kg-90-18c-130kg","13":"pa_unita-condensatrice-groupe-de-condensation-a-distance-tuyauterie-exclue","14":"pa_versione-per-carrelli","16":"first","17":"instock","18":"product-type-simple"},"acf":{"scheda_tecnica":"https:\/\/gemm.datipro.it\/k-one-pdf-datasheet\/fr\/04611620","depliant":"","struttura_info":"construction en acier inox","tipologia_piano":"","tipo_di_refrigerazione_info":"refroidissement positif de +90 \u00b0C \u00e0 +3 \u00b0C en 90 minutes et refroidissement n\u00e9gatif de +90 \u00b0C \u00e0 -18 \u00b0C en 240 minutes. Temp\u00e9rature minimale de l'air atteinte : -40 \u00b0C.","elettronica_info":"panneau de commande 7\u2018\u2019 color touch-screen graphic","sbrinamento_info":"d\u00e9givrage automatique avec gaz chaud","evaporazione_acqua_di_condensa_info":"tuyau d'\u00e9vacuation condensation (pr\u00e9voir \u00e9vacuation de l'eau)","allestimenti_a_richiesta":"","dotazione_info":"porte USB, syst\u00e8me supervision Wi-FI","esclusioni_info":"chariot","gas_info":"","tensione_info":"3x400V\/50Hz"},"yoast_head":"<!-- This site is optimized with the Yoast SEO plugin v27.4 - https:\/\/yoast.com\/product\/yoast-seo-wordpress\/ -->\n<title>KCC\/4014 - K-One<\/title>\n<meta name=\"robots\" content=\"index, follow, max-snippet:-1, max-image-preview:large, max-video-preview:-1\" \/>\n<link rel=\"canonical\" href=\"https:\/\/www.konerefrigeration.com\/fr\/produit\/kcc-4014\/\" \/>\n<meta property=\"og:locale\" content=\"fr_FR\" \/>\n<meta property=\"og:type\" content=\"article\" \/>\n<meta property=\"og:title\" content=\"KCC\/4014 - K-One\" \/>\n<meta property=\"og:description\" content=\"REFROIDISSEUR RAPIDE 2 CHARIOTS GN 2\/1 &#8211; 600 x 800 mm &#8211; La gamme K-ONE de refroidisseurs\/cong\u00e9lateurs rapides pour chariots est con\u00e7ue pour r\u00e9pondre aux besoins de refroidissement rapide des laboratoires de moyenne et grande taille, des services de restauration aux ateliers semi-industriels de p\u00e2tisserie et de boulangerie. Refroidissement de +90 \u00b0C \u00e0 +3 \u00b0C [&hellip;]\" \/>\n<meta property=\"og:url\" content=\"https:\/\/www.konerefrigeration.com\/fr\/produit\/kcc-4014\/\" \/>\n<meta property=\"og:site_name\" content=\"K-One\" \/>\n<meta property=\"article:modified_time\" content=\"2026-05-07T10:21:16+00:00\" \/>\n<meta property=\"og:image\" content=\"https:\/\/www.konerefrigeration.com\/wp-content\/uploads\/2026\/04\/KCC_4014_SITO-scaled.png\" \/>\n\t<meta property=\"og:image:width\" content=\"2560\" \/>\n\t<meta property=\"og:image:height\" content=\"2560\" \/>\n\t<meta property=\"og:image:type\" content=\"image\/png\" \/>\n<meta name=\"twitter:card\" content=\"summary_large_image\" \/>\n<meta name=\"twitter:label1\" content=\"Dur\u00e9e de lecture estim\u00e9e\" \/>\n\t<meta name=\"twitter:data1\" content=\"1 minute\" \/>\n<script type=\"application\/ld+json\" class=\"yoast-schema-graph\">{\"@context\":\"https:\\\/\\\/schema.org\",\"@graph\":[{\"@type\":\"WebPage\",\"@id\":\"https:\\\/\\\/www.konerefrigeration.com\\\/fr\\\/produit\\\/kcc-4014\\\/\",\"url\":\"https:\\\/\\\/www.konerefrigeration.com\\\/fr\\\/produit\\\/kcc-4014\\\/\",\"name\":\"KCC\\\/4014 - K-One\",\"isPartOf\":{\"@id\":\"https:\\\/\\\/www.konerefrigeration.com\\\/fr\\\/#website\"},\"primaryImageOfPage\":{\"@id\":\"https:\\\/\\\/www.konerefrigeration.com\\\/fr\\\/produit\\\/kcc-4014\\\/#primaryimage\"},\"image\":{\"@id\":\"https:\\\/\\\/www.konerefrigeration.com\\\/fr\\\/produit\\\/kcc-4014\\\/#primaryimage\"},\"thumbnailUrl\":\"https:\\\/\\\/www.konerefrigeration.com\\\/wp-content\\\/uploads\\\/2026\\\/04\\\/KCC_4014_SITO-scaled.png\",\"datePublished\":\"2023-08-30T14:49:30+00:00\",\"dateModified\":\"2026-05-07T10:21:16+00:00\",\"breadcrumb\":{\"@id\":\"https:\\\/\\\/www.konerefrigeration.com\\\/fr\\\/produit\\\/kcc-4014\\\/#breadcrumb\"},\"inLanguage\":\"fr-FR\",\"potentialAction\":[{\"@type\":\"ReadAction\",\"target\":[\"https:\\\/\\\/www.konerefrigeration.com\\\/fr\\\/produit\\\/kcc-4014\\\/\"]}]},{\"@type\":\"ImageObject\",\"inLanguage\":\"fr-FR\",\"@id\":\"https:\\\/\\\/www.konerefrigeration.com\\\/fr\\\/produit\\\/kcc-4014\\\/#primaryimage\",\"url\":\"https:\\\/\\\/www.konerefrigeration.com\\\/wp-content\\\/uploads\\\/2026\\\/04\\\/KCC_4014_SITO-scaled.png\",\"contentUrl\":\"https:\\\/\\\/www.konerefrigeration.com\\\/wp-content\\\/uploads\\\/2026\\\/04\\\/KCC_4014_SITO-scaled.png\",\"width\":2560,\"height\":2560},{\"@type\":\"BreadcrumbList\",\"@id\":\"https:\\\/\\\/www.konerefrigeration.com\\\/fr\\\/produit\\\/kcc-4014\\\/#breadcrumb\",\"itemListElement\":[{\"@type\":\"ListItem\",\"position\":1,\"name\":\"Home\",\"item\":\"https:\\\/\\\/www.konerefrigeration.com\\\/fr\\\/\"},{\"@type\":\"ListItem\",\"position\":2,\"name\":\"Produits\",\"item\":\"https:\\\/\\\/www.konerefrigeration.com\\\/fr\\\/produits\\\/\"},{\"@type\":\"ListItem\",\"position\":3,\"name\":\"Cellules de refroidissement rapide\",\"item\":\"https:\\\/\\\/www.konerefrigeration.com\\\/fr\\\/categorie-produit\\\/cellules-de-refroidissement-rapide\\\/\"},{\"@type\":\"ListItem\",\"position\":4,\"name\":\"KCC\\\/4014\"}]},{\"@type\":\"WebSite\",\"@id\":\"https:\\\/\\\/www.konerefrigeration.com\\\/fr\\\/#website\",\"url\":\"https:\\\/\\\/www.konerefrigeration.com\\\/fr\\\/\",\"name\":\"K-One\",\"description\":\"Sistemi refrigerati professionali di alta qualit\u00e0\",\"potentialAction\":[{\"@type\":\"SearchAction\",\"target\":{\"@type\":\"EntryPoint\",\"urlTemplate\":\"https:\\\/\\\/www.konerefrigeration.com\\\/fr\\\/?s={search_term_string}\"},\"query-input\":{\"@type\":\"PropertyValueSpecification\",\"valueRequired\":true,\"valueName\":\"search_term_string\"}}],\"inLanguage\":\"fr-FR\"}]}<\/script>\n<!-- \/ Yoast SEO plugin. -->","yoast_head_json":{"title":"KCC\/4014 - K-One","robots":{"index":"index","follow":"follow","max-snippet":"max-snippet:-1","max-image-preview":"max-image-preview:large","max-video-preview":"max-video-preview:-1"},"canonical":"https:\/\/www.konerefrigeration.com\/fr\/produit\/kcc-4014\/","og_locale":"fr_FR","og_type":"article","og_title":"KCC\/4014 - K-One","og_description":"REFROIDISSEUR RAPIDE 2 CHARIOTS GN 2\/1 &#8211; 600 x 800 mm &#8211; La gamme K-ONE de refroidisseurs\/cong\u00e9lateurs rapides pour chariots est con\u00e7ue pour r\u00e9pondre aux besoins de refroidissement rapide des laboratoires de moyenne et grande taille, des services de restauration aux ateliers semi-industriels de p\u00e2tisserie et de boulangerie. Refroidissement de +90 \u00b0C \u00e0 +3 \u00b0C [&hellip;]","og_url":"https:\/\/www.konerefrigeration.com\/fr\/produit\/kcc-4014\/","og_site_name":"K-One","article_modified_time":"2026-05-07T10:21:16+00:00","og_image":[{"width":2560,"height":2560,"url":"https:\/\/www.konerefrigeration.com\/wp-content\/uploads\/2026\/04\/KCC_4014_SITO-scaled.png","type":"image\/png"}],"twitter_card":"summary_large_image","twitter_misc":{"Dur\u00e9e de lecture estim\u00e9e":"1 minute"},"schema":{"@context":"https:\/\/schema.org","@graph":[{"@type":"WebPage","@id":"https:\/\/www.konerefrigeration.com\/fr\/produit\/kcc-4014\/","url":"https:\/\/www.konerefrigeration.com\/fr\/produit\/kcc-4014\/","name":"KCC\/4014 - K-One","isPartOf":{"@id":"https:\/\/www.konerefrigeration.com\/fr\/#website"},"primaryImageOfPage":{"@id":"https:\/\/www.konerefrigeration.com\/fr\/produit\/kcc-4014\/#primaryimage"},"image":{"@id":"https:\/\/www.konerefrigeration.com\/fr\/produit\/kcc-4014\/#primaryimage"},"thumbnailUrl":"https:\/\/www.konerefrigeration.com\/wp-content\/uploads\/2026\/04\/KCC_4014_SITO-scaled.png","datePublished":"2023-08-30T14:49:30+00:00","dateModified":"2026-05-07T10:21:16+00:00","breadcrumb":{"@id":"https:\/\/www.konerefrigeration.com\/fr\/produit\/kcc-4014\/#breadcrumb"},"inLanguage":"fr-FR","potentialAction":[{"@type":"ReadAction","target":["https:\/\/www.konerefrigeration.com\/fr\/produit\/kcc-4014\/"]}]},{"@type":"ImageObject","inLanguage":"fr-FR","@id":"https:\/\/www.konerefrigeration.com\/fr\/produit\/kcc-4014\/#primaryimage","url":"https:\/\/www.konerefrigeration.com\/wp-content\/uploads\/2026\/04\/KCC_4014_SITO-scaled.png","contentUrl":"https:\/\/www.konerefrigeration.com\/wp-content\/uploads\/2026\/04\/KCC_4014_SITO-scaled.png","width":2560,"height":2560},{"@type":"BreadcrumbList","@id":"https:\/\/www.konerefrigeration.com\/fr\/produit\/kcc-4014\/#breadcrumb","itemListElement":[{"@type":"ListItem","position":1,"name":"Home","item":"https:\/\/www.konerefrigeration.com\/fr\/"},{"@type":"ListItem","position":2,"name":"Produits","item":"https:\/\/www.konerefrigeration.com\/fr\/produits\/"},{"@type":"ListItem","position":3,"name":"Cellules de refroidissement rapide","item":"https:\/\/www.konerefrigeration.com\/fr\/categorie-produit\/cellules-de-refroidissement-rapide\/"},{"@type":"ListItem","position":4,"name":"KCC\/4014"}]},{"@type":"WebSite","@id":"https:\/\/www.konerefrigeration.com\/fr\/#website","url":"https:\/\/www.konerefrigeration.com\/fr\/","name":"K-One","description":"Sistemi refrigerati professionali di alta qualit\u00e0","potentialAction":[{"@type":"SearchAction","target":{"@type":"EntryPoint","urlTemplate":"https:\/\/www.konerefrigeration.com\/fr\/?s={search_term_string}"},"query-input":{"@type":"PropertyValueSpecification","valueRequired":true,"valueName":"search_term_string"}}],"inLanguage":"fr-FR"}]}},"_links":{"self":[{"href":"https:\/\/www.konerefrigeration.com\/fr\/wp-json\/wp\/v2\/product\/35231","targetHints":{"allow":["GET"]}}],"collection":[{"href":"https:\/\/www.konerefrigeration.com\/fr\/wp-json\/wp\/v2\/product"}],"about":[{"href":"https:\/\/www.konerefrigeration.com\/fr\/wp-json\/wp\/v2\/types\/product"}],"replies":[{"embeddable":true,"href":"https:\/\/www.konerefrigeration.com\/fr\/wp-json\/wp\/v2\/comments?post=35231"}],"version-history":[{"count":1,"href":"https:\/\/www.konerefrigeration.com\/fr\/wp-json\/wp\/v2\/product\/35231\/revisions"}],"predecessor-version":[{"id":38603,"href":"https:\/\/www.konerefrigeration.com\/fr\/wp-json\/wp\/v2\/product\/35231\/revisions\/38603"}],"wp:featuredmedia":[{"embeddable":true,"href":"https:\/\/www.konerefrigeration.com\/fr\/wp-json\/wp\/v2\/media\/37712"}],"wp:attachment":[{"href":"https:\/\/www.konerefrigeration.com\/fr\/wp-json\/wp\/v2\/media?parent=35231"}],"wp:term":[{"taxonomy":"product_brand","embeddable":true,"href":"https:\/\/www.konerefrigeration.com\/fr\/wp-json\/wp\/v2\/product_brand?post=35231"},{"taxonomy":"product_cat","embeddable":true,"href":"https:\/\/www.konerefrigeration.com\/fr\/wp-json\/wp\/v2\/product_cat?post=35231"},{"taxonomy":"product_tag","embeddable":true,"href":"https:\/\/www.konerefrigeration.com\/fr\/wp-json\/wp\/v2\/product_tag?post=35231"}],"curies":[{"name":"wp","href":"https:\/\/api.w.org\/{rel}","templated":true}]}}